{"id":7143,"date":"2026-03-26T14:45:37","date_gmt":"2026-03-26T17:45:37","guid":{"rendered":"https:\/\/sorvetequente.com.br\/loja\/?post_type=product&#038;p=7143"},"modified":"2026-03-26T14:45:37","modified_gmt":"2026-03-26T17:45:37","slug":"vibrador-de-ponto-g-e-clitoris-c-pulsacao-vai-e-vem-tela-de-lcd","status":"publish","type":"product","link":"https:\/\/sorvetequente.com.br\/loja\/product\/vibrador-de-ponto-g-e-clitoris-c-pulsacao-vai-e-vem-tela-de-lcd\/","title":{"rendered":"Vibrador de Ponto G e Clit\u00f3ris C\/ Pulsa\u00e7\u00e3o Vai e vem Tela de LCD"},"content":{"rendered":"<div class=\"flex items-center gap-2 mb-4 undefined\">\n<h2 class=\"text-2xl font-black text-[26px] text-red-wine\">DESCRI\u00c7\u00c3O<\/h2>\n<\/div>\n<div class=\"text-black [&amp;_a]:text-pink\">\n<p>Descubra uma nova dimens\u00e3o de prazer com o Vibrador de Ponto G e Clit\u00f3ris. Este vibrador foi desenvolvido para proporcionar est\u00edmulos intensos e prazerosos em dois pontos estrat\u00e9gicos, com 7 modos de pulsa\u00e7\u00e3o no clit\u00f3ris, 7 modos de vibra\u00e7\u00e3o e 7 modos de vai e vem.<\/p>\n<p>Para uma experi\u00eancia ainda mais prazerosa, ele possui a fun\u00e7\u00e3o de aquecimento, trazendo uma sensa\u00e7\u00e3o de calor irresist\u00edvel para complementar a estimula\u00e7\u00e3o. Uma tela LCD de f\u00e1cil leitura permite que voc\u00ea visualize os modos e controle com precis\u00e3o como vibra\u00e7\u00f5es e movimentos, criando uma experi\u00eancia personalizada e inesquec\u00edvel.<\/p>\n<p>Seja para estimula\u00e7\u00e3o intensa ou momentos de prazer suave, este vibrador oferece uma variedade de sensa\u00e7\u00f5es novas a cada uso.<\/p>\n<h3><strong>Caracter\u00edsticas do Produto:<\/strong><\/h3>\n<ul>\n<li style=\"list-style-type: none\">\n<ul>\n<li>\u2022 Modos de Est\u00edmulo: 7 modos de pulsa\u00e7\u00e3o no clit\u00f3ris, 7 modos de vibra\u00e7\u00e3o e 7 modos de sobe e desce.<\/li>\n<\/ul>\n<\/li>\n<\/ul>\n<ul>\n<li style=\"list-style-type: none\">\n<ul>\n<li>\u2022 Fun\u00e7\u00e3o de Aquecimento: Trazendo conforto e calor para uma experi\u00eancia mais intensa.<\/li>\n<\/ul>\n<\/li>\n<\/ul>\n<ul>\n<li style=\"list-style-type: none\">\n<ul>\n<li>\u2022 Tela LCD: Para facilitar a visualiza\u00e7\u00e3o dos modos e controlar as fun\u00e7\u00f5es com precis\u00e3o.<\/li>\n<\/ul>\n<\/li>\n<\/ul>\n<ul>\n<li style=\"list-style-type: none\">\n<ul>\n<li>\u2022 Material de Alta Qualidade: Silicone e ABS para um toque macio e seguro.<\/li>\n<\/ul>\n<\/li>\n<\/ul>\n<ul>\n<li>\u2022 Bateria recarreg\u00e1vel via USB: Para uma conveni\u00eancia pr\u00e1tica e sem necessidade de pilhas.<\/li>\n<\/ul>\n<h3><strong>Ficha T\u00e9cnica:<\/strong><\/h3>\n<ul>\n<li style=\"list-style-type: none\">\n<ul>\n<li>\u2022 Conte\u00fado: 01 Vibrador de Ponto G e Clit\u00f3ris Pulsa\u00e7\u00e3o e Vai e vem com Tela de LCD Sexy Import;<\/li>\n<\/ul>\n<\/li>\n<\/ul>\n<ul>\n<li style=\"list-style-type: none\">\n<ul>\n<li>\u2022 Material: Silicone e ABS;<\/li>\n<\/ul>\n<\/li>\n<\/ul>\n<ul>\n<li style=\"list-style-type: none\">\n<ul>\n<li>\u2022 Tipo de Bateria: Recarreg\u00e1vel via USB;<\/li>\n<\/ul>\n<\/li>\n<\/ul>\n<ul>\n<li style=\"list-style-type: none\">\n<ul>\n<li>\u2022 Medidas: 21,0 cm de comprimento x 3,5 cm de largura (aproximadamente);<\/li>\n<\/ul>\n<\/li>\n<\/ul>\n<h3><strong>Modo de uso:<\/strong><\/h3>\n<ul>\n<li style=\"list-style-type: none\">\n<ul>\n<li>\u2022 Lubrifique antes da descoberta.<\/li>\n<\/ul>\n<\/li>\n<\/ul>\n<ul>\n<li style=\"list-style-type: none\">\n<ul>\n<li>\u2022 Para ligar, pressione o bot\u00e3o \u201cPower\u201d por aproximadamente 3 segundos.<\/li>\n<\/ul>\n<\/li>\n<\/ul>\n<ul>\n<li>\u2022 Use os bot\u00f5es para alternar entre os 7 modos de pulsa\u00e7\u00e3o, vibra\u00e7\u00e3o e vai e vem, ajustando conforme sua prefer\u00eancia.<\/li>\n<\/ul>\n<\/div>\n","protected":false},"excerpt":{"rendered":"<h1><span style=\"color: #ff00ff\">NO PIX R$128,79<\/span><\/h1>\n","protected":false},"featured_media":7144,"comment_status":"closed","ping_status":"closed","template":"","meta":[],"product_cat":[15,19,76],"product_tag":[],"class_list":{"0":"post-7143","1":"product","2":"type-product","3":"status-publish","4":"has-post-thumbnail","6":"product_cat-promocoes","7":"product_cat-novidades","8":"product_cat-vibradores","10":"first","11":"instock","12":"sale","13":"shipping-taxable","14":"purchasable","15":"product-type-simple"},"group_of_quantity":0,"min_quantity":0,"max_quantity":"","exclude_order_quantity_value_rules":"no","exclude_category_quantity_rules":"no","combine_variations":"no","_links":{"self":[{"href":"https:\/\/sorvetequente.com.br\/loja\/wp-json\/wp\/v2\/product\/7143","targetHints":{"allow":["GET"]}}],"collection":[{"href":"https:\/\/sorvetequente.com.br\/loja\/wp-json\/wp\/v2\/product"}],"about":[{"href":"https:\/\/sorvetequente.com.br\/loja\/wp-json\/wp\/v2\/types\/product"}],"replies":[{"embeddable":true,"href":"https:\/\/sorvetequente.com.br\/loja\/wp-json\/wp\/v2\/comments?post=7143"}],"wp:featuredmedia":[{"embeddable":true,"href":"https:\/\/sorvetequente.com.br\/loja\/wp-json\/wp\/v2\/media\/7144"}],"wp:attachment":[{"href":"https:\/\/sorvetequente.com.br\/loja\/wp-json\/wp\/v2\/media?parent=7143"}],"wp:term":[{"taxonomy":"product_cat","embeddable":true,"href":"https:\/\/sorvetequente.com.br\/loja\/wp-json\/wp\/v2\/product_cat?post=7143"},{"taxonomy":"product_tag","embeddable":true,"href":"https:\/\/sorvetequente.com.br\/loja\/wp-json\/wp\/v2\/product_tag?post=7143"}],"curies":[{"name":"wp","href":"https:\/\/api.w.org\/{rel}","templated":true}]}}