{"id":7092,"date":"2026-03-18T15:10:30","date_gmt":"2026-03-18T18:10:30","guid":{"rendered":"https:\/\/sorvetequente.com.br\/loja\/?post_type=product&#038;p=7092"},"modified":"2026-03-18T15:10:31","modified_gmt":"2026-03-18T18:10:31","slug":"rosa-estimuladora-de-clitoris-com-lingua","status":"publish","type":"product","link":"https:\/\/sorvetequente.com.br\/loja\/product\/rosa-estimuladora-de-clitoris-com-lingua\/","title":{"rendered":"Rosa Estimuladora de Clit\u00f3ris com L\u00edngua"},"content":{"rendered":"<p style=\"font-weight: 400\">Rosa Estimuladora de Clit\u00f3ris com L\u00edngua &#8211; SI<\/p>\n<p style=\"font-weight: 400\">\n<p style=\"font-weight: 400\">Vibrador de\u00a0clit\u00f3ris em formato de rosa &#8211;\u00a0Possui 10 Modos de estimula\u00e7\u00e3o de L\u00edngua, o produto \u00e9 macio ao toque ergon\u00f4mico,<\/p>\n<p style=\"font-weight: 400\">o que facilita o manuseio e a estimula\u00e7\u00e3o, trazendo uma sensa\u00e7\u00e3o prazerosa do uso.<\/p>\n<p style=\"font-weight: 400\">Resistente a \u00e1gua<\/p>\n<p style=\"font-weight: 400\">\n<p style=\"font-weight: 400\">Modo de uso:<\/p>\n<p style=\"font-weight: 400\">Para ligar\/desligar aperte o bot\u00e3o e segure por 3 segundos, aperte 2 vezes para iniciar a vibra\u00e7\u00e3o.<\/p>\n<p style=\"font-weight: 400\">Material:<\/p>\n<p style=\"font-weight: 400\">Silicone.<\/p>\n<p style=\"font-weight: 400\">Tipo de bateria:<\/p>\n<p style=\"font-weight: 400\">Recarreg\u00e1vel via USB.<\/p>\n<p style=\"font-weight: 400\">\n<p style=\"font-weight: 400\">Medidas:<\/p>\n<p style=\"font-weight: 400\">7,7\u00a0cm de comprimento, 5,8 cm de di\u00e2metro (medidas aproximadas).<\/p>\n<p style=\"font-weight: 400\">\n","protected":false},"excerpt":{"rendered":"<h1><span style=\"color: #ff00ff\">NO PIX R$37,89<\/span><\/h1>\n","protected":false},"featured_media":7093,"comment_status":"closed","ping_status":"closed","template":"","meta":[],"product_cat":[15,76],"product_tag":[],"class_list":{"0":"post-7092","1":"product","2":"type-product","3":"status-publish","4":"has-post-thumbnail","6":"product_cat-promocoes","7":"product_cat-vibradores","9":"first","10":"instock","11":"sale","12":"shipping-taxable","13":"purchasable","14":"product-type-variable"},"group_of_quantity":0,"min_quantity":0,"max_quantity":"","exclude_order_quantity_value_rules":"no","exclude_category_quantity_rules":"no","combine_variations":"no","_links":{"self":[{"href":"https:\/\/sorvetequente.com.br\/loja\/wp-json\/wp\/v2\/product\/7092","targetHints":{"allow":["GET"]}}],"collection":[{"href":"https:\/\/sorvetequente.com.br\/loja\/wp-json\/wp\/v2\/product"}],"about":[{"href":"https:\/\/sorvetequente.com.br\/loja\/wp-json\/wp\/v2\/types\/product"}],"replies":[{"embeddable":true,"href":"https:\/\/sorvetequente.com.br\/loja\/wp-json\/wp\/v2\/comments?post=7092"}],"wp:featuredmedia":[{"embeddable":true,"href":"https:\/\/sorvetequente.com.br\/loja\/wp-json\/wp\/v2\/media\/7093"}],"wp:attachment":[{"href":"https:\/\/sorvetequente.com.br\/loja\/wp-json\/wp\/v2\/media?parent=7092"}],"wp:term":[{"taxonomy":"product_cat","embeddable":true,"href":"https:\/\/sorvetequente.com.br\/loja\/wp-json\/wp\/v2\/product_cat?post=7092"},{"taxonomy":"product_tag","embeddable":true,"href":"https:\/\/sorvetequente.com.br\/loja\/wp-json\/wp\/v2\/product_tag?post=7092"}],"curies":[{"name":"wp","href":"https:\/\/api.w.org\/{rel}","templated":true}]}}