{"id":7083,"date":"2026-03-18T13:50:11","date_gmt":"2026-03-18T16:50:11","guid":{"rendered":"https:\/\/sorvetequente.com.br\/loja\/?post_type=product&#038;p=7083"},"modified":"2026-03-18T13:50:12","modified_gmt":"2026-03-18T16:50:12","slug":"vibrador-de-ponto-g-para-casal-flexivel","status":"publish","type":"product","link":"https:\/\/sorvetequente.com.br\/loja\/product\/vibrador-de-ponto-g-para-casal-flexivel\/","title":{"rendered":"Vibrador de Ponto G Para Casal &#8211; Flexivel"},"content":{"rendered":"<h2>Vibrador de Ponto G \/ Casal &#8211; Flex &#8211; Clarke &#8211; SI<\/h2>\n<p style=\"font-weight: 400\">Vibrador de\u00a0ponto G \/ Casal &#8211;\u00a0possui 9 modos de vibra\u00e7\u00e3o.<\/p>\n<p style=\"font-weight: 400\">o produto \u00e9 macio ao toque ergon\u00f4mico, o que facilita o manuseio e a estimula\u00e7\u00e3o,<\/p>\n<p style=\"font-weight: 400\">trazendo uma sensa\u00e7\u00e3o prazerosa do uso.<\/p>\n<p style=\"font-weight: 400\">Modo de uso:<\/p>\n<p style=\"font-weight: 400\">Para ligar\/desligar aperte o bot\u00e3o e segure por 3 segundos, aperte 2 vezes para iniciar a vibra\u00e7\u00e3o.<\/p>\n<p style=\"font-weight: 400\">Material:<\/p>\n<p style=\"font-weight: 400\">Silicone \/ ABS.<\/p>\n<p style=\"font-weight: 400\">Tipo de bateria:<\/p>\n<p style=\"font-weight: 400\">Vibrador &#8211; Recarreg\u00e1vel via USB.<\/p>\n<p style=\"font-weight: 400\">Medidas:<\/p>\n<p style=\"font-weight: 400\">17,3 cm de comprimento, 2,8 cm de di\u00e2metro (medidas aproximadas).<\/p>\n<p style=\"font-weight: 400\">Higieniza\u00e7\u00e3o:<\/p>\n<p style=\"font-weight: 400\">Lavar com \u00e1gua e sab\u00e3o neutro antes e ap\u00f3s o uso, evite molhar o compartimento de recarga.<\/p>\n<p style=\"font-weight: 400\">Seque com papel toalha ou deixe secar naturalmente. Ap\u00f3s higieniz\u00e1-lo, coloque novamente em sua embalagem<\/p>\n<p style=\"font-weight: 400\">de origem. N\u00e3o compartilhar e n\u00e3o expor a temperatura superior a 50\u00b0C.<\/p>\n<p style=\"font-weight: 400\">Cuidados:<\/p>\n<p style=\"font-weight: 400\">Higienize sempre antes e ap\u00f3s o uso;<\/p>\n<p style=\"font-weight: 400\">Mantenha fora do alcance de crian\u00e7as;<\/p>\n<p style=\"font-weight: 400\">Manter ao abrigo do calor e luz excessiva;<\/p>\n<p style=\"font-weight: 400\">Ap\u00f3s o uso, guardar em uma embalagem de pl\u00e1stico, n\u00e3o enrole em papel;<\/p>\n","protected":false},"excerpt":{"rendered":"<h1><span style=\"color: #ff00ff\">NO PIX R$94,47<\/span><\/h1>\n","protected":false},"featured_media":7084,"comment_status":"closed","ping_status":"closed","template":"","meta":[],"product_cat":[15,76],"product_tag":[],"class_list":{"0":"post-7083","1":"product","2":"type-product","3":"status-publish","4":"has-post-thumbnail","6":"product_cat-promocoes","7":"product_cat-vibradores","9":"first","10":"instock","11":"sale","12":"shipping-taxable","13":"purchasable","14":"product-type-simple"},"group_of_quantity":0,"min_quantity":0,"max_quantity":"","exclude_order_quantity_value_rules":"no","exclude_category_quantity_rules":"no","combine_variations":"no","_links":{"self":[{"href":"https:\/\/sorvetequente.com.br\/loja\/wp-json\/wp\/v2\/product\/7083","targetHints":{"allow":["GET"]}}],"collection":[{"href":"https:\/\/sorvetequente.com.br\/loja\/wp-json\/wp\/v2\/product"}],"about":[{"href":"https:\/\/sorvetequente.com.br\/loja\/wp-json\/wp\/v2\/types\/product"}],"replies":[{"embeddable":true,"href":"https:\/\/sorvetequente.com.br\/loja\/wp-json\/wp\/v2\/comments?post=7083"}],"wp:featuredmedia":[{"embeddable":true,"href":"https:\/\/sorvetequente.com.br\/loja\/wp-json\/wp\/v2\/media\/7084"}],"wp:attachment":[{"href":"https:\/\/sorvetequente.com.br\/loja\/wp-json\/wp\/v2\/media?parent=7083"}],"wp:term":[{"taxonomy":"product_cat","embeddable":true,"href":"https:\/\/sorvetequente.com.br\/loja\/wp-json\/wp\/v2\/product_cat?post=7083"},{"taxonomy":"product_tag","embeddable":true,"href":"https:\/\/sorvetequente.com.br\/loja\/wp-json\/wp\/v2\/product_tag?post=7083"}],"curies":[{"name":"wp","href":"https:\/\/api.w.org\/{rel}","templated":true}]}}