{"id":7070,"date":"2026-03-18T12:47:03","date_gmt":"2026-03-18T15:47:03","guid":{"rendered":"https:\/\/sorvetequente.com.br\/loja\/?post_type=product&#038;p=7070"},"modified":"2026-03-18T12:47:03","modified_gmt":"2026-03-18T15:47:03","slug":"vibrador-de-calcinha-por-aplicativo-a-longa-distancia","status":"publish","type":"product","link":"https:\/\/sorvetequente.com.br\/loja\/product\/vibrador-de-calcinha-por-aplicativo-a-longa-distancia\/","title":{"rendered":"Vibrador de Calcinha por Aplicativo &#8211; \u00c0 Longa Dist\u00e2ncia"},"content":{"rendered":"<h2>Vibrador de Calcinha por Aplicativo &#8211; \u00c0 Longa Dist\u00e2ncia &#8211; Starry &#8211; SI<\/h2>\n<p style=\"font-weight: 400\">Vibrador de calcinha, \u00e9 um estimulador recarreg\u00e1vel confeccionado em silicone,\u00a0possui 10 modos de vibra\u00e7\u00e3o via Bluetooth.<\/p>\n<p style=\"font-weight: 400\">Starry \u00e9 super moderno e pode ser controlado por Smartphone, via App de forma f\u00e1cil.<\/p>\n<p style=\"font-weight: 400\">10 modos de vibra\u00e7\u00e3o, voc\u00ea utiliza a tela do smartphone como painel de op\u00e7\u00f5es, pois voc\u00ea que ir\u00e1 determinar o jeito que ele vai vibrar.<\/p>\n<p style=\"font-weight: 400\">Todos estes recursos fazem com que voc\u00ea tenha uma experi\u00eancia muito excitante como voc\u00ea jamais experimentou.<\/p>\n<p style=\"font-weight: 400\">Perfeito para uma brincadeira em um lugar com outras pessoas, no shopping, reuni\u00e3o, restaurante, ou em qualquer lugar que voc\u00ea desejar,<\/p>\n<p style=\"font-weight: 400\">gra\u00e7as ao sistema Bluetooth tem um alcance de at\u00e9 5 metros.<\/p>\n<p style=\"font-weight: 400\">Produto a Longa Distancia<\/p>\n<p style=\"font-weight: 400\">Possui bateria interna recarreg\u00e1vel via USB.<\/p>\n<p style=\"font-weight: 400\">Para Baixar o Aplicativo\u00a0&#8211; LoveSpouse<\/p>\n<h2><a href=\"https:\/\/dl.szweibutech.com\/download\/\" target=\"_blank\" rel=\"noopener\">dl.szweibutech.com\/download\/<\/a><\/h2>\n<p style=\"font-weight: 400\">C\u00f3digo do Id:\u00a02377<\/p>\n<p style=\"font-weight: 400\">O usu\u00e1rio precisa fazer o login no aplicativo para\u00a0usar as funcionalidades de vibra\u00e7\u00e3o<\/p>\n<p style=\"font-weight: 400\">disponiveis pela Plataforma na vers\u00e3o basica.<\/p>\n<p style=\"font-weight: 400\">O aplicativo conta com algumas ferramentas avan\u00e7adas e interativas como<\/p>\n<p style=\"font-weight: 400\">videos erotiocos entre outras, na modalidade Paga, que pode ser adquirida pelo usuario.<\/p>\n<p style=\"font-weight: 400\">Modo de uso:<\/p>\n<p style=\"font-weight: 400\">App dispon\u00edvel para ANDROID e IOS<\/p>\n<p style=\"font-weight: 400\">Vibrador Interativo controlado por App.<\/p>\n<p style=\"font-weight: 400\">Clique e segure 1,5 segundos no &#8220;Power&#8221; para ativar \/ desativar o vibrador.<\/p>\n<p style=\"font-weight: 400\">Em seguida ligue o bluetooh no seu celular.<\/p>\n<p style=\"font-weight: 400\">Depois abra o aplicativo no telefone e aguarde o massageador conectado automaticamente.<\/p>\n<p style=\"font-weight: 400\">Para ativar o modo de vibra\u00e7\u00e3o clique no bot\u00e3o (o). Para ativar modo de vibra\u00e7\u00e3o \u201cModes\u201d.<\/p>\n<p style=\"font-weight: 400\">Material:<\/p>\n<p style=\"font-weight: 400\">Silicone.<\/p>\n<p style=\"font-weight: 400\">Tipo de bateria:<\/p>\n<p style=\"font-weight: 400\">Recarreg\u00e1vel via USB\/Tomada.<\/p>\n<p style=\"font-weight: 400\">Medidas:<\/p>\n<p style=\"font-weight: 400\">10,0 cm de comprimento, 5,0 cm de espessura (medidas aproximadas).<\/p>\n<p style=\"font-weight: 400\">Higieniza\u00e7\u00e3o:<\/p>\n<p style=\"font-weight: 400\">Lavar com \u00e1gua e sab\u00e3o neutro antes e ap\u00f3s o uso, evite molhar o compartimento de recarga.<\/p>\n<p style=\"font-weight: 400\">Seque com papel toalha ou deixe secar naturalmente.<\/p>\n<p style=\"font-weight: 400\">Ap\u00f3s higieniz\u00e1-lo, coloque novamente em sua embalagem de origem.<\/p>\n<p style=\"font-weight: 400\">N\u00e3o compartilhar e n\u00e3o expor a temperatura superior a 50\u00b0C.<\/p>\n","protected":false},"excerpt":{"rendered":"<h1><span style=\"color: #ff00ff\">NO PIX R$94,98<\/span><\/h1>\n","protected":false},"featured_media":7071,"comment_status":"closed","ping_status":"closed","template":"","meta":[],"product_cat":[66,76],"product_tag":[],"class_list":{"0":"post-7070","1":"product","2":"type-product","3":"status-publish","4":"has-post-thumbnail","6":"product_cat-promocao-relampago","7":"product_cat-vibradores","9":"first","10":"instock","11":"sale","12":"shipping-taxable","13":"purchasable","14":"product-type-variable"},"group_of_quantity":0,"min_quantity":0,"max_quantity":"","exclude_order_quantity_value_rules":"no","exclude_category_quantity_rules":"no","combine_variations":"no","_links":{"self":[{"href":"https:\/\/sorvetequente.com.br\/loja\/wp-json\/wp\/v2\/product\/7070","targetHints":{"allow":["GET"]}}],"collection":[{"href":"https:\/\/sorvetequente.com.br\/loja\/wp-json\/wp\/v2\/product"}],"about":[{"href":"https:\/\/sorvetequente.com.br\/loja\/wp-json\/wp\/v2\/types\/product"}],"replies":[{"embeddable":true,"href":"https:\/\/sorvetequente.com.br\/loja\/wp-json\/wp\/v2\/comments?post=7070"}],"wp:featuredmedia":[{"embeddable":true,"href":"https:\/\/sorvetequente.com.br\/loja\/wp-json\/wp\/v2\/media\/7071"}],"wp:attachment":[{"href":"https:\/\/sorvetequente.com.br\/loja\/wp-json\/wp\/v2\/media?parent=7070"}],"wp:term":[{"taxonomy":"product_cat","embeddable":true,"href":"https:\/\/sorvetequente.com.br\/loja\/wp-json\/wp\/v2\/product_cat?post=7070"},{"taxonomy":"product_tag","embeddable":true,"href":"https:\/\/sorvetequente.com.br\/loja\/wp-json\/wp\/v2\/product_tag?post=7070"}],"curies":[{"name":"wp","href":"https:\/\/api.w.org\/{rel}","templated":true}]}}