{"id":6949,"date":"2026-03-08T17:04:53","date_gmt":"2026-03-08T20:04:53","guid":{"rendered":"https:\/\/sorvetequente.com.br\/loja\/?post_type=product&#038;p=6949"},"modified":"2026-03-08T17:13:37","modified_gmt":"2026-03-08T20:13:37","slug":"babasoul-sexy-gel-beijavel-100ml-soul-cosmeticos","status":"publish","type":"product","link":"https:\/\/sorvetequente.com.br\/loja\/product\/babasoul-sexy-gel-beijavel-100ml-soul-cosmeticos\/","title":{"rendered":"Babasoul Sexy Gel Beij\u00e1vel 100ml Soul Cosm\u00e9ticos"},"content":{"rendered":"<div class=\"flex items-center gap-2 mb-4 undefined\">\n<h2 class=\"text-2xl font-black text-[26px] text-red-wine\">DESCRI\u00c7\u00c3O<\/h2>\n<\/div>\n<div class=\"text-black [&amp;_a]:text-pink\">\n<p>Em uma vers\u00e3o menor do sucesso de vendas, tenha um<strong>\u00a0Babasoul Sexy<\/strong>\u00a0em sua bolsa para estar sempre\u00a0<strong>hidratada\u00a0<\/strong>e incrivelmente\u00a0<strong>perfumada\u00a0<\/strong>por onde quer que v\u00e1! Dessa vez, o gel \u00edntimo\u00a0<strong>beij\u00e1vel<\/strong>, foi confeccionado em um tamanho menor, pensando especialmente na praticidade do dia a dia, mantendo a mesma\u00a0<strong>qualidade\u00a0<\/strong>da embalagem maior!<\/p>\n<p>Seja para estar perfumada ao longo do dia, com uma\u00a0<strong>pele radiante<\/strong>, para usar em um date especial ou at\u00e9 mesmo para\u00a0<strong>presentear\u00a0<\/strong>uma pessoa querida, o Babasoul \u00e9 sempre uma escolha perfeita, que combina\u00a0<strong>sedu\u00e7\u00e3o\u00a0<\/strong>e\u00a0<strong>refresc\u00e2ncia\u00a0<\/strong>em um mesmo frasco!<\/p>\n<h3><strong>Benef\u00edcios do Babasoul Sexy 100ml<\/strong><\/h3>\n<ul>\n<li><strong>\u2022 Tamanho ideal:\u00a0<\/strong>Perfeito para levar na bolsa e aplicar durante o dia, com \u00f3timo custo-benef\u00edcio;<br \/>\n<strong>\u2022 Fragr\u00e2ncias doces e irresist\u00edveis:\u00a0<\/strong>Transformam o cuidado di\u00e1rio em uma experi\u00eancia sensorial \u00fanica;<br \/>\n<strong>\u2022 Textura leve e r\u00e1pida absor\u00e7\u00e3o:<\/strong>\u00a0Deixa a pele hidratada sem res\u00edduos pegajosos, garantindo conforto;<br \/>\n<strong>\u2022 Hidrata\u00e7\u00e3o intensa:\u00a0<\/strong>Nutre profundamente, deixando a pele macia e aveludada;<br \/>\n<strong>\u2022 Versatilidade:<\/strong>\u00a0Ideal para aplica\u00e7\u00e3o na virilha, coxas ou qualquer \u00e1rea que mere\u00e7a aten\u00e7\u00e3o especial.<\/li>\n<\/ul>\n<h3><strong>Ficha T\u00e9cnica<\/strong><\/h3>\n<ul>\n<li><strong>\u2022 Cont\u00e9m:\u00a0<\/strong>01 Babasoul Sexy Beij\u00e1vel 100ml;<br \/>\n<strong>\u2022 Embalagem:<\/strong>\u00a0Pl\u00e1stica;<br \/>\n<strong>\u2022 Validade:<\/strong>\u00a0Presente na embalagem.<\/li>\n<\/ul>\n<h3><strong>Modo de Usar<\/strong><\/h3>\n<p>E ent\u00e3o, aplique o Babasoul sobre a pele, massageando suavemente em movimentos circulares, especialmente nas coxas, bumbum e virilha (sempre na parte externa).<\/p>\n<p>Explore, toque e experimente, permitindo que cada car\u00edcia e lambida intensifique a conex\u00e3o entre voc\u00eas.<\/p>\n<p>Se for usar para manter uma pele hidratada no dia a dia, aplique pela parte da manh\u00e3 e fa\u00e7a a reaplica\u00e7\u00e3o sempre que achar necess\u00e1rio!<\/p>\n<h3><strong>Cuidados e Recomenda\u00e7\u00f5es<\/strong><\/h3>\n<ul>\n<li>\u2022 Uso externo, n\u00e3o ingerir;<br \/>\n\u2022 Mantenha fora do alcance de crian\u00e7as e animais dom\u00e9sticos;<br \/>\n\u2022 Mantenha em local arejado, fora do calor excessivo e da exposi\u00e7\u00e3o solar;<br \/>\n\u2022 Antes do uso, confira a composi\u00e7\u00e3o e se n\u00e3o possui nenhuma alergia aos ingredientes;<br \/>\n\u2022 Evite a aplica\u00e7\u00e3o em regi\u00f5es sens\u00edveis ou com poss\u00edveis les\u00f5es;<br \/>\n\u2022 Caso haja contato acidental com os olhos, lavar com \u00e1gua em abund\u00e2ncia;<br \/>\n\u2022 Em caso de rea\u00e7\u00e3o al\u00e9rgica, suspenda o uso e busque orienta\u00e7\u00e3o m\u00e9dica;<br \/>\n\u2022 Evite les\u00f5es ou um agravamento de patologias existentes, n\u00e3o utilizar esse produto em zonas inflamadas, inchadas ou em pele com lacera\u00e7\u00f5es.<\/li>\n<\/ul>\n<p><strong>Aten\u00e7\u00e3o:\u00a0<\/strong>Algumas embalagens podem sofrer altera\u00e7\u00f5es por parte do fornecedor, permanecendo as caracter\u00edsticas do produto, tais como: fun\u00e7\u00e3o, composi\u00e7\u00e3o, peso e quantidade, sem tempo h\u00e1bil para serem atualizadas em nosso site.<\/p>\n<\/div>\n","protected":false},"excerpt":{"rendered":"<h1><span style=\"color: #ff00ff\">NO PIX R$12,19<\/span><\/h1>\n","protected":false},"featured_media":6950,"comment_status":"closed","ping_status":"closed","template":"","meta":[],"product_cat":[37,173],"product_tag":[],"class_list":{"0":"post-6949","1":"product","2":"type-product","3":"status-publish","4":"has-post-thumbnail","6":"product_cat-cosmeticos-e-comestiveis","7":"product_cat-higiene-e-banho","8":"pa_sabor-amarena-com-creme","9":"pa_sabor-frutas-vermelhas","10":"pa_sabor-iogurte-de-morango","11":"pa_sabor-menta-com-creme","13":"first","14":"instock","15":"sale","16":"shipping-taxable","17":"purchasable","18":"product-type-variable"},"group_of_quantity":0,"min_quantity":0,"max_quantity":"","exclude_order_quantity_value_rules":"no","exclude_category_quantity_rules":"no","combine_variations":"no","_links":{"self":[{"href":"https:\/\/sorvetequente.com.br\/loja\/wp-json\/wp\/v2\/product\/6949","targetHints":{"allow":["GET"]}}],"collection":[{"href":"https:\/\/sorvetequente.com.br\/loja\/wp-json\/wp\/v2\/product"}],"about":[{"href":"https:\/\/sorvetequente.com.br\/loja\/wp-json\/wp\/v2\/types\/product"}],"replies":[{"embeddable":true,"href":"https:\/\/sorvetequente.com.br\/loja\/wp-json\/wp\/v2\/comments?post=6949"}],"wp:featuredmedia":[{"embeddable":true,"href":"https:\/\/sorvetequente.com.br\/loja\/wp-json\/wp\/v2\/media\/6950"}],"wp:attachment":[{"href":"https:\/\/sorvetequente.com.br\/loja\/wp-json\/wp\/v2\/media?parent=6949"}],"wp:term":[{"taxonomy":"product_cat","embeddable":true,"href":"https:\/\/sorvetequente.com.br\/loja\/wp-json\/wp\/v2\/product_cat?post=6949"},{"taxonomy":"product_tag","embeddable":true,"href":"https:\/\/sorvetequente.com.br\/loja\/wp-json\/wp\/v2\/product_tag?post=6949"}],"curies":[{"name":"wp","href":"https:\/\/api.w.org\/{rel}","templated":true}]}}