{"id":6893,"date":"2026-03-03T14:06:59","date_gmt":"2026-03-03T17:06:59","guid":{"rendered":"https:\/\/sorvetequente.com.br\/loja\/?post_type=product&#038;p=6893"},"modified":"2026-03-03T14:07:00","modified_gmt":"2026-03-03T17:07:00","slug":"rainbow-essence-desodorante-intimo-aerosol-166-ml-la-pimienta","status":"publish","type":"product","link":"https:\/\/sorvetequente.com.br\/loja\/product\/rainbow-essence-desodorante-intimo-aerosol-166-ml-la-pimienta\/","title":{"rendered":"Rainbow Essence Desodorante \u00cdntimo Aerosol 166 ml La Pimienta"},"content":{"rendered":"<div class=\"flex items-center gap-2 mb-4 undefined\">\n<h2 class=\"text-2xl font-black text-[26px] text-red-wine\">DESCRI\u00c7\u00c3O<\/h2>\n<\/div>\n<div class=\"text-black [&amp;_a]:text-pink\">\n<p>O\u00a0<strong>Rainbow Essence<\/strong>\u00a0\u00e9 o\u00a0<strong>Desodorante \u00cdntimo Aerosol<\/strong>\u00a0para quem deseja deixar a sua marca no mundo, inspirado em uma\u00a0<strong>ess\u00eancia marcante<\/strong>, totalmente\u00a0<strong>fascinante\u00a0<\/strong>e cheia de\u00a0<strong>glamour<\/strong>, perfeita para quem busca expressar uma originalidade refinada e sedutora.<\/p>\n<p>Cuide da sua\u00a0<strong>sa\u00fade \u00edntima<\/strong>\u00a0com o Rainbow Essence, previna-se e se proteja contra poss\u00edveis odores na regi\u00e3o, coloque em sua rotina um momento de\u00a0<strong>autocuidado<\/strong>, livre-se de qualquer desconforto e esteja sempre pronto(a) e preparada(o) at\u00e9 mesmo para aquele\u00a0<strong>sexo\u00a0<\/strong>que n\u00e3o estava em seus planos, mas que pode ser o melhor da sua vida.<\/p>\n<h3><strong>Quais os benef\u00edcios do Desodorante \u00cdntimo da La Pimienta?<\/strong><\/h3>\n<p>Ideal para quem busca aflorar sua ess\u00eancia com muito cuidado e prote\u00e7\u00e3o, o Rainbow Essence vai te ajudar a conquistar o frescor e a sedu\u00e7\u00e3o em apenas um \u00fanico produto.<\/p>\n<p>O Desodorante \u00cdntimo Aerosol da La Pimienta \u00e9 ginecologicamente e dermatologicamente testado, n\u00e3o cont\u00e9m \u00c1lcool, \u00e9 livre de parabenos e corantes, n\u00e3o mancha roupas e seu PH \u00e9 Neutro, tornando-o ideal para ser aplicado, tanto em sua roupa, quanto na zona \u00edntima. Sua\u00a0<strong>tecnologia\u00a0<\/strong>contribui para a diminui\u00e7\u00e3o da produ\u00e7\u00e3o de suor e transpira\u00e7\u00e3o excessiva.<\/p>\n<h3><strong>O que o Essence oferece?<\/strong><\/h3>\n<ul>\n<li>\u2022 Ginecologicamente Testado;<\/li>\n<li>\u2022 Prote\u00e7\u00e3o;<\/li>\n<li>\u2022 Frescor;<\/li>\n<li>\u2022 Sedu\u00e7\u00e3o;<\/li>\n<li>\u2022 100% Vegano;<\/li>\n<li>\u2022 Sem \u00e1lcool.<\/li>\n<\/ul>\n<h3><strong>Ficha T\u00e9cnica<\/strong><\/h3>\n<ul>\n<li>\u2022\u00a0<strong>Cont\u00e9m:\u00a0<\/strong>01 Desodorante \u00edntimo 166ml \/ 90g;<\/li>\n<li>\u2022\u00a0<strong>Embalagem:<\/strong>\u00a0Aerosol;<\/li>\n<li>\u2022\u00a0<strong>Validade:\u00a0<\/strong>Presente na embalagem.<\/li>\n<\/ul>\n<h3><strong>Qual a composi\u00e7\u00e3o do Desodorante \u00cdntimo em Aerosol?<\/strong><\/h3>\n<p>O Desodorante \u00cdntimo Essence da La Pimienta \u00e9 composto por Butano, Propano, Ciclopentasiloxano, Dimeticona, Farnesol, Perfume, Butilfenil Metilpropional, Linalol, Citral, Citronelol e Cumarina.<\/p>\n<h3><strong>Como usar o Desodorante \u00edntimo?<\/strong><\/h3>\n<p>Agite o frasco e vaporize o desodorante a uma dist\u00e2ncia de 15cm sobre a parte externa de toda a regi\u00e3o \u00edntima. Reaplique a qualquer hora do dia. Uma dica \u00e9 aplicar nas roupas de baixo para intensificar o perfume no local.<\/p>\n<h3><strong>Quais cuidados e precau\u00e7\u00f5es preciso ter ao usar o Rainbow?<\/strong><\/h3>\n<ul>\n<li>\u2022 Uso externo;<\/li>\n<li>\u2022 Produto inflam\u00e1vel;<\/li>\n<li>\u2022 N\u00e3o pulverizar pr\u00f3ximo ao fogo;<\/li>\n<li>\u2022 N\u00e3o perfurar ou incinerar;<\/li>\n<li>\u2022 N\u00e3o expor a temperaturas superiores a 50\u00ba;<\/li>\n<li>\u2022 Proteger os olhos durante a aplica\u00e7\u00e3o;<\/li>\n<li>\u2022 Evite a inala\u00e7\u00e3o do produto;<\/li>\n<li>\u2022 Em caso acidental com os olhos, enxaguar com abund\u00e2ncia;<\/li>\n<li>\u2022 Em caso de irrita\u00e7\u00e3o suspenda o uso e procure orienta\u00e7\u00e3o m\u00e9dica;<\/li>\n<li>\u2022 Conservar ao abrigo da luz e do calor.<\/li>\n<\/ul>\n<\/div>\n","protected":false},"excerpt":{"rendered":"<h1><span style=\"color: #ff00ff\">NO PIX R$13,99<\/span><\/h1>\n","protected":false},"featured_media":6894,"comment_status":"closed","ping_status":"closed","template":"","meta":[],"product_cat":[37,173,16,43,66],"product_tag":[],"class_list":{"0":"post-6893","1":"product","2":"type-product","3":"status-publish","4":"has-post-thumbnail","6":"product_cat-cosmeticos-e-comestiveis","7":"product_cat-higiene-e-banho","8":"product_cat-para-ela","9":"product_cat-para-ele","10":"product_cat-promocao-relampago","12":"first","13":"instock","14":"sale","15":"shipping-taxable","16":"purchasable","17":"product-type-simple"},"group_of_quantity":0,"min_quantity":0,"max_quantity":"","exclude_order_quantity_value_rules":"no","exclude_category_quantity_rules":"no","combine_variations":"no","_links":{"self":[{"href":"https:\/\/sorvetequente.com.br\/loja\/wp-json\/wp\/v2\/product\/6893","targetHints":{"allow":["GET"]}}],"collection":[{"href":"https:\/\/sorvetequente.com.br\/loja\/wp-json\/wp\/v2\/product"}],"about":[{"href":"https:\/\/sorvetequente.com.br\/loja\/wp-json\/wp\/v2\/types\/product"}],"replies":[{"embeddable":true,"href":"https:\/\/sorvetequente.com.br\/loja\/wp-json\/wp\/v2\/comments?post=6893"}],"wp:featuredmedia":[{"embeddable":true,"href":"https:\/\/sorvetequente.com.br\/loja\/wp-json\/wp\/v2\/media\/6894"}],"wp:attachment":[{"href":"https:\/\/sorvetequente.com.br\/loja\/wp-json\/wp\/v2\/media?parent=6893"}],"wp:term":[{"taxonomy":"product_cat","embeddable":true,"href":"https:\/\/sorvetequente.com.br\/loja\/wp-json\/wp\/v2\/product_cat?post=6893"},{"taxonomy":"product_tag","embeddable":true,"href":"https:\/\/sorvetequente.com.br\/loja\/wp-json\/wp\/v2\/product_tag?post=6893"}],"curies":[{"name":"wp","href":"https:\/\/api.w.org\/{rel}","templated":true}]}}