{"id":6791,"date":"2026-02-27T17:45:27","date_gmt":"2026-02-27T20:45:27","guid":{"rendered":"https:\/\/sorvetequente.com.br\/loja\/?post_type=product&#038;p=6791"},"modified":"2026-02-27T17:45:29","modified_gmt":"2026-02-27T20:45:29","slug":"sugagel-sugador-liquido-beijavel-extrato-jambu-20g-sexy-fantasy","status":"publish","type":"product","link":"https:\/\/sorvetequente.com.br\/loja\/product\/sugagel-sugador-liquido-beijavel-extrato-jambu-20g-sexy-fantasy\/","title":{"rendered":"Suga+Gel Sugador L\u00edquido Beij\u00e1vel Extrato Jambu 20g Sexy Fantasy"},"content":{"rendered":"<div class=\"flex items-center gap-2 mb-4 undefined\">\n<h2 class=\"text-2xl font-black text-[26px] text-red-wine\">DESCRI\u00c7\u00c3O<\/h2>\n<\/div>\n<div class=\"text-black [&amp;_a]:text-pink\">\n<p>Prepare-se para uma experi\u00eancia que transforma o toque em est\u00edmulo puro.<\/p>\n<p>Suga + \u00e9 um gel unissex desenvolvido para criar a sensa\u00e7\u00e3o irresist\u00edvel de\u00a0<strong>suc\u00e7\u00e3o<\/strong>\u00a0na pele, uma mistura de\u00a0<strong>pulsa\u00e7\u00e3o<\/strong>, frescor e est\u00edmulo que desperta respostas imediatas e intensas. Com aroma doce e refrescante, ele combina tecnologia sensorial com ativos cuidadosamente selecionados para proporcionar um\u00a0<strong>efeito vibrante<\/strong>, envolvente e dif\u00edcil de esquecer. Cada aplica\u00e7\u00e3o traz um toque din\u00e2mico que parece \u201cpuxar\u201d, massagear e ativar a pele com suavidade.<\/p>\n<h3><strong>O segredo do efeito \u201csuga\u201d<\/strong><\/h3>\n<p>O\u00a0<strong>Suga+<\/strong>\u00a0utiliza a a\u00e7\u00e3o conjunta do extrato de jamb\u00fa, extrato de caju, hamam\u00e9lis, barbatim\u00e3o, arginina, mentol e \u00c9ter Vanilil But\u00edlico para gerar um\u00a0<strong>est\u00edmulo progressivo<\/strong>:<br \/>\nprimeiro o frescor, depois a pulsa\u00e7\u00e3o, e por fim a sensa\u00e7\u00e3o de suc\u00e7\u00e3o que toma conta da pele.<\/p>\n<p>Essa combina\u00e7\u00e3o cria um contraste t\u00e9rmico \u00fanico, refrescando ao entrar em contato com a pele e esquentando suavemente ap\u00f3s a ativa\u00e7\u00e3o, o que ajuda a intensificar a experi\u00eancia e deixando tudo mais sens\u00edvel e pulsante.<\/p>\n<h3><strong>Conhe\u00e7a os principais ativos do Suga+<\/strong><\/h3>\n<ul>\n<li style=\"list-style-type: none\">\n<ul>\n<li>\u2022\u00a0<strong>Extrato de Jamb\u00fa:\u00a0<\/strong>O jambu \u00e9 um dos ativos mais potentes quando o assunto \u00e9 est\u00edmulo sensorial. Ele provoca microcontra\u00e7\u00f5es naturais na pele, aumentando a sensibilidade e criando aquela sensa\u00e7\u00e3o vibrante e pulsante. \u00c9 o principal respons\u00e1vel pela sensa\u00e7\u00e3o de \u201cformigamento gostoso\u201d que potencializa o toque;<\/li>\n<\/ul>\n<\/li>\n<\/ul>\n<ul>\n<li style=\"list-style-type: none\">\n<ul>\n<li>\u2022\u00a0<strong>Extrato de Caju:<\/strong>\u00a0O extrato de caju possui propriedades tonificantes e revitalizantes, ajudando a deixar a pele mais receptiva ao est\u00edmulo. Ele contribui para uma resposta sensorial mais r\u00e1pida, tornando o efeito mais intenso e imediato;<\/li>\n<\/ul>\n<\/li>\n<\/ul>\n<ul>\n<li style=\"list-style-type: none\">\n<ul>\n<li>\u2022\u00a0<strong>Extrato de Hamamelis:<\/strong>\u00a0A hamam\u00e9lis tem efeitos adstringentes e circulat\u00f3rios, que ajudam a ativar a microcircula\u00e7\u00e3o da pele. Isso potencializa a percep\u00e7\u00e3o do toque, deixando a \u00e1rea mais sens\u00edvel e favorecendo a sensa\u00e7\u00e3o de pulsa\u00e7\u00e3o e \u201cdespertar\u201d;<\/li>\n<\/ul>\n<\/li>\n<\/ul>\n<ul>\n<li style=\"list-style-type: none\">\n<ul>\n<li>\u2022\u00a0<strong>Extrato de Barbatim\u00e3o:<\/strong>\u00a0O barbatim\u00e3o atua como um adstringente natural, promovendo uma leve contra\u00e7\u00e3o superficial da pele. Esse efeito ajuda a amplificar a percep\u00e7\u00e3o do \u201cpuxar\u201d e contribui para a sensa\u00e7\u00e3o de suc\u00e7\u00e3o mais realista e envolvente;<\/li>\n<\/ul>\n<\/li>\n<\/ul>\n<ul>\n<li style=\"list-style-type: none\">\n<ul>\n<li>\u2022\u00a0<strong>Arginina:<\/strong>\u00a0A arginina \u00e9 um amino\u00e1cido que estimula a vasodilata\u00e7\u00e3o, aumentando o fluxo sangu\u00edneo local. Isso deixa a regi\u00e3o mais quente, sens\u00edvel e responsiva, intensificando o efeito pulsante e prolongando a sensa\u00e7\u00e3o;<\/li>\n<\/ul>\n<\/li>\n<\/ul>\n<ul>\n<li style=\"list-style-type: none\">\n<ul>\n<li>\u2022\u00a0<strong>Mentol:<\/strong>\u00a0O mentol promove um frescor imediato que desperta a pele e aumenta a percep\u00e7\u00e3o do est\u00edmulo. Ele cria o primeiro impacto sensorial, preparando o corpo para as fases seguintes: pulsa\u00e7\u00e3o e suc\u00e7\u00e3o. Tamb\u00e9m contribui para o contraste t\u00e9rmico que torna a experi\u00eancia mais intensa;<\/li>\n<\/ul>\n<\/li>\n<\/ul>\n<ul>\n<li>\u2022\u00a0<strong>\u00c9ter Vanilil But\u00edlico:\u00a0<\/strong>\u00c9 um ativo termoestimulante moderno, respons\u00e1vel por gerar aquecimento suave e duradouro. Ele entra em a\u00e7\u00e3o alguns segundos ap\u00f3s o mentol, criando o famoso \u201cefeito quente e frio\u201d que intensifica o prazer e amplifica a sensa\u00e7\u00e3o de pulsa\u00e7\u00e3o e suc\u00e7\u00e3o.<\/li>\n<\/ul>\n<h3><strong>Ficha T\u00e9cnica<\/strong><\/h3>\n<ul>\n<li>\u2022 Cont\u00e9m: 01 Gel Estimulador de 20g;<\/li>\n<li>\u2022 Validade: Presente na embalagem;<\/li>\n<li>\u2022 Embalagem: Caixa e frasco pump.<\/li>\n<\/ul>\n<h3><strong>Como usar o sugador l\u00edquido Suga+ da Sexy Fantasy?<\/strong><\/h3>\n<p>Independente da \u00e1rea que deseje utilizar o sugador, recomendamos que n\u00e3o fa\u00e7a a aplica\u00e7\u00e3o diretamente no local. Coloque uma pequena quantidade na ponta do dedo indicador e depois aplique na regi\u00e3o, testando a sua sensibilidade ao produto e caso necess\u00e1rio, reaplicar o gel.<\/p>\n<p><strong>\u00c1reas de aplica\u00e7\u00e3o:<\/strong>\u00a0\u00c2nus, Corpo do P\u00eanis, Clit\u00f3ris, Glande, Grandes L\u00e1bios, Mamilos;<\/p>\n<h3><strong>Quais cuidados e precau\u00e7\u00f5es preciso ter ao usar o excitante l\u00edquido?<\/strong><\/h3>\n<ul>\n<li>\u2022 Em caso de irrita\u00e7\u00e3o suspenda o uso e procure orienta\u00e7\u00e3o m\u00e9dica;<\/li>\n<li>\u2022 Conservar ao abrigo da luz e do calor.<\/li>\n<\/ul>\n<p><strong>Aten\u00e7\u00e3o:<\/strong>\u00a0Algumas das embalagens podem sofrer altera\u00e7\u00f5es por parte do fornecedor, permanecendo as caracter\u00edsticas do produto, tais como: fun\u00e7\u00e3o, composi\u00e7\u00e3o, peso e quantidade, sem tempo h\u00e1bil para serem atualizadas em nosso site.<\/p>\n<p>Imagens meramente ilustrativas. Visualiza\u00e7\u00f5es em mobile e desktop podem sofrer altera\u00e7\u00f5es de cor.<\/p>\n<\/div>\n","protected":false},"excerpt":{"rendered":"<h1><span style=\"color: #ff00ff\">NO PIX R$37,49<\/span><\/h1>\n","protected":false},"featured_media":6792,"comment_status":"closed","ping_status":"closed","template":"","meta":[],"product_cat":[37,19,134,153],"product_tag":[],"class_list":{"0":"post-6791","1":"product","2":"type-product","3":"status-publish","4":"has-post-thumbnail","6":"product_cat-cosmeticos-e-comestiveis","7":"product_cat-novidades","8":"product_cat-sexo-anal","9":"product_cat-sexo-oral","10":"pa_sabor-blueberry","11":"pa_sabor-chiclete","12":"pa_sabor-maca-do-amor","13":"pa_sabor-pessego","15":"first","16":"instock","17":"sale","18":"shipping-taxable","19":"purchasable","20":"product-type-variable"},"group_of_quantity":0,"min_quantity":0,"max_quantity":"","exclude_order_quantity_value_rules":"no","exclude_category_quantity_rules":"no","combine_variations":"no","_links":{"self":[{"href":"https:\/\/sorvetequente.com.br\/loja\/wp-json\/wp\/v2\/product\/6791","targetHints":{"allow":["GET"]}}],"collection":[{"href":"https:\/\/sorvetequente.com.br\/loja\/wp-json\/wp\/v2\/product"}],"about":[{"href":"https:\/\/sorvetequente.com.br\/loja\/wp-json\/wp\/v2\/types\/product"}],"replies":[{"embeddable":true,"href":"https:\/\/sorvetequente.com.br\/loja\/wp-json\/wp\/v2\/comments?post=6791"}],"wp:featuredmedia":[{"embeddable":true,"href":"https:\/\/sorvetequente.com.br\/loja\/wp-json\/wp\/v2\/media\/6792"}],"wp:attachment":[{"href":"https:\/\/sorvetequente.com.br\/loja\/wp-json\/wp\/v2\/media?parent=6791"}],"wp:term":[{"taxonomy":"product_cat","embeddable":true,"href":"https:\/\/sorvetequente.com.br\/loja\/wp-json\/wp\/v2\/product_cat?post=6791"},{"taxonomy":"product_tag","embeddable":true,"href":"https:\/\/sorvetequente.com.br\/loja\/wp-json\/wp\/v2\/product_tag?post=6791"}],"curies":[{"name":"wp","href":"https:\/\/api.w.org\/{rel}","templated":true}]}}