{"id":6754,"date":"2026-02-27T10:47:13","date_gmt":"2026-02-27T13:47:13","guid":{"rendered":"https:\/\/sorvetequente.com.br\/loja\/?post_type=product&#038;p=6754"},"modified":"2026-02-27T10:47:14","modified_gmt":"2026-02-27T13:47:14","slug":"boca-gostosa-spray-refrescante-bucal-15ml-sexy-fantasy","status":"publish","type":"product","link":"https:\/\/sorvetequente.com.br\/loja\/product\/boca-gostosa-spray-refrescante-bucal-15ml-sexy-fantasy\/","title":{"rendered":"BOCA GOSTOSA SPRAY REFRESCANTE BUCAL 15ML SEXY FANTASY"},"content":{"rendered":"<p>BOCA GOSTOSA SPRAY REFRESCANTE BUCAL 15ML SEXY FANTASY<\/p>\n<p>Prepare-se para uma explos\u00e3o de frescor e sensualidade com o Refrescante Bucal Boca Gostosa.<br \/>\nProjetado para despertar os sentidos e aumentar a excita\u00e7\u00e3o, esses refrescante bucal proporciona uma experi\u00eancia \u00fanica de beijo, deixando uma impress\u00e3o duradoura de frescor e paix\u00e3o.<br \/>\nEleve o n\u00edvel do seu beijo!<\/p>\n<p>Cont\u00e9m: 15ml.<\/p>\n<p>Sabores: Abacaxi, Melancia, Chiclete, Algod\u00e3o Doce, Menta Azul e Morango.<\/p>\n<p>Composi\u00e7\u00e3o:<br \/>\nAqua (\u00c1gua), Sorbitol (Sorbitol), Alcohol (\u00c1lcool Et\u00edlico), Glycerin (Glicerol), Aroma (Aroma), PEG-40 Hydrogenated Castor Oil (\u00d3leo De R\u00edcino Hidrogenado PEG-40), Menthol (Mentol), Sodium Benzoate (Benzoato de S\u00f3dio), Propolis Extract (Extrato de Pr\u00f3polis) e Sodium Saccharin (Sacarina S\u00f3dica).<\/p>\n<p>Precau\u00e7\u00f5es:<br \/>\nManter fora do alcance de crian\u00e7as e animais dom\u00e9sticos.<br \/>\nEm caso de contato acidental com os olhos, enxaguar abundantemente com \u00e1gua.<br \/>\nHavendo irrita\u00e7\u00e3o suspenda o uso.<br \/>\nCaso a irrita\u00e7\u00e3o persistir, procure orienta\u00e7\u00e3o m\u00e9dica.<br \/>\nConservar ao abrigo da luz e do calor excessivo.<\/p>\n<p>Modo de usar:<br \/>\nAgite antes de usar.<br \/>\nPulverize duas vezes na boca para um h\u00e1lito refrescante e agrad\u00e1vel.<\/p>\n","protected":false},"excerpt":{"rendered":"<h1><span style=\"color: #ff00ff\">NO PIX R$8,42<\/span><\/h1>\n","protected":false},"featured_media":6755,"comment_status":"closed","ping_status":"closed","template":"","meta":[],"product_cat":[37,19,153],"product_tag":[],"class_list":{"0":"post-6754","1":"product","2":"type-product","3":"status-publish","4":"has-post-thumbnail","6":"product_cat-cosmeticos-e-comestiveis","7":"product_cat-novidades","8":"product_cat-sexo-oral","9":"pa_sabor-abacaxi","10":"pa_sabor-algodao-doce","11":"pa_sabor-chiclete","12":"pa_sabor-melancia","13":"pa_sabor-menta-azul","14":"pa_sabor-morango","16":"first","17":"instock","18":"sale","19":"shipping-taxable","20":"purchasable","21":"product-type-variable"},"group_of_quantity":0,"min_quantity":0,"max_quantity":"","exclude_order_quantity_value_rules":"no","exclude_category_quantity_rules":"no","combine_variations":"no","_links":{"self":[{"href":"https:\/\/sorvetequente.com.br\/loja\/wp-json\/wp\/v2\/product\/6754","targetHints":{"allow":["GET"]}}],"collection":[{"href":"https:\/\/sorvetequente.com.br\/loja\/wp-json\/wp\/v2\/product"}],"about":[{"href":"https:\/\/sorvetequente.com.br\/loja\/wp-json\/wp\/v2\/types\/product"}],"replies":[{"embeddable":true,"href":"https:\/\/sorvetequente.com.br\/loja\/wp-json\/wp\/v2\/comments?post=6754"}],"wp:featuredmedia":[{"embeddable":true,"href":"https:\/\/sorvetequente.com.br\/loja\/wp-json\/wp\/v2\/media\/6755"}],"wp:attachment":[{"href":"https:\/\/sorvetequente.com.br\/loja\/wp-json\/wp\/v2\/media?parent=6754"}],"wp:term":[{"taxonomy":"product_cat","embeddable":true,"href":"https:\/\/sorvetequente.com.br\/loja\/wp-json\/wp\/v2\/product_cat?post=6754"},{"taxonomy":"product_tag","embeddable":true,"href":"https:\/\/sorvetequente.com.br\/loja\/wp-json\/wp\/v2\/product_tag?post=6754"}],"curies":[{"name":"wp","href":"https:\/\/api.w.org\/{rel}","templated":true}]}}