{"id":6716,"date":"2026-02-21T18:07:37","date_gmt":"2026-02-21T21:07:37","guid":{"rendered":"https:\/\/sorvetequente.com.br\/loja\/?post_type=product&#038;p=6716"},"modified":"2026-03-14T11:31:25","modified_gmt":"2026-03-14T14:31:25","slug":"lubrificante-intimo-beijavel-rapidinha-neutro30g-sexy-fantasy","status":"publish","type":"product","link":"https:\/\/sorvetequente.com.br\/loja\/product\/lubrificante-intimo-beijavel-rapidinha-neutro30g-sexy-fantasy\/","title":{"rendered":"Lubrificante \u00edntimo beij\u00e1vel rapidinha neutro30g Sexy Fantasy"},"content":{"rendered":"<p>O\u00a0<strong>Lubrificante Rapidinha\u00a0<\/strong>da\u00a0<strong>Sexy Fantasy neutro<\/strong>\u00a0\u00e9 perfeito para aqueles minutinhos extras a s\u00f3s ou com seu love.<\/p>\n<p>&nbsp;<\/p>\n<h3><strong>Benef\u00edcios do Gel Lubrificante<\/strong><\/h3>\n<p>\u2022 Aromas e sabores incr\u00edveis;<br \/>\n\u2022 Lubrificante \u00e0 base d\u2019\u00e1gua;<br \/>\n\u2022<strong>\u00a0<\/strong>Deslizamento no momento \u00edntimo;<br \/>\n\u2022 Usado a s\u00f3s ou em companhia;<br \/>\n\u2022 Compat\u00edvel com preservativos.<\/p>\n<p>&nbsp;<\/p>\n<h3><strong>Ficha T\u00e9cnica<\/strong><\/h3>\n<h3><strong>\u2022 Cont\u00e9m:\u00a0<\/strong>01 Gel Lubrificante Beij\u00e1vel Rapidinha da Sexy Fantasy;<br \/>\n<strong>\u2022 Embalagem:\u00a0<\/strong>Frasnaga de 30g;<br \/>\n<strong>\u2022 Validade:\u00a0<\/strong>Presente na embalagem.<\/h3>\n<h3><strong>Modo de Usar<\/strong><\/h3>\n<p><strong>No sexo oral:\u00a0<\/strong>Aplique um pouco do lubrificante diretamente no seu par e caia de boca com gosto! Ou ent\u00e3o aproveite para aplicar nas \u00e1reas er\u00f3genas e dar beijos, criando um clima mais envolvente, at\u00e9 chegar l\u00e1.<\/p>\n<p><strong>Na penetra\u00e7\u00e3o:<\/strong>\u00a0Aplique um pouco do lubrificante diretamente na regi\u00e3o \u00edntima e utilize as m\u00e3os para fazer uma deliciosa massagem no seu par.<\/p>\n<p><strong>Na masturba\u00e7\u00e3o:\u00a0<\/strong>Aplique um pouco do lubrificante na ponta dos dedos e estimule a regi\u00e3o \u00edntima, ou ent\u00e3o aplique diretamente no seu sex toy preferido.<\/p>\n","protected":false},"excerpt":{"rendered":"<h1><span style=\"color: #ff00ff\">NO PIX R$4,78<\/span><\/h1>\n","protected":false},"featured_media":6717,"comment_status":"open","ping_status":"closed","template":"","meta":[],"product_cat":[37,75,19],"product_tag":[],"class_list":{"0":"post-6716","1":"product","2":"type-product","3":"status-publish","4":"has-post-thumbnail","6":"product_cat-cosmeticos-e-comestiveis","7":"product_cat-lubrificantes","8":"product_cat-novidades","10":"first","11":"instock","12":"sale","13":"shipping-taxable","14":"purchasable","15":"product-type-simple"},"group_of_quantity":0,"min_quantity":0,"max_quantity":"","exclude_order_quantity_value_rules":"no","exclude_category_quantity_rules":"no","combine_variations":"no","_links":{"self":[{"href":"https:\/\/sorvetequente.com.br\/loja\/wp-json\/wp\/v2\/product\/6716","targetHints":{"allow":["GET"]}}],"collection":[{"href":"https:\/\/sorvetequente.com.br\/loja\/wp-json\/wp\/v2\/product"}],"about":[{"href":"https:\/\/sorvetequente.com.br\/loja\/wp-json\/wp\/v2\/types\/product"}],"replies":[{"embeddable":true,"href":"https:\/\/sorvetequente.com.br\/loja\/wp-json\/wp\/v2\/comments?post=6716"}],"wp:featuredmedia":[{"embeddable":true,"href":"https:\/\/sorvetequente.com.br\/loja\/wp-json\/wp\/v2\/media\/6717"}],"wp:attachment":[{"href":"https:\/\/sorvetequente.com.br\/loja\/wp-json\/wp\/v2\/media?parent=6716"}],"wp:term":[{"taxonomy":"product_cat","embeddable":true,"href":"https:\/\/sorvetequente.com.br\/loja\/wp-json\/wp\/v2\/product_cat?post=6716"},{"taxonomy":"product_tag","embeddable":true,"href":"https:\/\/sorvetequente.com.br\/loja\/wp-json\/wp\/v2\/product_tag?post=6716"}],"curies":[{"name":"wp","href":"https:\/\/api.w.org\/{rel}","templated":true}]}}