{"id":6540,"date":"2025-10-20T12:53:53","date_gmt":"2025-10-20T15:53:53","guid":{"rendered":"https:\/\/sorvetequente.com.br\/loja\/?post_type=product&#038;p=6540"},"modified":"2026-03-18T00:47:25","modified_gmt":"2026-03-18T03:47:25","slug":"vibrador-personal-super-sensor-estimulador-de-orgasmos","status":"publish","type":"product","link":"https:\/\/sorvetequente.com.br\/loja\/product\/vibrador-personal-super-sensor-estimulador-de-orgasmos\/","title":{"rendered":"Vibrador Personal Super Sensor Estimulador de orgasmos"},"content":{"rendered":"<p>Vibrador multivelocidade personal em pl\u00e1stico liso ABS de alto impacto, pintura cromada colorida, possui capa em silicone super estimuladora.<\/p>\n<p>Utiliza 02 pilhas pequenas AAA, n\u00e3o inclusas.<\/p>\n<p>Medida: 13 X 2cm (medidas aproximadas sem a capa)<\/p>\n<p>Embalagem: Blister transparente.<\/p>\n<p>Validade: Indetermindado.<\/p>\n<p>Precau\u00e7\u00f5es: Lave antes e ap\u00f3s o uso com \u00e0gua e sab\u00e3o neutro.<\/p>\n<p>Para a satisfa\u00e7\u00e3o ser completa, utilize sempre o produto com lubrificante a base de \u00e1gua..<\/p>\n","protected":false},"excerpt":{"rendered":"<h1><span style=\"color: #ff00ff\">NO PIX R$9,84<\/span><\/h1>\n","protected":false},"featured_media":6701,"comment_status":"open","ping_status":"closed","template":"","meta":[],"product_cat":[66,76],"product_tag":[],"class_list":{"0":"post-6540","1":"product","2":"type-product","3":"status-publish","4":"has-post-thumbnail","6":"product_cat-promocao-relampago","7":"product_cat-vibradores","9":"first","10":"instock","11":"sale","12":"shipping-taxable","13":"purchasable","14":"product-type-simple"},"group_of_quantity":0,"min_quantity":0,"max_quantity":"","exclude_order_quantity_value_rules":"no","exclude_category_quantity_rules":"no","combine_variations":"no","_links":{"self":[{"href":"https:\/\/sorvetequente.com.br\/loja\/wp-json\/wp\/v2\/product\/6540","targetHints":{"allow":["GET"]}}],"collection":[{"href":"https:\/\/sorvetequente.com.br\/loja\/wp-json\/wp\/v2\/product"}],"about":[{"href":"https:\/\/sorvetequente.com.br\/loja\/wp-json\/wp\/v2\/types\/product"}],"replies":[{"embeddable":true,"href":"https:\/\/sorvetequente.com.br\/loja\/wp-json\/wp\/v2\/comments?post=6540"}],"wp:featuredmedia":[{"embeddable":true,"href":"https:\/\/sorvetequente.com.br\/loja\/wp-json\/wp\/v2\/media\/6701"}],"wp:attachment":[{"href":"https:\/\/sorvetequente.com.br\/loja\/wp-json\/wp\/v2\/media?parent=6540"}],"wp:term":[{"taxonomy":"product_cat","embeddable":true,"href":"https:\/\/sorvetequente.com.br\/loja\/wp-json\/wp\/v2\/product_cat?post=6540"},{"taxonomy":"product_tag","embeddable":true,"href":"https:\/\/sorvetequente.com.br\/loja\/wp-json\/wp\/v2\/product_tag?post=6540"}],"curies":[{"name":"wp","href":"https:\/\/api.w.org\/{rel}","templated":true}]}}