{"id":6448,"date":"2025-10-04T19:50:54","date_gmt":"2025-10-04T22:50:54","guid":{"rendered":"https:\/\/sorvetequente.com.br\/loja\/?post_type=product&#038;p=6448"},"modified":"2026-02-21T16:24:21","modified_gmt":"2026-02-21T19:24:21","slug":"dragon-fire-gel-calor-ardente-15ml-soft-love","status":"publish","type":"product","link":"https:\/\/sorvetequente.com.br\/loja\/product\/dragon-fire-gel-calor-ardente-15ml-soft-love\/","title":{"rendered":"Dragon Fire Gel Calor Ardente 15Ml Soft Love"},"content":{"rendered":"<h2 id=\"description\" class=\"product-details__title\" data-description=\"\">DESCRI\u00c7\u00c3O<\/h2>\n<div class=\"product-details__content open\" data-description-toggle=\"\">\n<p>Dragon Fire Gel Sensorial Hot Bisnaga 15ml da Soft Love: Incendeie suas Noites com Paix\u00e3o Intensa. Apimente suas noites com o Dragon Fire! Este gel audacioso, inspirado nas lend\u00e1rias pomadas de massagem chinesas, vai incendiar sua paix\u00e3o com uma intensidade inigual\u00e1vel. Sinta o calor ardente que ele oferece, criando uma experi\u00eancia de prazer sem igual. Dragon Fire n\u00e3o \u00e9 apenas um lubrificante, \u00e9 a chama que vai literalmente esquentar sua rela\u00e7\u00e3o!<\/p>\n<p>Principais Caracter\u00edsticas:<br \/>\nCalor Ardente: Sinta o calor intenso que aumenta a sensa\u00e7\u00e3o de prazer.<br \/>\nInspira\u00e7\u00e3o nas Lendas Chinesas: Baseado nas tradicionais pomadas de massagem chinesas para um toque aut\u00eantico.<br \/>\nExperi\u00eancia de Prazer Sem Igual: Proporciona uma experi\u00eancia \u00fanica, intensa e inesquec\u00edvel.<br \/>\nLubrifica\u00e7\u00e3o e Calor: Al\u00e9m da lubrifica\u00e7\u00e3o, oferece o calor que vai aumentar a paix\u00e3o.<\/p>\n<p>Modo de Usar:<br \/>\nAplique uma quantidade desejada do Dragon Fire na regi\u00e3o \u00edntima.<br \/>\nMassageie suavemente para sentir o calor se intensificando.<br \/>\nExperimente sensa\u00e7\u00f5es ardentes e entregue-se a uma experi\u00eancia \u00fanica.<br \/>\nIdeal para casais que desejam apimentar sua vida sexual.<\/p>\n<p>Desperte a fa\u00edsca da paix\u00e3o e entregue-se a sensa\u00e7\u00f5es intensas como nunca antes. O fogo do desejo est\u00e1 a um toque de dist\u00e2ncia. Voc\u00ea ousa experimentar o Dragon Fire? Incendeie suas noites com o gel Dragon Fire da Soft Love!<\/p>\n<\/div>\n","protected":false},"excerpt":{"rendered":"<h1><span style=\"color: #ff00ff\">NO PIX R$7,41<\/span><\/h1>\n","protected":false},"featured_media":6445,"comment_status":"open","ping_status":"closed","template":"","meta":[],"product_cat":[37,43],"product_tag":[],"class_list":{"0":"post-6448","1":"product","2":"type-product","3":"status-publish","4":"has-post-thumbnail","6":"product_cat-cosmeticos-e-comestiveis","7":"product_cat-para-ele","9":"first","10":"instock","11":"sale","12":"shipping-taxable","13":"purchasable","14":"product-type-simple"},"group_of_quantity":0,"min_quantity":0,"max_quantity":"","exclude_order_quantity_value_rules":"no","exclude_category_quantity_rules":"no","combine_variations":"no","_links":{"self":[{"href":"https:\/\/sorvetequente.com.br\/loja\/wp-json\/wp\/v2\/product\/6448","targetHints":{"allow":["GET"]}}],"collection":[{"href":"https:\/\/sorvetequente.com.br\/loja\/wp-json\/wp\/v2\/product"}],"about":[{"href":"https:\/\/sorvetequente.com.br\/loja\/wp-json\/wp\/v2\/types\/product"}],"replies":[{"embeddable":true,"href":"https:\/\/sorvetequente.com.br\/loja\/wp-json\/wp\/v2\/comments?post=6448"}],"wp:featuredmedia":[{"embeddable":true,"href":"https:\/\/sorvetequente.com.br\/loja\/wp-json\/wp\/v2\/media\/6445"}],"wp:attachment":[{"href":"https:\/\/sorvetequente.com.br\/loja\/wp-json\/wp\/v2\/media?parent=6448"}],"wp:term":[{"taxonomy":"product_cat","embeddable":true,"href":"https:\/\/sorvetequente.com.br\/loja\/wp-json\/wp\/v2\/product_cat?post=6448"},{"taxonomy":"product_tag","embeddable":true,"href":"https:\/\/sorvetequente.com.br\/loja\/wp-json\/wp\/v2\/product_tag?post=6448"}],"curies":[{"name":"wp","href":"https:\/\/api.w.org\/{rel}","templated":true}]}}