{"id":6344,"date":"2025-09-23T13:03:40","date_gmt":"2025-09-23T16:03:40","guid":{"rendered":"https:\/\/sorvetequente.com.br\/loja\/?post_type=product&#038;p=6344"},"modified":"2026-03-31T17:54:45","modified_gmt":"2026-03-31T20:54:45","slug":"tatuagem-temporaria-adesiva-frases-eroticas-15x10cm","status":"publish","type":"product","link":"https:\/\/sorvetequente.com.br\/loja\/product\/tatuagem-temporaria-adesiva-frases-eroticas-15x10cm\/","title":{"rendered":"TATUAGEM TEMPORARIA ADESIVA FRASES ER\u00d3TICAS 15X10CM"},"content":{"rendered":"<p>TATUAGEM TEMPORARIA ADESIVA FRASES ER\u00d3TICAS 15X10CM<\/p>\n<p>TATOO \u00c0 PROVA D&#8217;\u00c1GUA<\/p>\n<p>\u2022 Pode ser usando em qualquer parte do corpo.<br \/>\n\u2022 Tamb\u00e9m indicado a aplica\u00e7\u00e3o em partes \u00edntimas p\u00f3s depila\u00e7\u00e3o.<br \/>\n\u2022 Tamanho da cartela: 15 cm X 10 cm.<br \/>\n\u2022 Durabilidade 2 a 5 dias.<\/p>\n<p>MODO DE USO:<br \/>\n&#8211; Corte a tatuagem que ir\u00e1 utilizar;<br \/>\n&#8211; Retire a pel\u00edcula protetora;<br \/>\n&#8211; Certifique-se que a pele esteja limpa e seca.<\/p>\n<p>Coloque o desenho para baixo sobre o local da pele desejado.<br \/>\nUmede\u00e7a a parte de tr\u00e1s do papel com uma toalha ou esponja;<br \/>\nPressione o papel at\u00e9 que ele se solte;<br \/>\nRetire o papel cuidadosamente.<br \/>\nPara remover a tatuagem, basta aplicar um paninho com \u00e1lcool ou acetona.<\/p>\n","protected":false},"excerpt":{"rendered":"<h1><span style=\"color: #ff00ff\">NO PIX R$5,79<\/span><\/h1>\n","protected":false},"featured_media":6345,"comment_status":"open","ping_status":"closed","template":"","meta":[],"product_cat":[23,98,37,35,236],"product_tag":[],"class_list":{"0":"post-6344","1":"product","2":"type-product","3":"status-publish","4":"has-post-thumbnail","6":"product_cat-acessorios","7":"product_cat-brincadeiras","8":"product_cat-cosmeticos-e-comestiveis","9":"product_cat-fantasias","10":"product_cat-tatuagens","12":"first","13":"instock","14":"sale","15":"shipping-taxable","16":"purchasable","17":"product-type-variable"},"group_of_quantity":0,"min_quantity":0,"max_quantity":"","exclude_order_quantity_value_rules":"no","exclude_category_quantity_rules":"no","combine_variations":"no","_links":{"self":[{"href":"https:\/\/sorvetequente.com.br\/loja\/wp-json\/wp\/v2\/product\/6344","targetHints":{"allow":["GET"]}}],"collection":[{"href":"https:\/\/sorvetequente.com.br\/loja\/wp-json\/wp\/v2\/product"}],"about":[{"href":"https:\/\/sorvetequente.com.br\/loja\/wp-json\/wp\/v2\/types\/product"}],"replies":[{"embeddable":true,"href":"https:\/\/sorvetequente.com.br\/loja\/wp-json\/wp\/v2\/comments?post=6344"}],"wp:featuredmedia":[{"embeddable":true,"href":"https:\/\/sorvetequente.com.br\/loja\/wp-json\/wp\/v2\/media\/6345"}],"wp:attachment":[{"href":"https:\/\/sorvetequente.com.br\/loja\/wp-json\/wp\/v2\/media?parent=6344"}],"wp:term":[{"taxonomy":"product_cat","embeddable":true,"href":"https:\/\/sorvetequente.com.br\/loja\/wp-json\/wp\/v2\/product_cat?post=6344"},{"taxonomy":"product_tag","embeddable":true,"href":"https:\/\/sorvetequente.com.br\/loja\/wp-json\/wp\/v2\/product_tag?post=6344"}],"curies":[{"name":"wp","href":"https:\/\/api.w.org\/{rel}","templated":true}]}}