{"id":6236,"date":"2025-08-13T15:00:59","date_gmt":"2025-08-13T18:00:59","guid":{"rendered":"https:\/\/sorvetequente.com.br\/loja\/?post_type=product&#038;p=6236"},"modified":"2026-03-10T14:50:07","modified_gmt":"2026-03-10T17:50:07","slug":"rosa-estimuladora-c-pulsacao-e-vibro-vai-e-vem-c-10-modos","status":"publish","type":"product","link":"https:\/\/sorvetequente.com.br\/loja\/product\/rosa-estimuladora-c-pulsacao-e-vibro-vai-e-vem-c-10-modos\/","title":{"rendered":"Rosa estimuladora c\/ pulsa\u00e7\u00e3o e vibro vai e vem c\/10 modos"},"content":{"rendered":"<h2>Vibrador de Ponto G e Clit\u00f3ris com Vai e vem &#8211; Formato de Rosa &#8211; SI<\/h2>\n<p style=\"font-weight: 400\">Vibrador de Ponto G e clit\u00f3ris com 10 modos de vibra\u00e7\u00e3o com vai e vem &#8211; 10 modos de Pulsa\u00e7\u00e3o.<\/p>\n<p style=\"font-weight: 400\">Massageador feito em material macio de toque agrad\u00e1vel e f\u00e1cil limpeza.<\/p>\n<p style=\"font-weight: 400\">Massageador para est\u00edmulo do clit\u00f3ris com pulsa\u00e7\u00f5es.<\/p>\n<p style=\"font-weight: 400\">Produto resistente \u00e0 \u00e1gua.<\/p>\n<p style=\"font-weight: 400\">Modo de uso:<\/p>\n<p style=\"font-weight: 400\">aperte o bot\u00e3o para ligar e para controlar o n\u00edvel de vibra\u00e7\u00e3o, para\u00a0desligar basta apertar o bot\u00e3o.<\/p>\n<p style=\"font-weight: 400\">Lubrificar antes da penetra\u00e7\u00e3o.<\/p>\n<p style=\"font-weight: 400\">Material: Silicone, ABS.<\/p>\n<p style=\"font-weight: 400\">Bateria: Recarreg\u00e1vel via USB. (\u00a0N\u00e3o Usar Carregador Turbo )<\/p>\n<p style=\"font-weight: 400\">Medidas: 30,6 cm de comprimento total, 5,6 cm de espessura\u00a0(Medidas aproximadas).<\/p>\n","protected":false},"excerpt":{"rendered":"<h1><span style=\"color: #ff00ff\">NO PIX R$74,68<\/span><\/h1>\n","protected":false},"featured_media":6237,"comment_status":"open","ping_status":"closed","template":"","meta":[],"product_cat":[15,16,76],"product_tag":[],"class_list":{"0":"post-6236","1":"product","2":"type-product","3":"status-publish","4":"has-post-thumbnail","6":"product_cat-promocoes","7":"product_cat-para-ela","8":"product_cat-vibradores","10":"first","11":"instock","12":"sale","13":"shipping-taxable","14":"purchasable","15":"product-type-simple"},"group_of_quantity":0,"min_quantity":0,"max_quantity":"","exclude_order_quantity_value_rules":"no","exclude_category_quantity_rules":"no","combine_variations":"no","_links":{"self":[{"href":"https:\/\/sorvetequente.com.br\/loja\/wp-json\/wp\/v2\/product\/6236","targetHints":{"allow":["GET"]}}],"collection":[{"href":"https:\/\/sorvetequente.com.br\/loja\/wp-json\/wp\/v2\/product"}],"about":[{"href":"https:\/\/sorvetequente.com.br\/loja\/wp-json\/wp\/v2\/types\/product"}],"replies":[{"embeddable":true,"href":"https:\/\/sorvetequente.com.br\/loja\/wp-json\/wp\/v2\/comments?post=6236"}],"wp:featuredmedia":[{"embeddable":true,"href":"https:\/\/sorvetequente.com.br\/loja\/wp-json\/wp\/v2\/media\/6237"}],"wp:attachment":[{"href":"https:\/\/sorvetequente.com.br\/loja\/wp-json\/wp\/v2\/media?parent=6236"}],"wp:term":[{"taxonomy":"product_cat","embeddable":true,"href":"https:\/\/sorvetequente.com.br\/loja\/wp-json\/wp\/v2\/product_cat?post=6236"},{"taxonomy":"product_tag","embeddable":true,"href":"https:\/\/sorvetequente.com.br\/loja\/wp-json\/wp\/v2\/product_tag?post=6236"}],"curies":[{"name":"wp","href":"https:\/\/api.w.org\/{rel}","templated":true}]}}