{"id":6191,"date":"2025-08-04T12:24:21","date_gmt":"2025-08-04T15:24:21","guid":{"rendered":"https:\/\/sorvetequente.com.br\/loja\/?post_type=product&#038;p=6191"},"modified":"2026-02-21T18:50:53","modified_gmt":"2026-02-21T21:50:53","slug":"devorous-bubbalove-spray-dessensibilizante-para-sexo-oral-20ml","status":"publish","type":"product","link":"https:\/\/sorvetequente.com.br\/loja\/product\/devorous-bubbalove-spray-dessensibilizante-para-sexo-oral-20ml\/","title":{"rendered":"Devorous Bubbalove Spray Dessensibilizante para Sexo Oral 20Ml"},"content":{"rendered":"<p>O DEVOROUS \u00e9 um spray funcional facilitador que eleva o n\u00edvel na pr\u00e1tica do sexo oral, proporcionando mais conforto e prazer!<\/p>\n<p>Possui formula\u00e7\u00e3o de alta pot\u00eancia que ajuda a aumentar a satisfa\u00e7\u00e3o tanto para quem faz, quanto para quem recebe. Sua a\u00e7\u00e3o potencialmente suavizante auxilia melhorando poss\u00edveis sensa\u00e7\u00f5es de desconforto durante o momento. A composi\u00e7\u00e3o exclusiva tamb\u00e9m garante um deslizamento perfeito, facilitando os est\u00edmulos e deixando o toque ainda mais gostoso para ambos.<\/p>\n<p>Em novas vers\u00f5es tentadoras, o Devorous une sua pot\u00eancia ao aroma intenso de Bubbalove, nost\u00e1lgico e extremamente sensual. Explorando o efeito, voc\u00ea curte uma experi\u00eancia que envolve todos os seus sentidos sexuais durante a rela\u00e7\u00e3o.<\/p>\n<p>A v\u00e1lvula em spray promove aplica\u00e7\u00e3o precisa e uniforme na regi\u00e3o, evitando desperd\u00edcios e garantindo a higiene. E em sua nova embalagem em tamanho pocket, ele se torna uma \u00f3tima companhia para suas aventuras mais provocantes.!<\/p>\n<p><strong>Ficha T\u00e9cnica<\/strong><br \/>\nCont\u00e9m: 1 Devorous Bubbalove 20ml;<br \/>\nEmbalagem: Spray;<br \/>\nValidade: Presente na embalagem.<\/p>\n<p><strong>Composi\u00e7\u00e3o<\/strong><br \/>\nAqua (\u00c1gua), Alcohol (\u00c1lcool Et\u00edlico), Glycerin (Glicerol), Aroma (Aroma), Hydroxyacetophenone (Hidroxiacetofenona), Menthol (Mentol), Sodium Saccharin (Sacarina De S\u00f3dio), Disodium EDTA (Edetato Diss\u00f3dico), BHT (Butil-hidroxitolueno).<\/p>\n<p><strong>Modo de Uso<\/strong><\/p>\n<p>Borrife o produto no local desejado antes de iniciar as rela\u00e7\u00f5es.<\/p>\n","protected":false},"excerpt":{"rendered":"<h1><span style=\"color: #ff00ff\">NO PIX R$8,93<\/span><\/h1>\n","protected":false},"featured_media":6723,"comment_status":"open","ping_status":"closed","template":"","meta":[],"product_cat":[37,19,153],"product_tag":[],"class_list":{"0":"post-6191","1":"product","2":"type-product","3":"status-publish","4":"has-post-thumbnail","6":"product_cat-cosmeticos-e-comestiveis","7":"product_cat-novidades","8":"product_cat-sexo-oral","9":"pa_sabor-menta","10":"pa_sabor-morango","11":"pa_sabor-tuti-fruti","13":"first","14":"instock","15":"sale","16":"shipping-taxable","17":"purchasable","18":"product-type-variable"},"group_of_quantity":0,"min_quantity":0,"max_quantity":"","exclude_order_quantity_value_rules":"no","exclude_category_quantity_rules":"no","combine_variations":"no","_links":{"self":[{"href":"https:\/\/sorvetequente.com.br\/loja\/wp-json\/wp\/v2\/product\/6191","targetHints":{"allow":["GET"]}}],"collection":[{"href":"https:\/\/sorvetequente.com.br\/loja\/wp-json\/wp\/v2\/product"}],"about":[{"href":"https:\/\/sorvetequente.com.br\/loja\/wp-json\/wp\/v2\/types\/product"}],"replies":[{"embeddable":true,"href":"https:\/\/sorvetequente.com.br\/loja\/wp-json\/wp\/v2\/comments?post=6191"}],"wp:featuredmedia":[{"embeddable":true,"href":"https:\/\/sorvetequente.com.br\/loja\/wp-json\/wp\/v2\/media\/6723"}],"wp:attachment":[{"href":"https:\/\/sorvetequente.com.br\/loja\/wp-json\/wp\/v2\/media?parent=6191"}],"wp:term":[{"taxonomy":"product_cat","embeddable":true,"href":"https:\/\/sorvetequente.com.br\/loja\/wp-json\/wp\/v2\/product_cat?post=6191"},{"taxonomy":"product_tag","embeddable":true,"href":"https:\/\/sorvetequente.com.br\/loja\/wp-json\/wp\/v2\/product_tag?post=6191"}],"curies":[{"name":"wp","href":"https:\/\/api.w.org\/{rel}","templated":true}]}}