{"id":6125,"date":"2025-07-28T19:14:43","date_gmt":"2025-07-28T22:14:43","guid":{"rendered":"https:\/\/sorvetequente.com.br\/loja\/?post_type=product&#038;p=6125"},"modified":"2026-03-14T20:18:27","modified_gmt":"2026-03-14T23:18:27","slug":"varinha-magica-20-vibracoes-8-niveis-de-velocidade-recarregavel","status":"publish","type":"product","link":"https:\/\/sorvetequente.com.br\/loja\/product\/varinha-magica-20-vibracoes-8-niveis-de-velocidade-recarregavel\/","title":{"rendered":"Varinha M\u00e1gica 20 Vibra\u00e7\u00f5es 8 n\u00edveis de velocidade Recarreg\u00e1vel"},"content":{"rendered":"<p>Varinha M\u00e1gica com 20 Vibra\u00e7\u00f5es e 8 n\u00edveis de velocidade Recarreg\u00e1vel. Feito de silicone e corpo em Pl\u00e1stico, material macio e com um toque aveludado na ponta. Possui ondula\u00e7\u00e3o que torna a mais intensa e prazerosa, ideal para massagear e estimular clit\u00f3ris, seios e aliviar a tens\u00e3o. Possui textura macia, para um maior estimulo e prazer durante seu uso. Flex\u00edvel para maior conforto, vibrador com n\u00edveis de intensidade. Medidas aproximadas:15,2&#215;3,6 cm. Utiliza Cabo USB incluso.<\/p>\n<p>Material: Silicone+ABS.<\/p>\n","protected":false},"excerpt":{"rendered":"<h1><span style=\"color: #ff00ff\">NO PIX R$37,49<\/span><\/h1>\n","protected":false},"featured_media":6134,"comment_status":"open","ping_status":"closed","template":"","meta":[],"product_cat":[152,16,76],"product_tag":[],"class_list":{"0":"post-6125","1":"product","2":"type-product","3":"status-publish","4":"has-post-thumbnail","6":"product_cat-masturbadores","7":"product_cat-para-ela","8":"product_cat-vibradores","10":"first","11":"instock","12":"sale","13":"shipping-taxable","14":"purchasable","15":"product-type-variable"},"group_of_quantity":0,"min_quantity":0,"max_quantity":"","exclude_order_quantity_value_rules":"no","exclude_category_quantity_rules":"no","combine_variations":"no","_links":{"self":[{"href":"https:\/\/sorvetequente.com.br\/loja\/wp-json\/wp\/v2\/product\/6125","targetHints":{"allow":["GET"]}}],"collection":[{"href":"https:\/\/sorvetequente.com.br\/loja\/wp-json\/wp\/v2\/product"}],"about":[{"href":"https:\/\/sorvetequente.com.br\/loja\/wp-json\/wp\/v2\/types\/product"}],"replies":[{"embeddable":true,"href":"https:\/\/sorvetequente.com.br\/loja\/wp-json\/wp\/v2\/comments?post=6125"}],"wp:featuredmedia":[{"embeddable":true,"href":"https:\/\/sorvetequente.com.br\/loja\/wp-json\/wp\/v2\/media\/6134"}],"wp:attachment":[{"href":"https:\/\/sorvetequente.com.br\/loja\/wp-json\/wp\/v2\/media?parent=6125"}],"wp:term":[{"taxonomy":"product_cat","embeddable":true,"href":"https:\/\/sorvetequente.com.br\/loja\/wp-json\/wp\/v2\/product_cat?post=6125"},{"taxonomy":"product_tag","embeddable":true,"href":"https:\/\/sorvetequente.com.br\/loja\/wp-json\/wp\/v2\/product_tag?post=6125"}],"curies":[{"name":"wp","href":"https:\/\/api.w.org\/{rel}","templated":true}]}}