{"id":6107,"date":"2025-07-28T16:55:09","date_gmt":"2025-07-28T19:55:09","guid":{"rendered":"https:\/\/sorvetequente.com.br\/loja\/?post_type=product&#038;p=6107"},"modified":"2026-03-14T21:49:06","modified_gmt":"2026-03-15T00:49:06","slug":"estimulador-clitoris-c-funcao-pulsacao-c-10-modos-recarregavel","status":"publish","type":"product","link":"https:\/\/sorvetequente.com.br\/loja\/product\/estimulador-clitoris-c-funcao-pulsacao-c-10-modos-recarregavel\/","title":{"rendered":"Estimulador clit\u00f3ris c\/fun\u00e7\u00e3o Pulsa\u00e7\u00e3o c\/10 modos recarreg\u00e1vel"},"content":{"rendered":"<p style=\"font-weight: 400\">Estimulador de clit\u00f3ris e de mamilos. Utiliza a Pulsa\u00e7\u00e3o como forma de est\u00edmulo, fazendo voc\u00ea sentir novas sensa\u00e7\u00f5es<\/p>\n<p style=\"font-weight: 400\">feito em material macio de toque agrad\u00e1vel e f\u00e1cil limpeza.<\/p>\n<p style=\"font-weight: 400\">Possui 10 Modos de Pulsa\u00e7\u00e3o &#8220;RECARREG\u00c1VEL&#8221;<\/p>\n<p style=\"font-weight: 400\">Modo de uso:<\/p>\n<p style=\"font-weight: 400\">Para ligar\/desligar aperte o bot\u00e3o &#8220;Power&#8221;, para mudar a Pulsa\u00e7\u00e3o basta aperta o bot\u00e3o &#8220;Power&#8221;.<\/p>\n<p style=\"font-weight: 400\">Material: ABS.<\/p>\n<p style=\"font-weight: 400\">Medidas: 12 ,3 cm de comprimento, 3,8 cm de espessura (medidas aproximadas).<\/p>\n","protected":false},"excerpt":{"rendered":"<h1><span style=\"color: #ff00ff\">NO PIX R$27,48<\/span><\/h1>\n","protected":false},"featured_media":6102,"comment_status":"open","ping_status":"closed","template":"","meta":[],"product_cat":[152,16,76],"product_tag":[],"class_list":{"0":"post-6107","1":"product","2":"type-product","3":"status-publish","4":"has-post-thumbnail","6":"product_cat-masturbadores","7":"product_cat-para-ela","8":"product_cat-vibradores","10":"first","11":"instock","12":"sale","13":"shipping-taxable","14":"purchasable","15":"product-type-variable"},"group_of_quantity":0,"min_quantity":0,"max_quantity":"","exclude_order_quantity_value_rules":"no","exclude_category_quantity_rules":"no","combine_variations":"no","_links":{"self":[{"href":"https:\/\/sorvetequente.com.br\/loja\/wp-json\/wp\/v2\/product\/6107","targetHints":{"allow":["GET"]}}],"collection":[{"href":"https:\/\/sorvetequente.com.br\/loja\/wp-json\/wp\/v2\/product"}],"about":[{"href":"https:\/\/sorvetequente.com.br\/loja\/wp-json\/wp\/v2\/types\/product"}],"replies":[{"embeddable":true,"href":"https:\/\/sorvetequente.com.br\/loja\/wp-json\/wp\/v2\/comments?post=6107"}],"wp:featuredmedia":[{"embeddable":true,"href":"https:\/\/sorvetequente.com.br\/loja\/wp-json\/wp\/v2\/media\/6102"}],"wp:attachment":[{"href":"https:\/\/sorvetequente.com.br\/loja\/wp-json\/wp\/v2\/media?parent=6107"}],"wp:term":[{"taxonomy":"product_cat","embeddable":true,"href":"https:\/\/sorvetequente.com.br\/loja\/wp-json\/wp\/v2\/product_cat?post=6107"},{"taxonomy":"product_tag","embeddable":true,"href":"https:\/\/sorvetequente.com.br\/loja\/wp-json\/wp\/v2\/product_tag?post=6107"}],"curies":[{"name":"wp","href":"https:\/\/api.w.org\/{rel}","templated":true}]}}