{"id":5955,"date":"2025-05-15T12:46:46","date_gmt":"2025-05-15T15:46:46","guid":{"rendered":"https:\/\/sorvetequente.com.br\/loja\/?post_type=product&#038;p=5955"},"modified":"2026-03-11T15:13:23","modified_gmt":"2026-03-11T18:13:23","slug":"perfume-phero-aroma-feminino-15ml-sexy-fantasy","status":"publish","type":"product","link":"https:\/\/sorvetequente.com.br\/loja\/product\/perfume-phero-aroma-feminino-15ml-sexy-fantasy\/","title":{"rendered":"Perfume Phero Aroma Feminino 15ml Sexy Fantasy"},"content":{"rendered":"<p>PERFUME PHERO AROMA FEMININO 15ML SEXY FANTASY<\/p>\n<p>Phero Aroma Feminino \u00e9 um perfume feito para quem deseja provocar os sentidos e aumentar a atra\u00e7\u00e3o.<br \/>\nAs notas florais com toque c\u00edtrico despertam o poder da feminilidade e envolvem o ambiente com uma atmosfera sedutora.<\/p>\n<p>Composi\u00e7\u00e3o:<br \/>\nAlcohol (\u00c1lcool Et\u00edlico), Parfum (Perfume), Aqua (\u00c1gua), Propylene Glycol (Propilenoglicol), Linalool (Linalol), Benzyl Salicylate (Salicilato de Benzila), Hydroxycitronellal (Hidroxicitronelal), Coumarin (Cumarina), Benzyl Benzoate (Benzoato de Benzila), Limonene (Limoneno), Citronellol (Citronelol) e Hexyl Cinnamal (Hexil Cinamal).<\/p>\n<p>Precau\u00e7\u00f5es:<br \/>\nUso externo adulto.<br \/>\nManter fora do alcance de crian\u00e7as e animais dom\u00e9sticos.<br \/>\nEm caso de contato acidental com os olhos, enxaguar abundantemente com \u00e1gua.<br \/>\nHavendo irrita\u00e7\u00e3o suspenda o uso.<br \/>\nCaso a irrita\u00e7\u00e3o persistir, procure orienta\u00e7\u00e3o m\u00e9dica.<br \/>\nConservar ao abrigo da luz e do calor excessivo.<\/p>\n<p>Modo de usar:<br \/>\nAplique a uma dist\u00e2ncia de 15cm do corpo, nos pulsos, pesco\u00e7o e atr\u00e1s das orelhas para melhores resultados.<\/p>\n","protected":false},"excerpt":{"rendered":"<h1><span style=\"color: #ff00ff\">NO PIX R$9,49<\/span><\/h1>\n","protected":false},"featured_media":5956,"comment_status":"open","ping_status":"closed","template":"","meta":[],"product_cat":[37,173,16,66],"product_tag":[],"class_list":{"0":"post-5955","1":"product","2":"type-product","3":"status-publish","4":"has-post-thumbnail","6":"product_cat-cosmeticos-e-comestiveis","7":"product_cat-higiene-e-banho","8":"product_cat-para-ela","9":"product_cat-promocao-relampago","11":"first","12":"instock","13":"sale","14":"shipping-taxable","15":"purchasable","16":"product-type-simple"},"group_of_quantity":0,"min_quantity":0,"max_quantity":"","exclude_order_quantity_value_rules":"no","exclude_category_quantity_rules":"no","combine_variations":"no","_links":{"self":[{"href":"https:\/\/sorvetequente.com.br\/loja\/wp-json\/wp\/v2\/product\/5955","targetHints":{"allow":["GET"]}}],"collection":[{"href":"https:\/\/sorvetequente.com.br\/loja\/wp-json\/wp\/v2\/product"}],"about":[{"href":"https:\/\/sorvetequente.com.br\/loja\/wp-json\/wp\/v2\/types\/product"}],"replies":[{"embeddable":true,"href":"https:\/\/sorvetequente.com.br\/loja\/wp-json\/wp\/v2\/comments?post=5955"}],"wp:featuredmedia":[{"embeddable":true,"href":"https:\/\/sorvetequente.com.br\/loja\/wp-json\/wp\/v2\/media\/5956"}],"wp:attachment":[{"href":"https:\/\/sorvetequente.com.br\/loja\/wp-json\/wp\/v2\/media?parent=5955"}],"wp:term":[{"taxonomy":"product_cat","embeddable":true,"href":"https:\/\/sorvetequente.com.br\/loja\/wp-json\/wp\/v2\/product_cat?post=5955"},{"taxonomy":"product_tag","embeddable":true,"href":"https:\/\/sorvetequente.com.br\/loja\/wp-json\/wp\/v2\/product_tag?post=5955"}],"curies":[{"name":"wp","href":"https:\/\/api.w.org\/{rel}","templated":true}]}}