{"id":5909,"date":"2025-05-11T18:20:45","date_gmt":"2025-05-11T21:20:45","guid":{"rendered":"https:\/\/sorvetequente.com.br\/loja\/?post_type=product&#038;p=5909"},"modified":"2026-03-31T17:54:44","modified_gmt":"2026-03-31T20:54:44","slug":"chicote-luxo-bondage-59-cm","status":"publish","type":"product","link":"https:\/\/sorvetequente.com.br\/loja\/product\/chicote-luxo-bondage-59-cm\/","title":{"rendered":"Chicote Luxo &#8211; Bondage &#8211; 59 cm"},"content":{"rendered":"<h2>Chicote Luxo &#8211; Bondage &#8211; 59 cm<\/h2>\n<p>Chibata de luxo confeccionada em PU, \u00e9 ideal para casais que querem apimentar a sua rela\u00e7\u00e3o!<span data-ccp-props=\"{&quot;201341983&quot;:0,&quot;335551550&quot;:1,&quot;335551620&quot;:1,&quot;335559739&quot;:160,&quot;335559740&quot;:259}\">\u00a0<\/span><\/p>\n<p>Fa\u00e7a com que o seu parceiro obede\u00e7a \u00e0s suas ordens e vontades, de maneira d\u00f3cil e af\u00e1vel.<\/p>\n<p>Tem uma\u00a0al\u00e7a no cabo para facilitar a utiliza\u00e7\u00e3o\u00a0e arruma\u00e7\u00e3o.<\/p>\n<p>Modo de uso:<\/p>\n<p>Solte seu lado sadomasoquista.<\/p>\n<p><span data-ccp-props=\"{&quot;201341983&quot;:0,&quot;335559739&quot;:160,&quot;335559740&quot;:259}\">Material:<\/span><\/p>\n<p>PU<span data-ccp-props=\"{&quot;201341983&quot;:0,&quot;335551550&quot;:1,&quot;335551620&quot;:1,&quot;335559739&quot;:160,&quot;335559740&quot;:259}\"><br \/>\n<\/span><\/p>\n<p><span data-ccp-props=\"{&quot;201341983&quot;:0,&quot;335551550&quot;:1,&quot;335551620&quot;:1,&quot;335559739&quot;:160,&quot;335559740&quot;:259}\">Medidas:<\/span><\/p>\n<p>59,0 cm de\u00a0comprimento total\u00a0(medidas aproximadas).<span data-ccp-props=\"{&quot;201341983&quot;:0,&quot;335551550&quot;:1,&quot;335551620&quot;:1,&quot;335559739&quot;:160,&quot;335559740&quot;:259}\"><br \/>\n<\/span><\/p>\n","protected":false},"excerpt":{"rendered":"<h1><span style=\"color: #ff00ff\">NO PIX R$9,79<\/span><\/h1>\n","protected":false},"featured_media":5914,"comment_status":"open","ping_status":"closed","template":"","meta":[],"product_cat":[15,23,32],"product_tag":[],"class_list":{"0":"post-5909","1":"product","2":"type-product","3":"status-publish","4":"has-post-thumbnail","6":"product_cat-promocoes","7":"product_cat-acessorios","8":"product_cat-sado-fetiche","10":"first","11":"instock","12":"sale","13":"shipping-taxable","14":"purchasable","15":"product-type-variable"},"group_of_quantity":0,"min_quantity":0,"max_quantity":"","exclude_order_quantity_value_rules":"no","exclude_category_quantity_rules":"no","combine_variations":"no","_links":{"self":[{"href":"https:\/\/sorvetequente.com.br\/loja\/wp-json\/wp\/v2\/product\/5909","targetHints":{"allow":["GET"]}}],"collection":[{"href":"https:\/\/sorvetequente.com.br\/loja\/wp-json\/wp\/v2\/product"}],"about":[{"href":"https:\/\/sorvetequente.com.br\/loja\/wp-json\/wp\/v2\/types\/product"}],"replies":[{"embeddable":true,"href":"https:\/\/sorvetequente.com.br\/loja\/wp-json\/wp\/v2\/comments?post=5909"}],"wp:featuredmedia":[{"embeddable":true,"href":"https:\/\/sorvetequente.com.br\/loja\/wp-json\/wp\/v2\/media\/5914"}],"wp:attachment":[{"href":"https:\/\/sorvetequente.com.br\/loja\/wp-json\/wp\/v2\/media?parent=5909"}],"wp:term":[{"taxonomy":"product_cat","embeddable":true,"href":"https:\/\/sorvetequente.com.br\/loja\/wp-json\/wp\/v2\/product_cat?post=5909"},{"taxonomy":"product_tag","embeddable":true,"href":"https:\/\/sorvetequente.com.br\/loja\/wp-json\/wp\/v2\/product_tag?post=5909"}],"curies":[{"name":"wp","href":"https:\/\/api.w.org\/{rel}","templated":true}]}}