{"id":5871,"date":"2025-05-11T17:19:05","date_gmt":"2025-05-11T20:19:05","guid":{"rendered":"https:\/\/sorvetequente.com.br\/loja\/?post_type=product&#038;p=5871"},"modified":"2025-12-15T13:30:07","modified_gmt":"2025-12-15T16:30:07","slug":"kit-de-plug-anal-com-4-modelos-de-plug-de-silicone","status":"publish","type":"product","link":"https:\/\/sorvetequente.com.br\/loja\/product\/kit-de-plug-anal-com-4-modelos-de-plug-de-silicone\/","title":{"rendered":"Kit de plug anal com 4 modelos de plug de silicone"},"content":{"rendered":"<h2>Kit com 4 Plug Anal<\/h2>\n<p style=\"font-weight: 400\">Kit plug anal, o kit possui\u00a04\u00a0plugs cada plug tem um tamanho e di\u00e2metro diferente.<\/p>\n<p style=\"font-weight: 400\">Assim voc\u00ea pode come\u00e7ar pelo menor no in\u00edcio da pr\u00e1tica e ir para o maior.<\/p>\n<p style=\"font-weight: 400\">Com formato c\u00f4nico que ajuda ainda mais na hora da penetra\u00e7\u00e3o.<\/p>\n<p style=\"font-weight: 400\">Pr\u00f3ximo \u00e0 base ele \u00e9 mais fino, isso para que tenha uma melhor penetra\u00e7\u00e3o durante seu uso.<\/p>\n<p style=\"font-weight: 400\">Feito em silicone.<\/p>\n<p style=\"font-weight: 400\"><span data-ccp-props=\"{&quot;201341983&quot;:0,&quot;335551550&quot;:6,&quot;335551620&quot;:6,&quot;335559739&quot;:160,&quot;335559740&quot;:259}\">Modo de uso: <\/span>Lubrificar antes da penetra\u00e7\u00e3o.<\/p>\n<p style=\"font-weight: 400\">Material: Silicone.<\/p>\n<p style=\"font-weight: 400\"><span data-ccp-props=\"{&quot;201341983&quot;:0,&quot;335551550&quot;:6,&quot;335551620&quot;:6,&quot;335559739&quot;:160,&quot;335559740&quot;:259}\">Medidas:<\/span><\/p>\n<p style=\"font-weight: 400\">1 &#8211; 11,8\u00a0de comprimento\u00a03,6 cm\u00a0de espessura (medidas aproximadas).<br \/>\n2 &#8211; 10,8\u00a0de comprimento\u00a02,6 cm\u00a0de espessura (medidas aproximadas).<br \/>\n3 &#8211; 8,9\u00a0de comprimento\u00a02,3cm\u00a0de espessura (medidas aproximadas).<br \/>\n4 &#8211; 8,0\u00a0de comprimento\u00a02,3cm\u00a0de espessura (medidas aproximadas).<\/p>\n","protected":false},"excerpt":{"rendered":"<h1><span style=\"color: #ff00ff\">NO PIX R$12,85<\/span><\/h1>\n","protected":false},"featured_media":5872,"comment_status":"open","ping_status":"closed","template":"","meta":[],"product_cat":[23,33,157,66,32,134],"product_tag":[],"class_list":{"0":"post-5871","1":"product","2":"type-product","3":"status-publish","4":"has-post-thumbnail","6":"product_cat-acessorios","7":"product_cat-kits","8":"product_cat-plug-anal","9":"product_cat-promocao-relampago","10":"product_cat-sado-fetiche","11":"product_cat-sexo-anal","13":"first","14":"instock","15":"sale","16":"shipping-taxable","17":"purchasable","18":"product-type-simple"},"group_of_quantity":0,"min_quantity":0,"max_quantity":"","exclude_order_quantity_value_rules":"no","exclude_category_quantity_rules":"no","combine_variations":"no","_links":{"self":[{"href":"https:\/\/sorvetequente.com.br\/loja\/wp-json\/wp\/v2\/product\/5871","targetHints":{"allow":["GET"]}}],"collection":[{"href":"https:\/\/sorvetequente.com.br\/loja\/wp-json\/wp\/v2\/product"}],"about":[{"href":"https:\/\/sorvetequente.com.br\/loja\/wp-json\/wp\/v2\/types\/product"}],"replies":[{"embeddable":true,"href":"https:\/\/sorvetequente.com.br\/loja\/wp-json\/wp\/v2\/comments?post=5871"}],"wp:featuredmedia":[{"embeddable":true,"href":"https:\/\/sorvetequente.com.br\/loja\/wp-json\/wp\/v2\/media\/5872"}],"wp:attachment":[{"href":"https:\/\/sorvetequente.com.br\/loja\/wp-json\/wp\/v2\/media?parent=5871"}],"wp:term":[{"taxonomy":"product_cat","embeddable":true,"href":"https:\/\/sorvetequente.com.br\/loja\/wp-json\/wp\/v2\/product_cat?post=5871"},{"taxonomy":"product_tag","embeddable":true,"href":"https:\/\/sorvetequente.com.br\/loja\/wp-json\/wp\/v2\/product_tag?post=5871"}],"curies":[{"name":"wp","href":"https:\/\/api.w.org\/{rel}","templated":true}]}}