{"id":5844,"date":"2025-05-10T21:27:26","date_gmt":"2025-05-11T00:27:26","guid":{"rendered":"https:\/\/sorvetequente.com.br\/loja\/?post_type=product&#038;p=5844"},"modified":"2026-02-21T18:23:26","modified_gmt":"2026-02-21T21:23:26","slug":"ducha-higienica-unissex-230ml","status":"publish","type":"product","link":"https:\/\/sorvetequente.com.br\/loja\/product\/ducha-higienica-unissex-230ml\/","title":{"rendered":"Ducha higi\u00eanica unissex &#8211; 230ml"},"content":{"rendered":"<h2>Ducha Higi\u00eanica Unissex &#8211; 230ml &#8211; M2 &#8211; SI<\/h2>\n<p style=\"font-weight: 400\">Ducha unissex para limpeza anal, composta por 1 aplicador e bomba para suc\u00e7\u00e3o da \u00e1gua.<\/p>\n<p style=\"font-weight: 400\">O aplicador \u00e9 confeccionado em pl\u00e1stico r\u00edgido e a bomba de suc\u00e7\u00e3o, em borracha macia.<\/p>\n<p style=\"font-weight: 400\">Discreta, confort\u00e1vel, f\u00e1cil de limpar e muito simples de usar.<\/p>\n<p style=\"font-weight: 400\">Serve tamb\u00e9m como pulverizador de lubrificante.<\/p>\n<p>&nbsp;<\/p>\n<p style=\"font-weight: 400\">Modo de uso:<\/p>\n<p style=\"font-weight: 400\">Pressione a bomba de borracha para remover o ar e ent\u00e3o coloque a ponta do aplicador em um recipiente com \u00e1gua ou o l\u00edquido que preferir.<\/p>\n<p style=\"font-weight: 400\">Ao manter a ponta submersa relaxe a press\u00e3o na bomba at\u00e9 preench\u00ea-lo completamente.<\/p>\n<p style=\"font-weight: 400\">Insira o aplicador no \u00e2nus e suavemente aperte a bomba.<\/p>\n<p style=\"font-weight: 400\">Material:<\/p>\n<p style=\"font-weight: 400\">PVC e ABS.<\/p>\n<p style=\"font-weight: 400\">Medidas:<\/p>\n<p style=\"font-weight: 400\">230 ml.<\/p>\n<p style=\"font-weight: 400\">Higieniza\u00e7\u00e3o:<\/p>\n<p style=\"font-weight: 400\">Lavar com \u00e1gua e sab\u00e3o neutro antes e ap\u00f3s o uso, seque com papel toalha ou deixe secar naturalmente.<\/p>\n<p style=\"font-weight: 400\">Depois de seco guarde na embalagem original.<\/p>\n<p style=\"font-weight: 400\">N\u00e3o compartilhar e n\u00e3o expor a temperatura superior a 50\u00b0C.<\/p>\n","protected":false},"excerpt":{"rendered":"<h1><span style=\"color: #ff00ff\">NO PIX R$17,49<\/span><\/h1>\n","protected":false},"featured_media":5845,"comment_status":"open","ping_status":"closed","template":"","meta":[],"product_cat":[23,173,19,134],"product_tag":[],"class_list":{"0":"post-5844","1":"product","2":"type-product","3":"status-publish","4":"has-post-thumbnail","6":"product_cat-acessorios","7":"product_cat-higiene-e-banho","8":"product_cat-novidades","9":"product_cat-sexo-anal","11":"first","12":"instock","13":"sale","14":"shipping-taxable","15":"purchasable","16":"product-type-simple"},"group_of_quantity":0,"min_quantity":0,"max_quantity":"","exclude_order_quantity_value_rules":"no","exclude_category_quantity_rules":"no","combine_variations":"no","_links":{"self":[{"href":"https:\/\/sorvetequente.com.br\/loja\/wp-json\/wp\/v2\/product\/5844","targetHints":{"allow":["GET"]}}],"collection":[{"href":"https:\/\/sorvetequente.com.br\/loja\/wp-json\/wp\/v2\/product"}],"about":[{"href":"https:\/\/sorvetequente.com.br\/loja\/wp-json\/wp\/v2\/types\/product"}],"replies":[{"embeddable":true,"href":"https:\/\/sorvetequente.com.br\/loja\/wp-json\/wp\/v2\/comments?post=5844"}],"wp:featuredmedia":[{"embeddable":true,"href":"https:\/\/sorvetequente.com.br\/loja\/wp-json\/wp\/v2\/media\/5845"}],"wp:attachment":[{"href":"https:\/\/sorvetequente.com.br\/loja\/wp-json\/wp\/v2\/media?parent=5844"}],"wp:term":[{"taxonomy":"product_cat","embeddable":true,"href":"https:\/\/sorvetequente.com.br\/loja\/wp-json\/wp\/v2\/product_cat?post=5844"},{"taxonomy":"product_tag","embeddable":true,"href":"https:\/\/sorvetequente.com.br\/loja\/wp-json\/wp\/v2\/product_tag?post=5844"}],"curies":[{"name":"wp","href":"https:\/\/api.w.org\/{rel}","templated":true}]}}