{"id":5694,"date":"2025-03-05T12:41:17","date_gmt":"2025-03-05T15:41:17","guid":{"rendered":"https:\/\/sorvetequente.com.br\/loja\/?post_type=product&#038;p=5694"},"modified":"2026-03-31T17:54:44","modified_gmt":"2026-03-31T20:54:44","slug":"calcinha-comestivel-neon-plus-size-de-gelatina-petit-cherry","status":"publish","type":"product","link":"https:\/\/sorvetequente.com.br\/loja\/product\/calcinha-comestivel-neon-plus-size-de-gelatina-petit-cherry\/","title":{"rendered":"Calcinha Comestivel Neon Plus Size de Gelatina Petit Cherry"},"content":{"rendered":"<p><b>Calcinha Sol\u00favel de Fantasia Neon Plus Size sem Costura de Gelatina Petit Cherry.<\/b><\/p>\n<p>A\u00a0<b>Calcinha Sol\u00favel<\/b>\u00a0\u00e9 feita de gelatina bem fininha sendo muito deliciosa, com os melhores sabores \u00e9 semelhante a um tecido, ela \u00e9 Neon e Plus Size, tornando-se um produto \u00fanico e inovador do mercado, \u00e9 sem costura e ainda se molda conforme seu corpo como se fosse uma tanga. Dissolve-se ao contato com a \u00e1gua ou a saliva. Produzido com o mais alto padr\u00e3o de qualidade\u00a0<b>Petit Cherry<\/b>\u00a0ela vai se desmanchar em uma explos\u00e3o de sabor e voc\u00ea em prazer!<\/p>\n<p>Modo de Usar: Tome aquele banho, desembrulhe a calcinha e vista, ela se adequa ao seu corpo como uma tanga.<br \/>\nComposi\u00e7\u00e3o: Gelatina Sint\u00e9tica, Goma Xantana, CMC, Edulcorantes, Sabor e Corantes Artificiais. N\u00e3o Cont\u00e9m A\u00e7\u00facar.<\/p>\n","protected":false},"excerpt":{"rendered":"<h1><span style=\"color: #ff00ff\">NO PIX R$12,81<\/span><\/h1>\n","protected":false},"featured_media":5705,"comment_status":"open","ping_status":"closed","template":"","meta":[],"product_cat":[23,194,37,34],"product_tag":[],"class_list":{"0":"post-5694","1":"product","2":"type-product","3":"status-publish","4":"has-post-thumbnail","6":"product_cat-acessorios","7":"product_cat-calcinhas","8":"product_cat-cosmeticos-e-comestiveis","9":"product_cat-lingeries","10":"pa_sabor-acai","11":"pa_sabor-menta","12":"pa_sabor-morango","13":"pa_sabor-pessego","14":"pa_sabor-uva","16":"first","17":"instock","18":"sale","19":"shipping-taxable","20":"purchasable","21":"product-type-variable"},"group_of_quantity":0,"min_quantity":0,"max_quantity":"","exclude_order_quantity_value_rules":"no","exclude_category_quantity_rules":"no","combine_variations":"no","_links":{"self":[{"href":"https:\/\/sorvetequente.com.br\/loja\/wp-json\/wp\/v2\/product\/5694","targetHints":{"allow":["GET"]}}],"collection":[{"href":"https:\/\/sorvetequente.com.br\/loja\/wp-json\/wp\/v2\/product"}],"about":[{"href":"https:\/\/sorvetequente.com.br\/loja\/wp-json\/wp\/v2\/types\/product"}],"replies":[{"embeddable":true,"href":"https:\/\/sorvetequente.com.br\/loja\/wp-json\/wp\/v2\/comments?post=5694"}],"wp:featuredmedia":[{"embeddable":true,"href":"https:\/\/sorvetequente.com.br\/loja\/wp-json\/wp\/v2\/media\/5705"}],"wp:attachment":[{"href":"https:\/\/sorvetequente.com.br\/loja\/wp-json\/wp\/v2\/media?parent=5694"}],"wp:term":[{"taxonomy":"product_cat","embeddable":true,"href":"https:\/\/sorvetequente.com.br\/loja\/wp-json\/wp\/v2\/product_cat?post=5694"},{"taxonomy":"product_tag","embeddable":true,"href":"https:\/\/sorvetequente.com.br\/loja\/wp-json\/wp\/v2\/product_tag?post=5694"}],"curies":[{"name":"wp","href":"https:\/\/api.w.org\/{rel}","templated":true}]}}