{"id":5571,"date":"2025-02-28T21:19:42","date_gmt":"2025-03-01T00:19:42","guid":{"rendered":"https:\/\/sorvetequente.com.br\/loja\/?post_type=product&#038;p=5571"},"modified":"2026-02-26T21:16:01","modified_gmt":"2026-02-27T00:16:01","slug":"pulse-pussy-gel-adstringente-vibrante-18g-pepper-blend","status":"publish","type":"product","link":"https:\/\/sorvetequente.com.br\/loja\/product\/pulse-pussy-gel-adstringente-vibrante-18g-pepper-blend\/","title":{"rendered":"Pulse Pussy Gel Adstringente Vibrante 18g Pepper Blend"},"content":{"rendered":"<p>PULSE PUSSY GEL VIBRANTE ADSTRINGENTE BEIJ\u00c1VEL 18G PEPPER BLEND<\/p>\n<p>Pulse Pussy \u00e9 um gel adstringente\u00a0Vibrante que vai tornar as suas noites muito mais intensas.<br \/>\nAl\u00e9m de Causar uma sensa\u00e7\u00e3o de estreitamento do canal vaginal, tamb\u00e9m possui uma sensa\u00e7\u00e3o vibrante e um sabor delicioso de vinho com pimenta.<\/p>\n<p>Benef\u00edcios:<br \/>\nEfeito apertadinho;<br \/>\nMomentos intensos;<br \/>\nAumento da Libido;<br \/>\nApimentar as preliminares.<\/p>\n<p>Cont\u00e9m: 18g.<\/p>\n<p>Modo de usar:<br \/>\nAplicar sobre o local desejado e saborear \u00e0 vontade.<br \/>\nPRODUTO COMEST\u00cdVEL.<\/p>\n","protected":false},"excerpt":{"rendered":"<h1><span style=\"color: #ff00ff\">NO PIX R$8,39<\/span><\/h1>\n","protected":false},"featured_media":5572,"comment_status":"open","ping_status":"closed","template":"","meta":[],"product_cat":[37,16,153],"product_tag":[],"class_list":{"0":"post-5571","1":"product","2":"type-product","3":"status-publish","4":"has-post-thumbnail","6":"product_cat-cosmeticos-e-comestiveis","7":"product_cat-para-ela","8":"product_cat-sexo-oral","10":"first","11":"instock","12":"sale","13":"shipping-taxable","14":"purchasable","15":"product-type-simple"},"group_of_quantity":0,"min_quantity":0,"max_quantity":"","exclude_order_quantity_value_rules":"no","exclude_category_quantity_rules":"no","combine_variations":"no","_links":{"self":[{"href":"https:\/\/sorvetequente.com.br\/loja\/wp-json\/wp\/v2\/product\/5571","targetHints":{"allow":["GET"]}}],"collection":[{"href":"https:\/\/sorvetequente.com.br\/loja\/wp-json\/wp\/v2\/product"}],"about":[{"href":"https:\/\/sorvetequente.com.br\/loja\/wp-json\/wp\/v2\/types\/product"}],"replies":[{"embeddable":true,"href":"https:\/\/sorvetequente.com.br\/loja\/wp-json\/wp\/v2\/comments?post=5571"}],"wp:featuredmedia":[{"embeddable":true,"href":"https:\/\/sorvetequente.com.br\/loja\/wp-json\/wp\/v2\/media\/5572"}],"wp:attachment":[{"href":"https:\/\/sorvetequente.com.br\/loja\/wp-json\/wp\/v2\/media?parent=5571"}],"wp:term":[{"taxonomy":"product_cat","embeddable":true,"href":"https:\/\/sorvetequente.com.br\/loja\/wp-json\/wp\/v2\/product_cat?post=5571"},{"taxonomy":"product_tag","embeddable":true,"href":"https:\/\/sorvetequente.com.br\/loja\/wp-json\/wp\/v2\/product_tag?post=5571"}],"curies":[{"name":"wp","href":"https:\/\/api.w.org\/{rel}","templated":true}]}}