{"id":5535,"date":"2025-02-28T16:02:33","date_gmt":"2025-02-28T19:02:33","guid":{"rendered":"https:\/\/sorvetequente.com.br\/loja\/?post_type=product&#038;p=5535"},"modified":"2025-12-18T01:58:47","modified_gmt":"2025-12-18T04:58:47","slug":"body-em-renda-floral-frente-unica-com-amarracao-cor-rose","status":"publish","type":"product","link":"https:\/\/sorvetequente.com.br\/loja\/product\/body-em-renda-floral-frente-unica-com-amarracao-cor-rose\/","title":{"rendered":"Body em Renda Floral Frente \u00danica com Amarra\u00e7\u00e3o cor Rose"},"content":{"rendered":"<div class=\"flex items-center gap-2 mb-4 undefined\">\n<h2 class=\"text-2xl font-black text-[26px] text-red-wine\">DESCRI\u00c7\u00c3O<\/h2>\n<\/div>\n<div class=\"text-black [&amp;_a]:text-pink\">\n<p>Uma das pe\u00e7as mais queridas do guarda roupa de qualquer mulher o\u00a0<strong>Body Rendado\u00a0<\/strong>da Patitex \u00e9 a mistura de\u00a0<strong>sensualidade\u00a0<\/strong>e\u00a0<strong>eleg\u00e2ncia\u00a0<\/strong>em uma s\u00f3 pe\u00e7a, seu caimento justinho e sua transpar\u00eancia torna o body uma pe\u00e7a chave na arte da\u00a0<strong>sedu\u00e7\u00e3o\u00a0<\/strong>e ainda conta com sua\u00a0<strong>versatilidade<\/strong>.<\/p>\n<p>Sua\u00a0<strong>amarra\u00e7\u00e3o\u00a0<\/strong>central junto com a\u00a0<strong>abertura\u00a0<\/strong>deixa o visual ainda mais deslumbrante, tornando qualquer mulher uma obra de arte a ser apreciada. Suas costas tamb\u00e9m trazem\u00a0<strong>detalhes\u00a0<\/strong>de tirar o f\u00f4lego. Para fechar a noite, o fio era o que faltava para conquistar quem voc\u00ea mais deseja.<\/p>\n<h3><strong>Por que o Body de Renda \u00e9 t\u00e3o vers\u00e1til?<\/strong><\/h3>\n<p>A grande vantagem de adquirir o Body Rendado da\u00a0<strong>Patitex\u00a0<\/strong>\u00e9 que n\u00e3o existe um jeito certo de usar, muito mais que uma pe\u00e7a para deixar a\u00a0<strong>preliminar\u00a0<\/strong>ainda mais sensual e provocante deixe seu parceiro de queixo ca\u00eddo.<\/p>\n<p>N\u00e3o deixe de abusar das\u00a0<strong>tend\u00eancias<\/strong>, o queridinho por muitas tamb\u00e9m pode ser usado para compor looks super estilosos. Use algumas composi\u00e7\u00f5es e monte um visual arrasador, combine com blazers, jaquetas, sobretudos, cal\u00e7as, saias, mas n\u00e3o se esque\u00e7a que o melhor \u00e9 sempre no final, mostre para que veio e que isso tudo s\u00f3 pode ser visto por quem vai passar a noite com voc\u00ea.<\/p>\n<h3><strong>Como saber se o Body ficar\u00e1 bem no corpo?<\/strong><\/h3>\n<p>Realce todas as suas curvas com o Body da Patitex, sua frontal mais ousada permite que a pe\u00e7a se encaixe da maneira mais perfeita sobre cada corpo, deixando o lado sensual mais evidente em qualquer mulher, mas nunca de maneira vulgar. Seu fio valoriza ainda mais o bumbum de quem adquire uma pe\u00e7a como essa.<\/p>\n<p>Sua amarra\u00e7\u00e3o frontal permite que as coisas fiquem ainda mais divertidas e instigantes, tire voc\u00ea mesma ou solicite uma ajudinha e deixe as coisas ainda mais irresist\u00edveis.<\/p>\n<h3><strong>Quais os benef\u00edcios do Body com Amarra\u00e7\u00e3o da Patitex?<\/strong><\/h3>\n<ul>\n<li>\u2022 Eleg\u00e2ncia;<\/li>\n<li>\u2022 Provocante;<\/li>\n<li>\u2022 Sensualidade;<\/li>\n<li>\u2022 Visual ousado;<\/li>\n<\/ul>\n<h3><strong>Ficha T\u00e9cnica<\/strong><\/h3>\n<ul>\n<li>\u2022\u00a0<strong>Cont\u00e9m:<\/strong>\u00a001 Body.<\/li>\n<li>\u2022\u00a0<strong>Embalagem:<\/strong>\u00a0Saquinho pl\u00e1stico.<\/li>\n<\/ul>\n<\/div>\n","protected":false},"excerpt":{"rendered":"<h1><span style=\"color: #ff00ff\">NO PIX R$8,99<\/span><\/h1>\n","protected":false},"featured_media":5781,"comment_status":"open","ping_status":"closed","template":"","meta":[],"product_cat":[158,159,66],"product_tag":[],"class_list":{"0":"post-5535","1":"product","2":"type-product","3":"status-publish","4":"has-post-thumbnail","6":"product_cat-body","7":"product_cat-conjunto","8":"product_cat-promocao-relampago","10":"first","11":"instock","12":"sale","13":"shipping-taxable","14":"purchasable","15":"product-type-variable"},"group_of_quantity":0,"min_quantity":0,"max_quantity":"","exclude_order_quantity_value_rules":"no","exclude_category_quantity_rules":"no","combine_variations":"no","_links":{"self":[{"href":"https:\/\/sorvetequente.com.br\/loja\/wp-json\/wp\/v2\/product\/5535","targetHints":{"allow":["GET"]}}],"collection":[{"href":"https:\/\/sorvetequente.com.br\/loja\/wp-json\/wp\/v2\/product"}],"about":[{"href":"https:\/\/sorvetequente.com.br\/loja\/wp-json\/wp\/v2\/types\/product"}],"replies":[{"embeddable":true,"href":"https:\/\/sorvetequente.com.br\/loja\/wp-json\/wp\/v2\/comments?post=5535"}],"wp:featuredmedia":[{"embeddable":true,"href":"https:\/\/sorvetequente.com.br\/loja\/wp-json\/wp\/v2\/media\/5781"}],"wp:attachment":[{"href":"https:\/\/sorvetequente.com.br\/loja\/wp-json\/wp\/v2\/media?parent=5535"}],"wp:term":[{"taxonomy":"product_cat","embeddable":true,"href":"https:\/\/sorvetequente.com.br\/loja\/wp-json\/wp\/v2\/product_cat?post=5535"},{"taxonomy":"product_tag","embeddable":true,"href":"https:\/\/sorvetequente.com.br\/loja\/wp-json\/wp\/v2\/product_tag?post=5535"}],"curies":[{"name":"wp","href":"https:\/\/api.w.org\/{rel}","templated":true}]}}