{"id":5474,"date":"2025-02-17T12:23:47","date_gmt":"2025-02-17T15:23:47","guid":{"rendered":"https:\/\/sorvetequente.com.br\/loja\/?post_type=product&#038;p=5474"},"modified":"2026-02-26T21:20:21","modified_gmt":"2026-02-27T00:20:21","slug":"d4-lubrificante-intimo-beijavel-ice-60g-sexy-fantasy","status":"publish","type":"product","link":"https:\/\/sorvetequente.com.br\/loja\/product\/d4-lubrificante-intimo-beijavel-ice-60g-sexy-fantasy\/","title":{"rendered":"D4 LUBRIFICANTE \u00cdNTIMO BEIJ\u00c1VEL ICE 60G SEXY FANTASY"},"content":{"rendered":"<div class=\"conteudoFecha\">\n<p>Um dos produtos\u00a0<strong>er\u00f3ticos\u00a0<\/strong>mais usados, o Lubrificante D4 ICE\u00a0 tem como uma de suas principais fun\u00e7\u00f5es <strong>lubrificar\u00a0<\/strong>o\u00a0<strong>canal vaginal<\/strong>, evitando inc\u00f4modos e mal estar durante as penetra\u00e7\u00f5es e ainda conta com uma maravilhosa fun\u00e7\u00e3o de esfriamento e um incr\u00edvel sabor<strong>\u00a0<\/strong>que deixa o sexo\u00a0<strong>oral\u00a0<\/strong>surpreendente.<\/p>\n<p>&nbsp;<\/p>\n<p>Nada mais vai ser como antes, mas cuidado, o perigo de se apaixonar por esse cosm\u00e9tico \u00e9 grande e voc\u00ea nunca mais vai conseguir ficar seu o seu Lubrificante D4 Ice.<\/p>\n<p>&nbsp;<\/p>\n<h3><strong>O que s\u00e3o os cosm\u00e9ticos beij\u00e1veis funcionais?<\/strong><\/h3>\n<p>&nbsp;<\/p>\n<p>Os g\u00e9is beij\u00e1veis\u00a0<strong>funcionais\u00a0<\/strong>t\u00eam como principal fun\u00e7\u00e3o\u00a0<strong>excitar<\/strong>, lubrificar e proporcionar grandes\u00a0<strong>massagens<\/strong>, isso porque traz uma super lubrifica\u00e7\u00e3o com o efeito Ice que combinados com sabores tornam toda a experi\u00eancia dentro do quarto muito mais agrad\u00e1vel.<\/p>\n<p>&nbsp;<\/p>\n<p>Mesmo podendo ser ingeridos em poucas quantidades, os lubrificantes beij\u00e1veis n\u00e3o foram feitos para comer, mesmo que o sabor seja irresist\u00edvel, evite consumir em grandes quantidades. Ent\u00e3o deixe a imagina\u00e7\u00e3o rolar, provoque as mais potentes sensa\u00e7\u00f5es e explore com as m\u00e3os e com a boca cada parte do corpo de quem voc\u00ea mais ama.<\/p>\n<p>&nbsp;<\/p>\n<h3><strong>Quais os benef\u00edcios do Lubrificante da Sexy Fantasy?<\/strong><\/h3>\n<p>&nbsp;<\/p>\n<p>\u2022 Prazeroso;<\/p>\n<p>\u2022 Esfriamento na pele;<\/p>\n<p>\u2022 Lubrifica\u00e7\u00e3o intensa;<\/p>\n<p>\u2022 Noites surpreendentes;<\/p>\n<p>\u2022 Sabor irresist\u00edvel;<\/p>\n<p>&nbsp;<\/p>\n<h3><strong>Ficha T\u00e9cnica<\/strong><\/h3>\n<p>&nbsp;<\/p>\n<p>\u2022\u00a0<strong>Cont\u00e9m:<\/strong>\u00a001 Lubrificante 60g.<\/p>\n<p>\u2022\u00a0<strong>Embalagem:<\/strong>\u00a0Bisnaga.<\/p>\n<p>\u2022\u00a0<strong>Validade:<\/strong>\u00a0Presente na embalagem.<\/p>\n<\/div>\n<div class=\"botaoFechar\"><\/div>\n","protected":false},"excerpt":{"rendered":"<h1><span style=\"color: #ff00ff\">NO PIX R$8,99<\/span><\/h1>\n","protected":false},"featured_media":5475,"comment_status":"open","ping_status":"closed","template":"","meta":[],"product_cat":[37,75,134,153],"product_tag":[],"class_list":{"0":"post-5474","1":"product","2":"type-product","3":"status-publish","4":"has-post-thumbnail","6":"product_cat-cosmeticos-e-comestiveis","7":"product_cat-lubrificantes","8":"product_cat-sexo-anal","9":"product_cat-sexo-oral","11":"first","12":"instock","13":"sale","14":"shipping-taxable","15":"purchasable","16":"product-type-simple"},"group_of_quantity":0,"min_quantity":0,"max_quantity":"","exclude_order_quantity_value_rules":"no","exclude_category_quantity_rules":"no","combine_variations":"no","_links":{"self":[{"href":"https:\/\/sorvetequente.com.br\/loja\/wp-json\/wp\/v2\/product\/5474","targetHints":{"allow":["GET"]}}],"collection":[{"href":"https:\/\/sorvetequente.com.br\/loja\/wp-json\/wp\/v2\/product"}],"about":[{"href":"https:\/\/sorvetequente.com.br\/loja\/wp-json\/wp\/v2\/types\/product"}],"replies":[{"embeddable":true,"href":"https:\/\/sorvetequente.com.br\/loja\/wp-json\/wp\/v2\/comments?post=5474"}],"wp:featuredmedia":[{"embeddable":true,"href":"https:\/\/sorvetequente.com.br\/loja\/wp-json\/wp\/v2\/media\/5475"}],"wp:attachment":[{"href":"https:\/\/sorvetequente.com.br\/loja\/wp-json\/wp\/v2\/media?parent=5474"}],"wp:term":[{"taxonomy":"product_cat","embeddable":true,"href":"https:\/\/sorvetequente.com.br\/loja\/wp-json\/wp\/v2\/product_cat?post=5474"},{"taxonomy":"product_tag","embeddable":true,"href":"https:\/\/sorvetequente.com.br\/loja\/wp-json\/wp\/v2\/product_tag?post=5474"}],"curies":[{"name":"wp","href":"https:\/\/api.w.org\/{rel}","templated":true}]}}