{"id":5226,"date":"2024-12-22T14:05:15","date_gmt":"2024-12-22T17:05:15","guid":{"rendered":"https:\/\/sorvetequente.com.br\/loja\/?post_type=product&#038;p=5226"},"modified":"2026-01-03T08:51:02","modified_gmt":"2026-01-03T11:51:02","slug":"scurrega-mais-geis-termicos-comestiveis-15g-pepper-blend","status":"publish","type":"product","link":"https:\/\/sorvetequente.com.br\/loja\/product\/scurrega-mais-geis-termicos-comestiveis-15g-pepper-blend\/","title":{"rendered":"Scurrega mais &#8211; g\u00e9is t\u00e9rmicos comest\u00edveis 15g pepper blend"},"content":{"rendered":"<p><strong>SCURREGA MAIS GEL COMEST\u00cdVEL 15G PEPPER BLEND<\/strong><br \/>\nScurrega \u00e9 uma linha de g\u00e9is t\u00e9rmicos beij\u00e1veis desenvolvidos exclusivamente para a pr\u00e1tica de sexo oral.<br \/>\nProporcionam uma agrad\u00e1vel e duradoura sensa\u00e7\u00e3o de aquecimento ou refresc\u00e2ncia quando em contato com a mucosa.<br \/>\nDeliciosa textura com sabores inigual\u00e1veis!<br \/>\nCont\u00e9m: 15g<br \/>\nUso unissex.<br \/>\nBeij\u00e1vel.<br \/>\nIngredientes: Glicerina, \u00c1gua, Aroma Id\u00eantico ao Natural, Espessante Goma Xantana e Corante Vermelho V.<br \/>\nN\u00e3o cont\u00e9m gluten.<br \/>\nN\u00e3o cont\u00e9m lactose.<br \/>\nModo de Usar: Aplique a quantidade desejada sobre a pele, massageando delicadamente.<br \/>\nSeu efeito hot ou ice se intensifica com a massagem e com a respira\u00e7\u00e3o.<\/p>\n","protected":false},"excerpt":{"rendered":"<h1><span style=\"color: #ff00ff\">NO PIX R$4,71<\/span><\/h1>\n","protected":false},"featured_media":5233,"comment_status":"open","ping_status":"closed","template":"","meta":[],"product_cat":[15,37,19,153],"product_tag":[],"class_list":{"0":"post-5226","1":"product","2":"type-product","3":"status-publish","4":"has-post-thumbnail","6":"product_cat-promocoes","7":"product_cat-cosmeticos-e-comestiveis","8":"product_cat-novidades","9":"product_cat-sexo-oral","10":"pa_sabor-amarula","11":"pa_sabor-caipirinha","12":"pa_sabor-espanhola","13":"pa_sabor-menta","14":"pa_sabor-morango","15":"pa_sabor-whysky","17":"first","18":"instock","19":"sale","20":"shipping-taxable","21":"purchasable","22":"product-type-variable"},"group_of_quantity":0,"min_quantity":0,"max_quantity":"","exclude_order_quantity_value_rules":"no","exclude_category_quantity_rules":"no","combine_variations":"no","_links":{"self":[{"href":"https:\/\/sorvetequente.com.br\/loja\/wp-json\/wp\/v2\/product\/5226","targetHints":{"allow":["GET"]}}],"collection":[{"href":"https:\/\/sorvetequente.com.br\/loja\/wp-json\/wp\/v2\/product"}],"about":[{"href":"https:\/\/sorvetequente.com.br\/loja\/wp-json\/wp\/v2\/types\/product"}],"replies":[{"embeddable":true,"href":"https:\/\/sorvetequente.com.br\/loja\/wp-json\/wp\/v2\/comments?post=5226"}],"wp:featuredmedia":[{"embeddable":true,"href":"https:\/\/sorvetequente.com.br\/loja\/wp-json\/wp\/v2\/media\/5233"}],"wp:attachment":[{"href":"https:\/\/sorvetequente.com.br\/loja\/wp-json\/wp\/v2\/media?parent=5226"}],"wp:term":[{"taxonomy":"product_cat","embeddable":true,"href":"https:\/\/sorvetequente.com.br\/loja\/wp-json\/wp\/v2\/product_cat?post=5226"},{"taxonomy":"product_tag","embeddable":true,"href":"https:\/\/sorvetequente.com.br\/loja\/wp-json\/wp\/v2\/product_tag?post=5226"}],"curies":[{"name":"wp","href":"https:\/\/api.w.org\/{rel}","templated":true}]}}