{"id":5104,"date":"2024-12-11T15:04:25","date_gmt":"2024-12-11T18:04:25","guid":{"rendered":"https:\/\/sorvetequente.com.br\/loja\/?post_type=product&#038;p=5104"},"modified":"2026-03-24T13:11:45","modified_gmt":"2026-03-24T16:11:45","slug":"babaluu-bolinha-explosiva-satisfaction-pote-com-3-unidades","status":"publish","type":"product","link":"https:\/\/sorvetequente.com.br\/loja\/product\/babaluu-bolinha-explosiva-satisfaction-pote-com-3-unidades\/","title":{"rendered":"Babaluu bolinha explosiva Satisfaction pote com 3 unidades"},"content":{"rendered":"<p>O\u00a0<strong>Babaluu<\/strong>\u00a0\u00e9 uma incr\u00edvel bolinha explosiva da Satisfaction Caps, que provoca est\u00edmulos poderosos durante a rela\u00e7\u00e3o sexual, ideal para apimentar as preliminares, massagens sensuais e sexo anal.<\/p>\n<p>Desenvolvido especialmente com ingredientes avan\u00e7ados, as\u00a0<strong>bolinhas babaluu<\/strong>\u00a0aumentam a lubrifica\u00e7\u00e3o e proporcionam sensa\u00e7\u00f5es maravilhosas durante o momento \u00edntimo!<\/p>\n<h3><strong>Quais os benef\u00edcios do Babaluu Satisfaction Caps?<\/strong><\/h3>\n<h4><strong>Lubrifica\u00e7\u00e3o extra<\/strong><\/h4>\n<p>Para os amantes de massagens er\u00f3ticas e sexo anal, o\u00a0<strong>Babaluu<\/strong> fornece uma lubrifica\u00e7\u00e3o extra deliciosa em diversos sabore<\/p>\n<p>O\u00a0<strong>Babaluu Satisfaction Caps<\/strong>\u00a0pode ser usado em diversas ocasi\u00f5es, como: Massagem er\u00f3tica, sexo anal, sexo oral e masturba\u00e7\u00e3o.<\/p>\n<p>Suas propriedades avan\u00e7adas garantem lubrifica\u00e7\u00e3o equilibrada, sensa\u00e7\u00f5es e est\u00edmulos diferenciados, sendo totalmente seguros para qualquer regi\u00e3o aplicada, al\u00e9m de ser beij\u00e1vel!<\/p>\n<h4><strong>Sensa\u00e7\u00f5es excitantes<\/strong><\/h4>\n<p>Desfrute de sensa\u00e7\u00f5es incr\u00edveis com o\u00a0<strong>Babaluu Satisfaction Caps<\/strong>! A bolinha explode promovendo uma lubrifica\u00e7\u00e3o poderosa, proporcionando massagens sensuais e brincadeirinhas que estimulam toda \u00e1rea que foi aplicada.<\/p>\n<p>Quando combinado com toys, o momento \u00edntimo fica muito mais emocionante!<\/p>\n<h3><strong>Como usar o Babaluu Satisfaction Caps?<\/strong><\/h3>\n<p>Para usar a\u00a0<strong>bolinha explosiva Babaluu<\/strong>\u00a0\u00e9 muito simples:<\/p>\n<p>Escolha a regi\u00e3o desejada e pressione levemente a c\u00e1psula gelatinosa, movimentando sobre a regi\u00e3o para que exploda e se espalhe no local.<\/p>\n","protected":false},"excerpt":{"rendered":"<h1><span style=\"color: #ff00ff\">NO PIX R$2,48<\/span><\/h1>\n","protected":false},"featured_media":5423,"comment_status":"open","ping_status":"closed","template":"","meta":[],"product_cat":[15,133,37,153],"product_tag":[],"class_list":{"0":"post-5104","1":"product","2":"type-product","3":"status-publish","4":"has-post-thumbnail","6":"product_cat-promocoes","7":"product_cat-bolinhas-explosivas","8":"product_cat-cosmeticos-e-comestiveis","9":"product_cat-sexo-oral","10":"pa_sabor-hortela","11":"pa_sabor-melancia","12":"pa_sabor-morango","13":"pa_sabor-tutti-frutti-2","14":"pa_sabor-uva","16":"first","17":"outofstock","18":"shipping-taxable","19":"product-type-variable"},"group_of_quantity":0,"min_quantity":0,"max_quantity":"","exclude_order_quantity_value_rules":"no","exclude_category_quantity_rules":"no","combine_variations":"no","_links":{"self":[{"href":"https:\/\/sorvetequente.com.br\/loja\/wp-json\/wp\/v2\/product\/5104","targetHints":{"allow":["GET"]}}],"collection":[{"href":"https:\/\/sorvetequente.com.br\/loja\/wp-json\/wp\/v2\/product"}],"about":[{"href":"https:\/\/sorvetequente.com.br\/loja\/wp-json\/wp\/v2\/types\/product"}],"replies":[{"embeddable":true,"href":"https:\/\/sorvetequente.com.br\/loja\/wp-json\/wp\/v2\/comments?post=5104"}],"wp:featuredmedia":[{"embeddable":true,"href":"https:\/\/sorvetequente.com.br\/loja\/wp-json\/wp\/v2\/media\/5423"}],"wp:attachment":[{"href":"https:\/\/sorvetequente.com.br\/loja\/wp-json\/wp\/v2\/media?parent=5104"}],"wp:term":[{"taxonomy":"product_cat","embeddable":true,"href":"https:\/\/sorvetequente.com.br\/loja\/wp-json\/wp\/v2\/product_cat?post=5104"},{"taxonomy":"product_tag","embeddable":true,"href":"https:\/\/sorvetequente.com.br\/loja\/wp-json\/wp\/v2\/product_tag?post=5104"}],"curies":[{"name":"wp","href":"https:\/\/api.w.org\/{rel}","templated":true}]}}