{"id":5028,"date":"2024-12-01T12:23:10","date_gmt":"2024-12-01T15:23:10","guid":{"rendered":"https:\/\/sorvetequente.com.br\/loja\/?post_type=product&#038;p=5028"},"modified":"2026-03-27T18:36:15","modified_gmt":"2026-03-27T21:36:15","slug":"sedenta-safada-excitante-com-picancia-media-18g-pepper-blend","status":"publish","type":"product","link":"https:\/\/sorvetequente.com.br\/loja\/product\/sedenta-safada-excitante-com-picancia-media-18g-pepper-blend\/","title":{"rendered":"Sedenta Safada Excitante com Pic\u00e2ncia M\u00e9dia 18g Pepper Blend"},"content":{"rendered":"<h3><strong>Sedenta Safada Excitante com Pic\u00e2ncia M\u00e9dia 18g Pepper Blend<\/strong><\/h3>\n<p>Ideal para casais que buscam\u00a0<strong>apimentar a rela\u00e7\u00e3o<\/strong>, esse gel traz em sua f\u00f3rmula a ard\u00eancia na medida certa para tornar o momento \u00edntimo ainda mais agrad\u00e1vel. Sua embalagem compacta e de f\u00e1cil aplica\u00e7\u00e3o, permite que o produto nunca falte dentro da necessaire ou bolsa, facilitando o transporte para onde quer que v\u00e1. Seja em casa, no motel ou no seu lugar de prefer\u00eancia, tenha sempre esse aliado em m\u00e3os para cair de boca GOS-TO-SO!<\/p>\n<h3><strong>Qual o diferencial do Sedenta Safada?<\/strong><\/h3>\n<p>O destaque vai para o\u00a0<strong>aroma de pimenta<\/strong>\u00a0com um sabor levemente\u00a0<strong>adocicado<\/strong>, na medida certa. N\u00e3o \u00e9 t\u00e3o forte e muito menos fraco comparado com outros produtos dispon\u00edveis no mercado. Ent\u00e3o para casais que j\u00e1 tenham experi\u00eancia no universo dos produtinhos er\u00f3ticos, mas que prezam pelo\u00a0<strong>equil\u00edbrio<\/strong>, essa \u00e9 a op\u00e7\u00e3o perfeita para trazer mais excita\u00e7\u00e3o e tes\u00e3o na hora H.<\/p>\n<h3><strong>Benef\u00edcios do Gel Excitante<\/strong><\/h3>\n<p>\u2022 Pic\u00e2ncia moderada;<\/p>\n<p>\u2022 Toque levemente adocicado;<\/p>\n<p>\u2022 Perfeito para beijos e sexo oral;<\/p>\n<p>\u2022 Apimenta a rela\u00e7\u00e3o;<\/p>\n<p>\u2022 Estimula as brincadeiras entre o casal na medida certa.<\/p>\n<h3><strong>Ficha T\u00e9cnica<\/strong><\/h3>\n<p>\u2022<strong>\u00a0Cont\u00e9m:\u00a0<\/strong>01 Sedenta Safada;<\/p>\n<p><strong>\u2022 Embalagem:\u00a0<\/strong>Frasnaga com 18g;<\/p>\n<p><strong>\u2022 Validade:\u00a0<\/strong>Presente na embalagem.<\/p>\n<h3><strong>Composi\u00e7\u00e3o do Gel da Pepper Blend<\/strong><\/h3>\n<p>Glicerina, Aroma Id\u00eantico ao Natural e Corante Vermelho II.<\/p>\n<h3><strong>Como usar o produto?<\/strong><\/h3>\n<p>Agite antes de usar e aplique um pouco do produto na \u00e1rea desejada, massageie e depois aproveite para cair de boca! Se preferir, complemente esse momento tornando o ambiente mais intimista, com luzes baixas, uma playlist bem sexy, lingerie provocante e produtinhos da sua prefer\u00eancia.<\/p>\n","protected":false},"excerpt":{"rendered":"<h1><span style=\"color: #ff00ff\">NO PIX R$2,96<\/span><\/h1>\n","protected":false},"featured_media":5803,"comment_status":"open","ping_status":"closed","template":"","meta":[],"product_cat":[37,19,66],"product_tag":[],"class_list":{"0":"post-5028","1":"product","2":"type-product","3":"status-publish","4":"has-post-thumbnail","6":"product_cat-cosmeticos-e-comestiveis","7":"product_cat-novidades","8":"product_cat-promocao-relampago","10":"first","11":"instock","12":"sale","13":"shipping-taxable","14":"purchasable","15":"product-type-simple"},"group_of_quantity":0,"min_quantity":0,"max_quantity":"","exclude_order_quantity_value_rules":"no","exclude_category_quantity_rules":"no","combine_variations":"no","_links":{"self":[{"href":"https:\/\/sorvetequente.com.br\/loja\/wp-json\/wp\/v2\/product\/5028","targetHints":{"allow":["GET"]}}],"collection":[{"href":"https:\/\/sorvetequente.com.br\/loja\/wp-json\/wp\/v2\/product"}],"about":[{"href":"https:\/\/sorvetequente.com.br\/loja\/wp-json\/wp\/v2\/types\/product"}],"replies":[{"embeddable":true,"href":"https:\/\/sorvetequente.com.br\/loja\/wp-json\/wp\/v2\/comments?post=5028"}],"wp:featuredmedia":[{"embeddable":true,"href":"https:\/\/sorvetequente.com.br\/loja\/wp-json\/wp\/v2\/media\/5803"}],"wp:attachment":[{"href":"https:\/\/sorvetequente.com.br\/loja\/wp-json\/wp\/v2\/media?parent=5028"}],"wp:term":[{"taxonomy":"product_cat","embeddable":true,"href":"https:\/\/sorvetequente.com.br\/loja\/wp-json\/wp\/v2\/product_cat?post=5028"},{"taxonomy":"product_tag","embeddable":true,"href":"https:\/\/sorvetequente.com.br\/loja\/wp-json\/wp\/v2\/product_tag?post=5028"}],"curies":[{"name":"wp","href":"https:\/\/api.w.org\/{rel}","templated":true}]}}