{"id":5019,"date":"2024-11-30T17:16:46","date_gmt":"2024-11-30T20:16:46","guid":{"rendered":"https:\/\/sorvetequente.com.br\/loja\/?post_type=product&#038;p=5019"},"modified":"2026-03-14T23:06:59","modified_gmt":"2026-03-15T02:06:59","slug":"vibrador-de-ponto-g-e-clitoris-com-aquecimento-recarregavel-usb","status":"publish","type":"product","link":"https:\/\/sorvetequente.com.br\/loja\/product\/vibrador-de-ponto-g-e-clitoris-com-aquecimento-recarregavel-usb\/","title":{"rendered":"Vibrador de Ponto G e Clit\u00f3ris com Aquecimento Recarreg\u00e1vel USB"},"content":{"rendered":"<h2>Vibrador de Ponto G e Clit\u00f3ris &#8211; COM FUN\u00c7\u00c3O DE AQUECIMENTO<\/h2>\n<p style=\"font-weight: 400\">Vibrador de Ponto G e Clit\u00f3ris &#8211;\u00a0Possui\u00a0 12 modos de vibra\u00e7\u00e3o e Tem fun\u00e7\u00e3o de aquecimento. Super Macio.<\/p>\n<p style=\"font-weight: 400\">O produto \u00e9 macio ao toque ergon\u00f4mico, o que facilita o manuseio e a estimula\u00e7\u00e3o, trazendo uma sensa\u00e7\u00e3o prazerosa do uso.<\/p>\n<p style=\"font-weight: 400\">Resistente a \u00e1gua.<\/p>\n<p style=\"font-weight: 400\">Modo de uso:<\/p>\n<p style=\"font-weight: 400\">Para ligar\/desligar aperte o bot\u00e3o e segure por 3 segundos, aperte 2 vezes para iniciar a vibra\u00e7\u00e3o.<\/p>\n<p style=\"font-weight: 400\">Material:<\/p>\n<p style=\"font-weight: 400\">Silicone, ABS.<\/p>\n<p style=\"font-weight: 400\">Tipo de bateria:<\/p>\n<p style=\"font-weight: 400\">Recarreg\u00e1vel via USB.<\/p>\n<p style=\"font-weight: 400\">Medidas:<\/p>\n<p style=\"font-weight: 400\">18,0 cm de comprimento, 2,0 cm de di\u00e2metro (medidas aproximadas).<\/p>\n","protected":false},"excerpt":{"rendered":"<h1><span style=\"color: #ff00ff\">NO PIX R$58,78<\/span><\/h1>\n","protected":false},"featured_media":5020,"comment_status":"open","ping_status":"closed","template":"","meta":[],"product_cat":[15,23,19,16,66,76],"product_tag":[],"class_list":{"0":"post-5019","1":"product","2":"type-product","3":"status-publish","4":"has-post-thumbnail","6":"product_cat-promocoes","7":"product_cat-acessorios","8":"product_cat-novidades","9":"product_cat-para-ela","10":"product_cat-promocao-relampago","11":"product_cat-vibradores","13":"first","14":"instock","15":"sale","16":"shipping-taxable","17":"purchasable","18":"product-type-simple"},"group_of_quantity":0,"min_quantity":0,"max_quantity":"","exclude_order_quantity_value_rules":"no","exclude_category_quantity_rules":"no","combine_variations":"no","_links":{"self":[{"href":"https:\/\/sorvetequente.com.br\/loja\/wp-json\/wp\/v2\/product\/5019","targetHints":{"allow":["GET"]}}],"collection":[{"href":"https:\/\/sorvetequente.com.br\/loja\/wp-json\/wp\/v2\/product"}],"about":[{"href":"https:\/\/sorvetequente.com.br\/loja\/wp-json\/wp\/v2\/types\/product"}],"replies":[{"embeddable":true,"href":"https:\/\/sorvetequente.com.br\/loja\/wp-json\/wp\/v2\/comments?post=5019"}],"wp:featuredmedia":[{"embeddable":true,"href":"https:\/\/sorvetequente.com.br\/loja\/wp-json\/wp\/v2\/media\/5020"}],"wp:attachment":[{"href":"https:\/\/sorvetequente.com.br\/loja\/wp-json\/wp\/v2\/media?parent=5019"}],"wp:term":[{"taxonomy":"product_cat","embeddable":true,"href":"https:\/\/sorvetequente.com.br\/loja\/wp-json\/wp\/v2\/product_cat?post=5019"},{"taxonomy":"product_tag","embeddable":true,"href":"https:\/\/sorvetequente.com.br\/loja\/wp-json\/wp\/v2\/product_tag?post=5019"}],"curies":[{"name":"wp","href":"https:\/\/api.w.org\/{rel}","templated":true}]}}