{"id":4990,"date":"2024-11-30T14:46:11","date_gmt":"2024-11-30T17:46:11","guid":{"rendered":"https:\/\/sorvetequente.com.br\/loja\/?post_type=product&#038;p=4990"},"modified":"2026-04-03T19:26:06","modified_gmt":"2026-04-03T22:26:06","slug":"sedenta-garganta-profunda-dessensibilizante-oral-extra-forte","status":"publish","type":"product","link":"https:\/\/sorvetequente.com.br\/loja\/product\/sedenta-garganta-profunda-dessensibilizante-oral-extra-forte\/","title":{"rendered":"Sedenta Garganta Profunda Dessensibilizante Oral Extra Forte"},"content":{"rendered":"<h2><strong>Sedenta Garganta Profunda Dessensibilizante Oral Extra Forte 18ML<\/strong><\/h2>\n<p><strong>Qu\u00e3o fundo voc\u00ea consegue ir com a ajudinha do Sedenta?<\/strong><\/p>\n<p>&nbsp;<\/p>\n<p>Esse dessensibilizante cumpre o que promete quando o assunto \u00e9 proporcionar os efeitos necess\u00e1rios para cair de boca com vontade! Formulado com um blend de mat\u00e9rias primas que resultam em uma a\u00e7\u00e3o\u00a0<strong>extra forte<\/strong>, pode ter certeza que voc\u00ea far\u00e1 o melhor sexo oral da sua vida. Seu\u00a0<strong>sabor\u00a0<\/strong>tamb\u00e9m contribui para ajudar nesse momento, pois cada um d\u00e1 um gostinho de quero mais!<\/p>\n<p>&nbsp;<\/p>\n<h4><strong>Conforto e tes\u00e3o na palma da sua m\u00e3o<\/strong><\/h4>\n<p>&nbsp;<\/p>\n<p>A bala l\u00edquida traz para o momento \u00edntimo um toque a mais de cuidado, criando conex\u00e3o sexual e emocional com seu par. E nada como um oralzinho para\u00a0<strong>apimentar a rela\u00e7\u00e3o<\/strong>\u00a0e dar in\u00edcio nas\u00a0<strong>preliminares<\/strong>, certo? Te livrando de qualquer tipo de desconforto, esse dessensibilizante se tornar\u00e1 um verdadeiro aliado na hora H.<\/p>\n<p>&nbsp;<\/p>\n<p>Simplesmente surpreenda quem voc\u00ea ama com uma deliciosa mamada e muito tes\u00e3o entre 4 paredes!<\/p>\n<p>&nbsp;<\/p>\n<h4><strong>O que \u00e9 a Linha Sedenta?<\/strong><\/h4>\n<p>&nbsp;<\/p>\n<p>Desenvolvida para atender todos os gostos e necessidades, a Linha Sedenta \u00e9 para aquelas pessoas que buscam<strong>\u00a0fortes sensa\u00e7\u00f5es<\/strong>\u00a0e se permitem viver\u00a0<strong>novos desafios<\/strong>. Mas claro, que n\u00e3o abrem m\u00e3o de muito prazer e produtinhos refinados!<\/p>\n<p>&nbsp;<\/p>\n<h3><strong>Benef\u00edcios da Bala L\u00edquida<\/strong><\/h3>\n<p>&nbsp;<\/p>\n<ul>\n<li style=\"list-style-type: none\">\n<ul>\n<li>\u2022 Sabores deliciosos e 0 a\u00e7\u00facar;<\/li>\n<\/ul>\n<\/li>\n<\/ul>\n<p>&nbsp;<\/p>\n<ul>\n<li style=\"list-style-type: none\">\n<ul>\n<li>\u2022 Dessensibilizante extra forte;<\/li>\n<\/ul>\n<\/li>\n<\/ul>\n<p>&nbsp;<\/p>\n<ul>\n<li style=\"list-style-type: none\">\n<ul>\n<li>\u2022 Garganta mega profunda;<\/li>\n<\/ul>\n<\/li>\n<\/ul>\n<p>&nbsp;<\/p>\n<ul>\n<li style=\"list-style-type: none\">\n<ul>\n<li>\u2022 Sensa\u00e7\u00e3o de formigamento;<\/li>\n<\/ul>\n<\/li>\n<\/ul>\n<p>&nbsp;<\/p>\n<ul>\n<li>\u2022 Ajuda seu par a gozar muito!<\/li>\n<\/ul>\n<p>&nbsp;<\/p>\n<h3><strong>Ficha T\u00e9cnica<\/strong><\/h3>\n<p>&nbsp;<\/p>\n<ul>\n<li style=\"list-style-type: none\">\n<ul>\n<li><strong>\u2022 Cont\u00e9m:\u00a0<\/strong>01 Sedenta Dessensibilizante;<\/li>\n<\/ul>\n<\/li>\n<\/ul>\n<p>&nbsp;<\/p>\n<ul>\n<li style=\"list-style-type: none\">\n<ul>\n<li><strong>\u2022 Embalagem:\u00a0<\/strong>Spray de 18ml;<\/li>\n<\/ul>\n<\/li>\n<\/ul>\n<p>&nbsp;<\/p>\n<ul>\n<li><strong>\u2022 Validade:\u00a0<\/strong>Presente na embalagem.<\/li>\n<\/ul>\n<p>&nbsp;<\/p>\n<h3><strong>Qual a composi\u00e7\u00e3o da Bala da Pepper Blend?<\/strong><\/h3>\n<p>&nbsp;<\/p>\n<p>Glicerina, \u00c1gua, Aroma, \u00c1lcool, Conservantes e Edulcorante.<\/p>\n<p>&nbsp;<\/p>\n<h3><strong><br \/>\nComo usar o Sedenta?<\/strong><\/h3>\n<p>&nbsp;<\/p>\n<p>\u00c9 poss\u00edvel usar de diferentes formas, sendo algumas delas:<\/p>\n<p>&nbsp;<\/p>\n<ul>\n<li style=\"list-style-type: none\">\n<ul>\n<li>\u2022 Sexo oral: Perfeito para ajudar a cair de boca no moz\u00e3o, sem dores e desconfortos, aplique um pouco do l\u00edquido na regi\u00e3o \u00edntima da pessoa amada e aproveite;<\/li>\n<\/ul>\n<\/li>\n<\/ul>\n<p>&nbsp;<\/p>\n<ul>\n<li style=\"list-style-type: none\">\n<ul>\n<li>\u2022 Pelo corpo: Aplique em outras \u00e1reas er\u00f3genas (como pesco\u00e7o, seios, pr\u00f3stata\u2026) ou onde desejar. Fa\u00e7a massagens, beije e se lambuze muuuito;<\/li>\n<\/ul>\n<\/li>\n<\/ul>\n<p>&nbsp;<\/p>\n<ul>\n<li>\u2022 Massagem Er\u00f3tica: Aplique a quantidade desejada sobre o corpo, realizando movimentos leves at\u00e9 a absor\u00e7\u00e3o da bala. Caso necess\u00e1rio, reaplique no decorrer da massagem.<\/li>\n<\/ul>\n","protected":false},"excerpt":{"rendered":"<h1><span style=\"color: #ff00ff\">NO PIX R$7,19<\/span><\/h1>\n","protected":false},"featured_media":6877,"comment_status":"open","ping_status":"closed","template":"","meta":[],"product_cat":[37,19,153],"product_tag":[],"class_list":{"0":"post-4990","1":"product","2":"type-product","3":"status-publish","4":"has-post-thumbnail","6":"product_cat-cosmeticos-e-comestiveis","7":"product_cat-novidades","8":"product_cat-sexo-oral","9":"pa_sabor-blueberry","10":"pa_sabor-kiwi","11":"pa_sabor-melancia","13":"first","14":"instock","15":"sale","16":"shipping-taxable","17":"purchasable","18":"product-type-variable"},"group_of_quantity":0,"min_quantity":0,"max_quantity":"","exclude_order_quantity_value_rules":"no","exclude_category_quantity_rules":"no","combine_variations":"no","_links":{"self":[{"href":"https:\/\/sorvetequente.com.br\/loja\/wp-json\/wp\/v2\/product\/4990","targetHints":{"allow":["GET"]}}],"collection":[{"href":"https:\/\/sorvetequente.com.br\/loja\/wp-json\/wp\/v2\/product"}],"about":[{"href":"https:\/\/sorvetequente.com.br\/loja\/wp-json\/wp\/v2\/types\/product"}],"replies":[{"embeddable":true,"href":"https:\/\/sorvetequente.com.br\/loja\/wp-json\/wp\/v2\/comments?post=4990"}],"wp:featuredmedia":[{"embeddable":true,"href":"https:\/\/sorvetequente.com.br\/loja\/wp-json\/wp\/v2\/media\/6877"}],"wp:attachment":[{"href":"https:\/\/sorvetequente.com.br\/loja\/wp-json\/wp\/v2\/media?parent=4990"}],"wp:term":[{"taxonomy":"product_cat","embeddable":true,"href":"https:\/\/sorvetequente.com.br\/loja\/wp-json\/wp\/v2\/product_cat?post=4990"},{"taxonomy":"product_tag","embeddable":true,"href":"https:\/\/sorvetequente.com.br\/loja\/wp-json\/wp\/v2\/product_tag?post=4990"}],"curies":[{"name":"wp","href":"https:\/\/api.w.org\/{rel}","templated":true}]}}