{"id":4971,"date":"2024-11-29T12:33:46","date_gmt":"2024-11-29T15:33:46","guid":{"rendered":"https:\/\/sorvetequente.com.br\/loja\/?post_type=product&#038;p=4971"},"modified":"2026-02-05T14:42:42","modified_gmt":"2026-02-05T17:42:42","slug":"sedenta-por-tesao-excitante-c-picancia-intensa-15g-pepper-blend","status":"publish","type":"product","link":"https:\/\/sorvetequente.com.br\/loja\/product\/sedenta-por-tesao-excitante-c-picancia-intensa-15g-pepper-blend\/","title":{"rendered":"Sedenta por T Z\u00e3o Excitante c\/Pic\u00e2ncia Intensa 18g Pepper Blend"},"content":{"rendered":"<p>Mais picante do que nunca, o Sedenta por Tes\u00e3o veio para colocar\u00a0<strong>fogo\u00a0<\/strong>na cama! Esse gel comest\u00edvel da Pepper Blend \u00e9 perfeito para uma combina\u00e7\u00e3o interessante entre a\u00a0<strong>explos\u00e3o da pic\u00e2ncia<\/strong>\u00a0e o contraste com seu\u00a0<strong>toque adocicado<\/strong>.<\/p>\n<p>Aproveite para\u00a0<strong>massagear\u00a0<\/strong>seu amor, fazer um <strong>oral delicioso<\/strong>\u00a0e deixar ele maluco com esse produtinho potente que entrega um mix de sensa\u00e7\u00f5es, apimentando a rela\u00e7\u00e3o e ajudando a estabelecer ainda mais conex\u00e3o emocional e sexual.<\/p>\n<h3><strong>Qual o diferencial do Sedenta por Tes\u00e3o?<\/strong><\/h3>\n<p>Assim como outros g\u00e9is comest\u00edveis do mercado, o Sedenta proporciona uma s\u00e9rie de possibilidades para o casal, mas o grande destaque desse gel \u00e9 justamente a\u00a0<strong>pic\u00e2ncia acentuada<\/strong>. Esse efeito sensibiliza ainda mais a regi\u00e3o, tornando cada toque muito mais intenso e prazeroso.<\/p>\n<h3><strong>Benef\u00edcios do Gel Excitante<\/strong><\/h3>\n<p>\u2022 Pic\u00e2ncia intensa;<\/p>\n<p>\u2022 Toque adocicado;<\/p>\n<p>\u2022 Perfeito para beijos e sexo oral;<\/p>\n<p>\u2022 Apimenta a rela\u00e7\u00e3o;<\/p>\n<p>\u2022 Aumenta a conex\u00e3o emocional e sexual atrav\u00e9s do tes\u00e3o.<\/p>\n<h3><strong>Ficha T\u00e9cnica<\/strong><\/h3>\n<p>\u2022<strong>\u00a0Cont\u00e9m:\u00a0<\/strong>01 Sedenta por Tes\u00e3o;<\/p>\n<p><strong>\u2022 Embalagem:\u00a0<\/strong>Frasnaga com 18g;<\/p>\n<p><strong>\u2022 Validade:\u00a0<\/strong>Presente na embalagem.<\/p>\n<h3><strong>Composi\u00e7\u00e3o do Gel da Pepper Blend<\/strong><\/h3>\n<p>Glicerina, Aroma Id\u00eantico ao Natural e Corante Azul I e Vermelho V.<\/p>\n<h3><strong>Como usar o produto?<\/strong><\/h3>\n<p>Agite antes de usar e aplique um pouco do produto na \u00e1rea desejada, massageie e depois aproveite para cair de boca! Se preferir, complemente esse momento tornando o ambiente mais intimista, com luzes baixas, uma playlist bem sexy, lingerie provocante e produtinhos da sua prefer\u00eancia.<\/p>\n","protected":false},"excerpt":{"rendered":"<h1><span style=\"color: #ff00ff\">NO PIX R$3,88<\/span><\/h1>\n","protected":false},"featured_media":5426,"comment_status":"open","ping_status":"closed","template":"","meta":[],"product_cat":[15,37,19,153],"product_tag":[],"class_list":{"0":"post-4971","1":"product","2":"type-product","3":"status-publish","4":"has-post-thumbnail","6":"product_cat-promocoes","7":"product_cat-cosmeticos-e-comestiveis","8":"product_cat-novidades","9":"product_cat-sexo-oral","11":"first","12":"instock","13":"sale","14":"shipping-taxable","15":"purchasable","16":"product-type-simple"},"group_of_quantity":0,"min_quantity":0,"max_quantity":"","exclude_order_quantity_value_rules":"no","exclude_category_quantity_rules":"no","combine_variations":"no","_links":{"self":[{"href":"https:\/\/sorvetequente.com.br\/loja\/wp-json\/wp\/v2\/product\/4971","targetHints":{"allow":["GET"]}}],"collection":[{"href":"https:\/\/sorvetequente.com.br\/loja\/wp-json\/wp\/v2\/product"}],"about":[{"href":"https:\/\/sorvetequente.com.br\/loja\/wp-json\/wp\/v2\/types\/product"}],"replies":[{"embeddable":true,"href":"https:\/\/sorvetequente.com.br\/loja\/wp-json\/wp\/v2\/comments?post=4971"}],"wp:featuredmedia":[{"embeddable":true,"href":"https:\/\/sorvetequente.com.br\/loja\/wp-json\/wp\/v2\/media\/5426"}],"wp:attachment":[{"href":"https:\/\/sorvetequente.com.br\/loja\/wp-json\/wp\/v2\/media?parent=4971"}],"wp:term":[{"taxonomy":"product_cat","embeddable":true,"href":"https:\/\/sorvetequente.com.br\/loja\/wp-json\/wp\/v2\/product_cat?post=4971"},{"taxonomy":"product_tag","embeddable":true,"href":"https:\/\/sorvetequente.com.br\/loja\/wp-json\/wp\/v2\/product_tag?post=4971"}],"curies":[{"name":"wp","href":"https:\/\/api.w.org\/{rel}","templated":true}]}}