{"id":4943,"date":"2024-11-26T22:39:04","date_gmt":"2024-11-27T01:39:04","guid":{"rendered":"https:\/\/sorvetequente.com.br\/loja\/?post_type=product&#038;p=4943"},"modified":"2025-11-11T21:05:40","modified_gmt":"2025-11-12T00:05:40","slug":"conjunto-corselet-rendado-com-choker-e-bojo-tamanho-m-2","status":"publish","type":"product","link":"https:\/\/sorvetequente.com.br\/loja\/product\/conjunto-corselet-rendado-com-choker-e-bojo-tamanho-m-2\/","title":{"rendered":"Conjunto Corselet Rendado com Choker e Bojo Tamanho M"},"content":{"rendered":"<p>&nbsp;<\/p>\n<p><strong>Conjunto Corselet Rendado com Choker e Bojo Tamanho M na cor Verde claro com Preto<\/strong><\/p>\n<p>Toda mulher j\u00e1 sabe o poder da\u00a0<strong>Lingerie\u00a0<\/strong>certa na\u00a0<strong>hora H<\/strong>, elas s\u00e3o capazes de enlouquecer a cabe\u00e7a de qualquer um que possa se deslumbrar com essa vis\u00e3o do para\u00edso. O\u00a0<strong>Conjunto Corselet Rendado<\/strong>\u00a0consegue fazer um mix de tend\u00eancias que valorizam as curvas e trazem \u00e0 tona o melhor lado feminino.<\/p>\n<p>Feita em\u00a0<strong>renda com transpar\u00eancia<\/strong>, o Corselet possui um bojo que permite a\u00a0<strong>sustenta\u00e7\u00e3o\u00a0<\/strong>e uma\u00a0<strong>calcinha fio<\/strong>\u00a0que completa o visual da mulher arrasadora que voc\u00ea mais deseja ser. As pe\u00e7as possuem detalhes que instigam a imagina\u00e7\u00e3o de quem a acompanha e ele a\u00a0<strong>autoestima\u00a0<\/strong>de quem as usa.<\/p>\n<h3><strong>Como saber se o Conjunto ficar\u00e1 bem no corpo?<\/strong><\/h3>\n<p>Com um conjunto desses n\u00e3o existem erros e nem incertezas, as pe\u00e7as s\u00e3o uma verdadeira mistura de elementos que fazem qualquer mulher se sentir bela e\u00a0<strong>confort\u00e1vel<\/strong>.<\/p>\n<p>A lingerie possui uma grade de tamanhos que v\u00e3o do P ao GG, se adaptando a diversos formatos e estilos de corpos, mas valorizando acima de tudo o bem estar. Imposs\u00edvel n\u00e3o sentir o poder tomar conta do seu corpo com um conjunto desse. Agora coloque em pr\u00e1tica suas armas de sedu\u00e7\u00e3o e v\u00e1 atr\u00e1s da noite perfeita, com uma lingerie dessas voc\u00ea n\u00e3o vai precisar de muito para ter o que quiser na palma da sua m\u00e3o.<\/p>\n<h3><strong>Qual o diferencial desse Conjunto?<\/strong><\/h3>\n<p>Quando achamos que ela n\u00e3o poderia ficar mais encantadora, \u00e9 a\u00ed que a Lingerie\u00a0nos surpreende, todos seus\u00a0<strong>reguladores\u00a0<\/strong>s\u00e3o\u00a0<strong>banhados a Ouro<\/strong>\u00a0e as pe\u00e7as possuem\u00a0<strong>certificado de garantia<\/strong>\u00a0do banho, ou seja, com um conjunto desse no corpo voc\u00ea vai se sentir uma preciosidade.<\/p>\n<h3><strong>O que o Conjunto Corselet oferece?<\/strong><\/h3>\n<ul>\n<li>\u2022 Ousadia;<\/li>\n<li>\u2022 Sensualidade;<\/li>\n<li>\u2022 Modernidade;<\/li>\n<li>\u2022 Delicadeza.<\/li>\n<\/ul>\n<h3><strong>Ficha T\u00e9cnica<\/strong><\/h3>\n<ul>\n<li>\u2022\u00a0<strong>Cont\u00e9m:<\/strong> 01 Suti\u00e3 e 01 calcinha.<\/li>\n<li>\u2022\u00a0<strong>Validade:<\/strong>\u00a0Indeterminado.<\/li>\n<\/ul>\n<h3><strong>Qual a composi\u00e7\u00e3o da Lingerie?<\/strong><\/h3>\n<p>As pe\u00e7as s\u00e3o confeccionadas em renda, sendo 90% Poliamida e 10% Elastano. O forro \u00e9 confeccionado em 100% algod\u00e3o.<\/p>\n<p><strong>Cor: Verde claro com Preto<\/strong><\/p>\n<p><strong>Tamanho: M<\/strong><\/p>\n","protected":false},"excerpt":{"rendered":"<h1><span style=\"color: #ff00ff\">NO PIX R$14,99<\/span><\/h1>\n","protected":false},"featured_media":4944,"comment_status":"open","ping_status":"closed","template":"","meta":[],"product_cat":[158,159,34,66],"product_tag":[],"class_list":{"0":"post-4943","1":"product","2":"type-product","3":"status-publish","4":"has-post-thumbnail","6":"product_cat-body","7":"product_cat-conjunto","8":"product_cat-lingeries","9":"product_cat-promocao-relampago","11":"first","12":"instock","13":"sale","14":"shipping-taxable","15":"purchasable","16":"product-type-simple"},"group_of_quantity":0,"min_quantity":0,"max_quantity":"","exclude_order_quantity_value_rules":"no","exclude_category_quantity_rules":"no","combine_variations":"no","_links":{"self":[{"href":"https:\/\/sorvetequente.com.br\/loja\/wp-json\/wp\/v2\/product\/4943","targetHints":{"allow":["GET"]}}],"collection":[{"href":"https:\/\/sorvetequente.com.br\/loja\/wp-json\/wp\/v2\/product"}],"about":[{"href":"https:\/\/sorvetequente.com.br\/loja\/wp-json\/wp\/v2\/types\/product"}],"replies":[{"embeddable":true,"href":"https:\/\/sorvetequente.com.br\/loja\/wp-json\/wp\/v2\/comments?post=4943"}],"wp:featuredmedia":[{"embeddable":true,"href":"https:\/\/sorvetequente.com.br\/loja\/wp-json\/wp\/v2\/media\/4944"}],"wp:attachment":[{"href":"https:\/\/sorvetequente.com.br\/loja\/wp-json\/wp\/v2\/media?parent=4943"}],"wp:term":[{"taxonomy":"product_cat","embeddable":true,"href":"https:\/\/sorvetequente.com.br\/loja\/wp-json\/wp\/v2\/product_cat?post=4943"},{"taxonomy":"product_tag","embeddable":true,"href":"https:\/\/sorvetequente.com.br\/loja\/wp-json\/wp\/v2\/product_tag?post=4943"}],"curies":[{"name":"wp","href":"https:\/\/api.w.org\/{rel}","templated":true}]}}