{"id":4817,"date":"2024-11-23T16:38:01","date_gmt":"2024-11-23T19:38:01","guid":{"rendered":"https:\/\/sorvetequente.com.br\/loja\/?post_type=product&#038;p=4817"},"modified":"2026-03-27T18:36:15","modified_gmt":"2026-03-27T21:36:15","slug":"vela-sorvete-quente-loka-sensacao","status":"publish","type":"product","link":"https:\/\/sorvetequente.com.br\/loja\/product\/vela-sorvete-quente-loka-sensacao\/","title":{"rendered":"Vela Sorvete Quente Loka Sensa\u00e7\u00e3o"},"content":{"rendered":"<h3><strong>Quais s\u00e3o os benef\u00edcios da Vela Sorvete Quente Loka Sensa\u00e7\u00e3o?<\/strong><\/h3>\n<p>\u2022\u00a0<strong>Sensa\u00e7\u00e3o de calor sem queimar<\/strong>: A Vela Sorvete Quente aquece suavemente, transformando-se em uma deliciosa calda quente para massagem, sem ultrapassar a temperatura m\u00e9dia do corpo humano, garantindo conforto e seguran\u00e7a ao ser aplicada na pele.<\/p>\n<p>\u2022\u00a0<strong>Comest\u00edvel e saborosa<\/strong>: Feita com ingredientes comest\u00edveis, a vela oferece a dose perfeita de sabor e aroma, proporcionando novidade \u00e0s suas preliminares. Ap\u00f3s a massagem, voc\u00ea pode degustar o \u00f3leo diretamente da pele de seu parceiro(a), intensificando a conex\u00e3o e o prazer.<\/p>\n<p>\u2022\u00a0<strong>Aromas envolventes<\/strong>: A vela n\u00e3o apenas traz um sabor delicioso, mas tamb\u00e9m envolve o ambiente com um aroma irresist\u00edvel, criando uma atmosfera perfeita para os momentos \u00edntimos.<\/p>\n<p>\u2022\u00a0<strong>Textura suave e deslizante<\/strong>: O \u00f3leo de massagem que se forma ao derreter a vela tem uma textura macia e agrad\u00e1vel, tornando-o perfeito para uma massagem corporal completa e sensual.<\/p>\n<p>&nbsp;<\/p>\n<h3><strong>Ficha T\u00e9cnica:<\/strong><\/h3>\n<p>\u2022 Cont\u00e9m: 01 Sorvete Quente Loka Sensa\u00e7\u00e3o Vela 30g;<\/p>\n<p>\u2022 Embalagem: Pl\u00e1stica;<\/p>\n<p>\u2022 Validade: Presente na embalagem.<\/p>\n<p>&nbsp;<\/p>\n<h3><strong>Qual a composi\u00e7\u00e3o da Vela?<\/strong><\/h3>\n<p>Emulsificante, Corante, Ado\u00e7ante e Parafina Comest\u00edvel.<\/p>\n<p>&nbsp;<\/p>\n<h3><strong>Como usar a Vela Sorvete Quente Loka Sensa\u00e7\u00e3o?<\/strong><\/h3>\n<p>\u2022\u00a0<strong>Acenda a vela<\/strong>: Antes de iniciar a massagem, acenda a Vela Sorvete Quente e deixe-a derreter por aproximadamente um minuto. Durante esse tempo, o calor suave ir\u00e1 transformar a vela em uma calda morna e pronta para ser usada na pele.<\/p>\n<p>\u2022\u00a0<strong>Apague a vela<\/strong>: Apague a vela com cuidado e espere alguns segundos.<\/p>\n<p>\u2022\u00a0<strong>Aplique e massageie<\/strong>: Derrame o \u00f3leo quente sobre o corpo do seu parceiro(a) e comece a massagem, aproveitando a textura deslizante e o aroma envolvente. Espalhe suavemente com as m\u00e3os, explorando cada parte do corpo com toques sensuais e carinhosos.<\/p>\n<p>&nbsp;<\/p>\n<ul>\n<li>\u2022\u00a0<strong>Deguste<\/strong>: Ap\u00f3s a massagem, aproveite o \u00f3leo comest\u00edvel, saboreando diretamente da pele do seu parceiro(a). Essa \u00e9 uma \u00f3tima maneira de esquentar o clima para o sexo.<\/li>\n<\/ul>\n","protected":false},"excerpt":{"rendered":"<h1><span style=\"color: #ff00ff\">NO PIX R$4,99<\/span><\/h1>\n","protected":false},"featured_media":4818,"comment_status":"open","ping_status":"closed","template":"","meta":[],"product_cat":[98,37,75,153],"product_tag":[],"class_list":{"0":"post-4817","1":"product","2":"type-product","3":"status-publish","4":"has-post-thumbnail","6":"product_cat-brincadeiras","7":"product_cat-cosmeticos-e-comestiveis","8":"product_cat-lubrificantes","9":"product_cat-sexo-oral","11":"first","12":"instock","13":"sale","14":"shipping-taxable","15":"purchasable","16":"product-type-simple"},"group_of_quantity":0,"min_quantity":0,"max_quantity":"","exclude_order_quantity_value_rules":"no","exclude_category_quantity_rules":"no","combine_variations":"no","_links":{"self":[{"href":"https:\/\/sorvetequente.com.br\/loja\/wp-json\/wp\/v2\/product\/4817","targetHints":{"allow":["GET"]}}],"collection":[{"href":"https:\/\/sorvetequente.com.br\/loja\/wp-json\/wp\/v2\/product"}],"about":[{"href":"https:\/\/sorvetequente.com.br\/loja\/wp-json\/wp\/v2\/types\/product"}],"replies":[{"embeddable":true,"href":"https:\/\/sorvetequente.com.br\/loja\/wp-json\/wp\/v2\/comments?post=4817"}],"wp:featuredmedia":[{"embeddable":true,"href":"https:\/\/sorvetequente.com.br\/loja\/wp-json\/wp\/v2\/media\/4818"}],"wp:attachment":[{"href":"https:\/\/sorvetequente.com.br\/loja\/wp-json\/wp\/v2\/media?parent=4817"}],"wp:term":[{"taxonomy":"product_cat","embeddable":true,"href":"https:\/\/sorvetequente.com.br\/loja\/wp-json\/wp\/v2\/product_cat?post=4817"},{"taxonomy":"product_tag","embeddable":true,"href":"https:\/\/sorvetequente.com.br\/loja\/wp-json\/wp\/v2\/product_tag?post=4817"}],"curies":[{"name":"wp","href":"https:\/\/api.w.org\/{rel}","templated":true}]}}