{"id":4797,"date":"2024-11-23T16:03:07","date_gmt":"2024-11-23T19:03:07","guid":{"rendered":"https:\/\/sorvetequente.com.br\/loja\/?post_type=product&#038;p=4797"},"modified":"2026-03-14T22:15:27","modified_gmt":"2026-03-15T01:15:27","slug":"vibe-pleasure-2-vibrador-penis-realistico-tam-220x40cm","status":"publish","type":"product","link":"https:\/\/sorvetequente.com.br\/loja\/product\/vibe-pleasure-2-vibrador-penis-realistico-tam-220x40cm\/","title":{"rendered":"Vibe Pleasure 2 vibrador P\u00eanis real\u00edstico \u2013 Tam. 22,0\u00d74,0cm"},"content":{"rendered":"<h2>P\u00eanis Real\u00edstico &#8211; Dildo 2 &#8211; Baile<\/h2>\n<p style=\"font-weight: 400\">Vibrador Dildo Real\u00edstico em formato de p\u00eanis com glande definida e textura de veias salientes ao longo do corpo, possui 1 modo de vibra\u00e7\u00e3o material macio que se assemelha a pele humana.<\/p>\n<p style=\"font-weight: 400\">Possui vibra\u00e7\u00e3o multivelocidade controlada por bot\u00e3o girat\u00f3rio na base. Com este p\u00eanis real\u00edstico o usu\u00e1rio sente prazeres diferenciados.<br \/>\nResistente a \u00e1gua.<\/p>\n<p style=\"font-weight: 400\">Modo de uso:<\/p>\n<p style=\"font-weight: 400\">Abra os compartimentos de pilhas e coloque as pilhas como indicado no interior do compartimento. Depois feche o compartimento e gire o bot\u00e3o para ligar ou desligar o vibrador.<\/p>\n<p style=\"font-weight: 400\">Material:<\/p>\n<p style=\"font-weight: 400\">PVC, ABS.<\/p>\n<p style=\"font-weight: 400\">Tipo de bateria:<\/p>\n<p style=\"font-weight: 400\">Utiliza 2 pilhas AA (n\u00e3o inclusas).<\/p>\n<p style=\"font-weight: 400\">Medidas:<\/p>\n<p style=\"font-weight: 400\">22,0 cm de comprimento Total, 4.0 cm de espessura (medidas aproximadas).<\/p>\n","protected":false},"excerpt":{"rendered":"<h1><span style=\"color: #ff00ff\">NO PIX R$24,99<\/span><\/h1>\n","protected":false},"featured_media":4798,"comment_status":"open","ping_status":"closed","template":"","meta":[],"product_cat":[66,97,76],"product_tag":[],"class_list":{"0":"post-4797","1":"product","2":"type-product","3":"status-publish","4":"has-post-thumbnail","6":"product_cat-promocao-relampago","7":"product_cat-penis-com-vibro","8":"product_cat-vibradores","10":"first","11":"instock","12":"sale","13":"shipping-taxable","14":"purchasable","15":"product-type-simple"},"group_of_quantity":0,"min_quantity":0,"max_quantity":"","exclude_order_quantity_value_rules":"no","exclude_category_quantity_rules":"no","combine_variations":"no","_links":{"self":[{"href":"https:\/\/sorvetequente.com.br\/loja\/wp-json\/wp\/v2\/product\/4797","targetHints":{"allow":["GET"]}}],"collection":[{"href":"https:\/\/sorvetequente.com.br\/loja\/wp-json\/wp\/v2\/product"}],"about":[{"href":"https:\/\/sorvetequente.com.br\/loja\/wp-json\/wp\/v2\/types\/product"}],"replies":[{"embeddable":true,"href":"https:\/\/sorvetequente.com.br\/loja\/wp-json\/wp\/v2\/comments?post=4797"}],"wp:featuredmedia":[{"embeddable":true,"href":"https:\/\/sorvetequente.com.br\/loja\/wp-json\/wp\/v2\/media\/4798"}],"wp:attachment":[{"href":"https:\/\/sorvetequente.com.br\/loja\/wp-json\/wp\/v2\/media?parent=4797"}],"wp:term":[{"taxonomy":"product_cat","embeddable":true,"href":"https:\/\/sorvetequente.com.br\/loja\/wp-json\/wp\/v2\/product_cat?post=4797"},{"taxonomy":"product_tag","embeddable":true,"href":"https:\/\/sorvetequente.com.br\/loja\/wp-json\/wp\/v2\/product_tag?post=4797"}],"curies":[{"name":"wp","href":"https:\/\/api.w.org\/{rel}","templated":true}]}}