{"id":4767,"date":"2024-11-23T14:55:54","date_gmt":"2024-11-23T17:55:54","guid":{"rendered":"https:\/\/sorvetequente.com.br\/loja\/?post_type=product&#038;p=4767"},"modified":"2025-11-02T22:26:52","modified_gmt":"2025-11-03T01:26:52","slug":"kit-com-plug-anal-rabo-coelho-tiara-grampos-de-metal-gargantilha","status":"publish","type":"product","link":"https:\/\/sorvetequente.com.br\/loja\/product\/kit-com-plug-anal-rabo-coelho-tiara-grampos-de-metal-gargantilha\/","title":{"rendered":"Kit Com Plug anal-Rabo Coelho-Tiara-Grampos de Metal-Gargantilha"},"content":{"rendered":"<h2>Kit &#8211; Rabo de Coelho com Tiara de Orelhas &#8211; Grampos para os seios em Metal e Gargantilha<\/h2>\n<p style=\"font-weight: 400\">Plug Anal Rabo de Coelho em silicone com formato c\u00f4nico que facilita a penetra\u00e7\u00e3o, produzido em silicone,<\/p>\n<p style=\"font-weight: 400\">com cauda na base extremamente macia, similar a um rabo de raposa.<\/p>\n<p style=\"font-weight: 400\">Desperta fetiches e pode provocar \u00f3timas sensa\u00e7\u00f5es.<\/p>\n<p style=\"font-weight: 400\">O formato da base permite boa fixa\u00e7\u00e3o ap\u00f3s a penetra\u00e7\u00e3o e garante remo\u00e7\u00e3o pr\u00e1tica e segura.<\/p>\n<p style=\"font-weight: 400\">Com tiara de Orelhas tamanho \u00danico.<\/p>\n<p style=\"font-weight: 400\">Grampos para seios em metal<\/p>\n<p style=\"font-weight: 400\">1 Gargantilha<\/p>\n<p style=\"font-weight: 400\">Modo de uso:<\/p>\n<p style=\"font-weight: 400\">Lubrificar antes da penetra\u00e7\u00e3o.<\/p>\n<p style=\"font-weight: 400\">Material:<\/p>\n<p style=\"font-weight: 400\">Plug em Silicone<\/p>\n<p style=\"font-weight: 400\">Medidas:<\/p>\n","protected":false},"excerpt":{"rendered":"<h1><span style=\"color: #ff00ff\">NO PIX R$35,98<\/span><\/h1>\n","protected":false},"featured_media":4768,"comment_status":"open","ping_status":"closed","template":"","meta":[],"product_cat":[33,157,134],"product_tag":[],"class_list":{"0":"post-4767","1":"product","2":"type-product","3":"status-publish","4":"has-post-thumbnail","6":"product_cat-kits","7":"product_cat-plug-anal","8":"product_cat-sexo-anal","10":"first","11":"instock","12":"sale","13":"shipping-taxable","14":"purchasable","15":"product-type-simple"},"group_of_quantity":0,"min_quantity":0,"max_quantity":"","exclude_order_quantity_value_rules":"no","exclude_category_quantity_rules":"no","combine_variations":"no","_links":{"self":[{"href":"https:\/\/sorvetequente.com.br\/loja\/wp-json\/wp\/v2\/product\/4767","targetHints":{"allow":["GET"]}}],"collection":[{"href":"https:\/\/sorvetequente.com.br\/loja\/wp-json\/wp\/v2\/product"}],"about":[{"href":"https:\/\/sorvetequente.com.br\/loja\/wp-json\/wp\/v2\/types\/product"}],"replies":[{"embeddable":true,"href":"https:\/\/sorvetequente.com.br\/loja\/wp-json\/wp\/v2\/comments?post=4767"}],"wp:featuredmedia":[{"embeddable":true,"href":"https:\/\/sorvetequente.com.br\/loja\/wp-json\/wp\/v2\/media\/4768"}],"wp:attachment":[{"href":"https:\/\/sorvetequente.com.br\/loja\/wp-json\/wp\/v2\/media?parent=4767"}],"wp:term":[{"taxonomy":"product_cat","embeddable":true,"href":"https:\/\/sorvetequente.com.br\/loja\/wp-json\/wp\/v2\/product_cat?post=4767"},{"taxonomy":"product_tag","embeddable":true,"href":"https:\/\/sorvetequente.com.br\/loja\/wp-json\/wp\/v2\/product_tag?post=4767"}],"curies":[{"name":"wp","href":"https:\/\/api.w.org\/{rel}","templated":true}]}}