{"id":4674,"date":"2024-10-28T16:25:24","date_gmt":"2024-10-28T19:25:24","guid":{"rendered":"https:\/\/sorvetequente.com.br\/loja\/?post_type=product&#038;p=4674"},"modified":"2025-11-25T18:33:57","modified_gmt":"2025-11-25T21:33:57","slug":"blow-girl-gel-aromatizante-beijavel-p-virilha-320ml-hot-flowers","status":"publish","type":"product","link":"https:\/\/sorvetequente.com.br\/loja\/product\/blow-girl-gel-aromatizante-beijavel-p-virilha-320ml-hot-flowers\/","title":{"rendered":"Blow Girl Gel Aromatizante Beij\u00e1vel P\/ Virilha 320ml Hot Flowers"},"content":{"rendered":"<p>O Blow Girl \u00e9 o produto ideal para quem deseja transformar momentos comuns em experi\u00eancias sensoriais inesquec\u00edveis. Combinando a leveza de um gel com a suavidade de um creme, este aromatizante beij\u00e1vel oferece uma textura \u00fanica, rapidamente absorvida pela pele, deixando-a macia e irresist\u00edvel, sem qualquer sensa\u00e7\u00e3o pegajosa.<\/p>\n<p>&nbsp;<\/p>\n<h3><strong>Quais s\u00e3o os benef\u00edcios do Blow Girl?<\/strong><\/h3>\n<p>&nbsp;<\/p>\n<p>Vers\u00e1til e unissex, ele pode ser usado de diversas formas: nas preliminares para uma massagem envolvente ou diretamente nas regi\u00f5es \u00edntimas vagina, p\u00eanis ou \u00e2nus. E o melhor de tudo? Por ser beij\u00e1vel, voc\u00ea pode desfrutar do delicioso sabor de morango com creme enquanto explora o corpo do(a) seu(sua) parceiro(a), criando uma conex\u00e3o sensorial \u00fanica. Sua f\u00f3rmula segura, livre de gordura hidrogenada, parabenos e a\u00e7\u00facar, faz com que ele seja compat\u00edvel com preservativos e acess\u00f3rios er\u00f3ticos, proporcionando seguran\u00e7a e prazer em todas as ocasi\u00f5es.<\/p>\n<p>&nbsp;<\/p>\n<h3><strong>Como usar o Blow Girl?<\/strong><\/h3>\n<p>&nbsp;<\/p>\n<p>A aplica\u00e7\u00e3o \u00e9 simples e envolvente:<\/p>\n<p>&nbsp;<\/p>\n<ul>\n<li style=\"list-style-type: none\">\n<ul>\n<li>\u2022 Comece com um banho relaxante e prepare o ambiente.<\/li>\n<\/ul>\n<\/li>\n<\/ul>\n<p>&nbsp;<\/p>\n<ul>\n<li style=\"list-style-type: none\">\n<ul>\n<li>\u2022 Aplique o Blow Girl sobre a pele, massageando suavemente em movimentos circulares.<\/li>\n<\/ul>\n<\/li>\n<\/ul>\n<p>&nbsp;<\/p>\n<ul>\n<li style=\"list-style-type: none\">\n<ul>\n<li>\u2022 Explore, toque e experimente, permitindo que cada car\u00edcia e lambida intensifique a conex\u00e3o entre voc\u00eas.<\/li>\n<\/ul>\n<\/li>\n<\/ul>\n<p>&nbsp;<\/p>\n<h3><strong>O Blow Girl \u00e9 comest\u00edvel?<\/strong><\/h3>\n<p>&nbsp;<\/p>\n<p>Esse n\u00e3o \u00e9 o prop\u00f3sito inicial do Gel Aromatizante, mas sua formula\u00e7\u00e3o permite que ele seja beij\u00e1vel, ou seja, caso seja ingerido n\u00e3o ir\u00e1 causar nenhum risco a sua sa\u00fade e bem-estar.<\/p>\n<p>&nbsp;<\/p>\n<h3><strong>Ficha T\u00e9cnica:<\/strong><\/h3>\n<p>&nbsp;<\/p>\n<ul>\n<li style=\"list-style-type: none\">\n<ul>\n<li>\u2022 Cont\u00e9m: 1 Gel 320ml;<\/li>\n<\/ul>\n<\/li>\n<\/ul>\n<p>&nbsp;<\/p>\n<ul>\n<li style=\"list-style-type: none\">\n<ul>\n<li>\u2022 Embalagem: Frasco com V\u00e1lvula Pump;<\/li>\n<\/ul>\n<\/li>\n<\/ul>\n<p>&nbsp;<\/p>\n<ul>\n<li>\u2022 Validade: Presente na embalagem.<\/li>\n<\/ul>\n","protected":false},"excerpt":{"rendered":"<h1><span style=\"color: #ff00ff\">NO PIX R$29,99<\/span><\/h1>\n","protected":false},"featured_media":4676,"comment_status":"open","ping_status":"closed","template":"","meta":[],"product_cat":[37,173,16],"product_tag":[],"class_list":{"0":"post-4674","1":"product","2":"type-product","3":"status-publish","4":"has-post-thumbnail","6":"product_cat-cosmeticos-e-comestiveis","7":"product_cat-higiene-e-banho","8":"product_cat-para-ela","10":"first","11":"instock","12":"sale","13":"shipping-taxable","14":"purchasable","15":"product-type-simple"},"group_of_quantity":0,"min_quantity":0,"max_quantity":"","exclude_order_quantity_value_rules":"no","exclude_category_quantity_rules":"no","combine_variations":"no","_links":{"self":[{"href":"https:\/\/sorvetequente.com.br\/loja\/wp-json\/wp\/v2\/product\/4674","targetHints":{"allow":["GET"]}}],"collection":[{"href":"https:\/\/sorvetequente.com.br\/loja\/wp-json\/wp\/v2\/product"}],"about":[{"href":"https:\/\/sorvetequente.com.br\/loja\/wp-json\/wp\/v2\/types\/product"}],"replies":[{"embeddable":true,"href":"https:\/\/sorvetequente.com.br\/loja\/wp-json\/wp\/v2\/comments?post=4674"}],"wp:featuredmedia":[{"embeddable":true,"href":"https:\/\/sorvetequente.com.br\/loja\/wp-json\/wp\/v2\/media\/4676"}],"wp:attachment":[{"href":"https:\/\/sorvetequente.com.br\/loja\/wp-json\/wp\/v2\/media?parent=4674"}],"wp:term":[{"taxonomy":"product_cat","embeddable":true,"href":"https:\/\/sorvetequente.com.br\/loja\/wp-json\/wp\/v2\/product_cat?post=4674"},{"taxonomy":"product_tag","embeddable":true,"href":"https:\/\/sorvetequente.com.br\/loja\/wp-json\/wp\/v2\/product_tag?post=4674"}],"curies":[{"name":"wp","href":"https:\/\/api.w.org\/{rel}","templated":true}]}}