{"id":4661,"date":"2024-10-27T21:56:11","date_gmt":"2024-10-28T00:56:11","guid":{"rendered":"https:\/\/sorvetequente.com.br\/loja\/?post_type=product&#038;p=4661"},"modified":"2025-12-12T23:07:55","modified_gmt":"2025-12-13T02:07:55","slug":"bolinha-de-pompoar-cromada-com-4-unidades-pau-brasil","status":"publish","type":"product","link":"https:\/\/sorvetequente.com.br\/loja\/product\/bolinha-de-pompoar-cromada-com-4-unidades-pau-brasil\/","title":{"rendered":"Bolinha de Pompoar Cromada com 4 Unidades Pau Brasil"},"content":{"rendered":"<p><strong>ACOMPANHA MANUAL<\/strong><\/p>\n<p>Desenvolvidas em material de excelente qualidade, as bolinhas de pompoar ajudam a evoluir sua\u00a0<strong>vida sexual<\/strong>, sendo uma \u00f3tima companheira para a realiza\u00e7\u00e3o da famosa\u00a0<strong>gin\u00e1stica \u00edntima<\/strong>, priorizando acima de tudo a sua\u00a0<strong>seguran\u00e7a\u00a0<\/strong>e o seu\u00a0<strong>prazer<\/strong>.<\/p>\n<h3><strong>Para que serve a Bolinha da Pau Brasil?<\/strong><\/h3>\n<p>Sempre existe um jeito de evoluir, \u00e9 muito importante estar em busca do desenvolvimento pessoal, principalmente quando o assunto principal \u00e9 o conhecimento pelo pr\u00f3prio corpo, Bolinha de Pompoar foi criada especialmente para que mulheres possam ir em busca de novas fontes de prazer, principalmente porque esse acess\u00f3rio tem grande potencial para\u00a0<strong>estimular a musculatura<\/strong>\u00a0vaginal e anal, proporcionando melhor desempenho e te fazendo surpreender at\u00e9 mesmo quem a acompanha, ao colocar suas novas t\u00e9cnicas em pratica.<\/p>\n<h3><strong>O que \u00e9 Pompoarismo?<\/strong><\/h3>\n<p>O\u00a0<strong>pompoarismo\u00a0<\/strong>\u00e9 uma t\u00e9cnica milenar que consiste em exerc\u00edcios de contra\u00e7\u00e3o e relaxamento dos m\u00fasculos do per\u00edneo, proporcionando uma\u00a0<strong>sa\u00fade \u00edntima\u00a0<\/strong>mais saud\u00e1vel, seja f\u00edsica ou at\u00e9 mesmo psicol\u00f3gica.<\/p>\n<p>Esse exerc\u00edcio \u00e9 muito praticado por mulheres que buscam uma\u00a0<strong>vida sexual\u00a0<\/strong>mais prazerosa, tanto para voc\u00ea quanto para seu parceiro, j\u00e1 que ambos sentir\u00e3o a diferen\u00e7a ap\u00f3s as pr\u00e1ticas.<\/p>\n<p>O m\u00e9todo permite que voc\u00ea possa\u00a0<strong>massagear\u00a0<\/strong>e\u00a0<strong>pressionar\u00a0<\/strong>o \u00f3rg\u00e3o\u00a0<strong>sexual\u00a0<\/strong>masculino com os m\u00fasculos da\u00a0<strong>vagina\u00a0<\/strong>durante a rela\u00e7\u00e3o, onde os dois poder\u00e3o sentir muito prazer.<\/p>\n<h3><strong>Quais os Benef\u00edcis do Pompoarismo?<\/strong><\/h3>\n<ul>\n<li>\u2022 Autoconhecimento;<\/li>\n<li>\u2022 Facilita no orgasmo;<\/li>\n<li>\u2022 Ajuda no vaginismo;<\/li>\n<li>\u2022 Maior prazer sexual;<\/li>\n<li>\u2022 Fortalecimento dos m\u00fasculos;<\/li>\n<li>\u2022 Preven\u00e7\u00e3o de incontin\u00eancia urin\u00e1ria.<\/li>\n<\/ul>\n<h3><strong>Ficha T\u00e9cnica<\/strong><\/h3>\n<ul>\n<li>\u2022\u00a0<strong>Cont\u00e9m:<\/strong>\u00a002 Bolinha de Pompoar;<\/li>\n<li>\u2022\u00a0<strong>Medidas:<\/strong>\u00a032,0 mm de di\u00e2metro (medidas aproximadas).<\/li>\n<li>\u2022\u00a0<strong>Embalagem<\/strong>: Caixa.<\/li>\n<li>\u2022\u00a0<strong>Validade:<\/strong>\u00a0Indeterminado.<\/li>\n<\/ul>\n<h3><strong>Qual a composi\u00e7\u00e3o da Bolinha Cromada?<\/strong><\/h3>\n<p>As esferas s\u00e3o desenvolvidas em ABS Cromado com c\u00e1psula interna de a\u00e7o cromado e Cord\u00e3o de Silicone.<\/p>\n<h3><strong>Como usar as bolinhas de pompoar?<\/strong><\/h3>\n<p>Realize a higieniza\u00e7\u00e3o da Bolinha Tailandesa conforme o passo a passo descrito e siga as recomenda\u00e7\u00f5es.<\/p>\n<p>Insira a bolinha na vagina e tente sugar as bolinhas seguintes sempre que poss\u00edvel apenas com a for\u00e7a da contra\u00e7\u00e3o do m\u00fasculo vaginal.<\/p>\n<p>Depois de introduzir as bolinhas, realize o processo de \u201cexpuls\u00e3o\u201d, expelindo as bolinhas da vagina uma a uma, realizando apenas o relaxamento da musculatura do assoalho p\u00e9lvico.<\/p>\n<p>Caso note que a bolinha esteja caindo sem nenhum tipo de empenho, realize uma contra\u00e7\u00e3o de assoalho para sustent\u00e1-lo e toda essa movimenta\u00e7\u00e3o deve durar no m\u00e1ximo\u00a0<strong>20 minutos<\/strong>. E outro modo muito eficiente de us\u00e1-lo \u00e9 a escolha de bolinhas mais pesadas, que far\u00e3o com que voc\u00ea exer\u00e7a mais for\u00e7a para n\u00e3o ca\u00ed-lo.<\/p>\n<h3><strong>Como higienizar a Bolinha Tailandesa para Pompoar?<\/strong><\/h3>\n<p>Higienize com \u00e1gua e sab\u00e3o neutro antes e ap\u00f3s o uso e n\u00e3o compartilhar, podendo lavar em \u00e1gua abundante sem medo.<\/p>\n","protected":false},"excerpt":{"rendered":"<h1><span style=\"color: #ff00ff\">NO PIX R$25,42<\/span><\/h1>\n","protected":false},"featured_media":4667,"comment_status":"open","ping_status":"closed","template":"","meta":[],"product_cat":[15,23,16],"product_tag":[],"class_list":{"0":"post-4661","1":"product","2":"type-product","3":"status-publish","4":"has-post-thumbnail","6":"product_cat-promocoes","7":"product_cat-acessorios","8":"product_cat-para-ela","10":"first","11":"instock","12":"sale","13":"shipping-taxable","14":"purchasable","15":"product-type-simple"},"group_of_quantity":0,"min_quantity":0,"max_quantity":"","exclude_order_quantity_value_rules":"no","exclude_category_quantity_rules":"no","combine_variations":"no","_links":{"self":[{"href":"https:\/\/sorvetequente.com.br\/loja\/wp-json\/wp\/v2\/product\/4661","targetHints":{"allow":["GET"]}}],"collection":[{"href":"https:\/\/sorvetequente.com.br\/loja\/wp-json\/wp\/v2\/product"}],"about":[{"href":"https:\/\/sorvetequente.com.br\/loja\/wp-json\/wp\/v2\/types\/product"}],"replies":[{"embeddable":true,"href":"https:\/\/sorvetequente.com.br\/loja\/wp-json\/wp\/v2\/comments?post=4661"}],"wp:featuredmedia":[{"embeddable":true,"href":"https:\/\/sorvetequente.com.br\/loja\/wp-json\/wp\/v2\/media\/4667"}],"wp:attachment":[{"href":"https:\/\/sorvetequente.com.br\/loja\/wp-json\/wp\/v2\/media?parent=4661"}],"wp:term":[{"taxonomy":"product_cat","embeddable":true,"href":"https:\/\/sorvetequente.com.br\/loja\/wp-json\/wp\/v2\/product_cat?post=4661"},{"taxonomy":"product_tag","embeddable":true,"href":"https:\/\/sorvetequente.com.br\/loja\/wp-json\/wp\/v2\/product_tag?post=4661"}],"curies":[{"name":"wp","href":"https:\/\/api.w.org\/{rel}","templated":true}]}}