{"id":4592,"date":"2024-10-18T23:45:50","date_gmt":"2024-10-19T02:45:50","guid":{"rendered":"https:\/\/sorvetequente.com.br\/loja\/?post_type=product&#038;p=4592"},"modified":"2026-03-12T12:13:48","modified_gmt":"2026-03-12T15:13:48","slug":"pomada-tiger-dragon-chinesinha-7g-garji","status":"publish","type":"product","link":"https:\/\/sorvetequente.com.br\/loja\/product\/pomada-tiger-dragon-chinesinha-7g-garji\/","title":{"rendered":"Pomada Tiger Dragon Chinesinha 7g Garji"},"content":{"rendered":"<div class=\"flex items-center gap-2 mb-4 undefined\">\n<h2 class=\"text-2xl font-black text-[26px] text-red-wine\">DESCRI\u00c7\u00c3O<\/h2>\n<\/div>\n<div class=\"text-black [&amp;_a]:text-pink\">\n<p>O Gel para Massagem Tiger Dragon Chinesinha re\u00fane os segredos da cosm\u00e9tica oriental. Esquenta muito, e depois d\u00e1 sensa\u00e7\u00e3o de gelar, mas \u00e9 somente sensa\u00e7\u00e3o, essa pomada \u00e9 um show de sensa\u00e7\u00f5es.<\/p>\n<p>Cont\u00e9m: 7gr<\/p>\n<p>Modo de Usar: Aplicar na regi\u00e3o \u00edntima aproximadamente 20 minutos antes da rela\u00e7\u00e3o, seu efeito passageiro dura em m\u00e9dia 12 horas.<\/p>\n<p>Precau\u00e7\u00f5es: Usar somente no canal vaginal, n\u00e3o usar na parte externa da vagina. Evitar expor produtos ao calor excessivo e o contato com os olhos. Em caso de irrita\u00e7\u00e3o suspenda o uso.<\/p>\n<\/div>\n","protected":false},"excerpt":{"rendered":"<h1><span style=\"color: #ff00ff\">NO PIX R$3,98<\/span><\/h1>\n","protected":false},"featured_media":4641,"comment_status":"open","ping_status":"closed","template":"","meta":[],"product_cat":[37],"product_tag":[],"class_list":{"0":"post-4592","1":"product","2":"type-product","3":"status-publish","4":"has-post-thumbnail","6":"product_cat-cosmeticos-e-comestiveis","8":"first","9":"instock","10":"sale","11":"shipping-taxable","12":"purchasable","13":"product-type-simple"},"group_of_quantity":0,"min_quantity":0,"max_quantity":"","exclude_order_quantity_value_rules":"no","exclude_category_quantity_rules":"no","combine_variations":"no","_links":{"self":[{"href":"https:\/\/sorvetequente.com.br\/loja\/wp-json\/wp\/v2\/product\/4592","targetHints":{"allow":["GET"]}}],"collection":[{"href":"https:\/\/sorvetequente.com.br\/loja\/wp-json\/wp\/v2\/product"}],"about":[{"href":"https:\/\/sorvetequente.com.br\/loja\/wp-json\/wp\/v2\/types\/product"}],"replies":[{"embeddable":true,"href":"https:\/\/sorvetequente.com.br\/loja\/wp-json\/wp\/v2\/comments?post=4592"}],"wp:featuredmedia":[{"embeddable":true,"href":"https:\/\/sorvetequente.com.br\/loja\/wp-json\/wp\/v2\/media\/4641"}],"wp:attachment":[{"href":"https:\/\/sorvetequente.com.br\/loja\/wp-json\/wp\/v2\/media?parent=4592"}],"wp:term":[{"taxonomy":"product_cat","embeddable":true,"href":"https:\/\/sorvetequente.com.br\/loja\/wp-json\/wp\/v2\/product_cat?post=4592"},{"taxonomy":"product_tag","embeddable":true,"href":"https:\/\/sorvetequente.com.br\/loja\/wp-json\/wp\/v2\/product_tag?post=4592"}],"curies":[{"name":"wp","href":"https:\/\/api.w.org\/{rel}","templated":true}]}}