{"id":4498,"date":"2024-09-16T17:43:13","date_gmt":"2024-09-16T20:43:13","guid":{"rendered":"https:\/\/sorvetequente.com.br\/loja\/?post_type=product&#038;p=4498"},"modified":"2025-12-15T13:30:10","modified_gmt":"2025-12-15T16:30:10","slug":"plug-anal-de-silicone-com-pedra-redonda-tamanho-p","status":"publish","type":"product","link":"https:\/\/sorvetequente.com.br\/loja\/product\/plug-anal-de-silicone-com-pedra-redonda-tamanho-p\/","title":{"rendered":"Plug Anal de silicone com pedra redonda tamanho P"},"content":{"rendered":"<p>O Plug anal silicone\u00a0 esta dispon\u00edvel em <strong>cores\u00a0<\/strong>lindas, seu material \u00e9 em\u00a0<strong>silicone\u00a0<\/strong>que proporciona uma penetra\u00e7\u00e3o mais\u00a0<strong>macia\u00a0<\/strong>e confort\u00e1vel, a pedra \u00e9\u00a0<strong>surpresa\u00a0<\/strong>dando um charme a mais para o\u00a0<strong>sextoy<\/strong>.<\/p>\n<h3><strong>Para que serve o Plug Anal Silicone?<\/strong><\/h3>\n<p>Um dos brinquedos mais queridos do\u00a0<strong>sex shop\u00a0<\/strong>\u00e9 o Plug Anal silicone, ele quebra tabus e ajuda a\u00a0<strong>estimular\u00a0<\/strong>e dilatar a regi\u00e3o anal para receber a penetra\u00e7\u00e3o. Tanto homem quanto mulher possui diversas termina\u00e7\u00f5es nervosas nessa regi\u00e3o, que ao ser estimulada proporciona\u00a0<strong>orgasmos\u00a0<\/strong>e sensa\u00e7\u00f5es de prazer.<\/p>\n<p>Dispon\u00edvel nos tamanhos\u00a0<strong>P, M e G<\/strong>, voc\u00ea pode se aventurar e escolher o tamanho ideal para voc\u00ea, o P \u00e9 indicado para quem \u00e9\u00a0<strong>iniciante\u00a0<\/strong>na pr\u00e1tica e deseja entender como funciona, e o G \u00e9 indicado para quem j\u00e1 pratica e quer aumentar as estimula\u00e7\u00f5es.<\/p>\n<h2><strong>Quais os benef\u00edcios do Plug Anal Silicone?<\/strong><\/h2>\n<h3><strong>Conforto Duradouro<\/strong><\/h3>\n<p>Desfrute de horas de conforto com o\u00a0<strong>plug anal silicone<\/strong>\u00a0de alta qualidade. Feito com material macio e flex\u00edvel, este plug \u00e9 perfeito para iniciantes e experientes.<\/p>\n<h3><strong>Prazer Intenso<\/strong><\/h3>\n<p>Experimente sensa\u00e7\u00f5es intensas com o design c\u00f4nico que permite uma inser\u00e7\u00e3o suave e confort\u00e1vel. A base alargada garante seguran\u00e7a durante a utiliza\u00e7\u00e3o, para que possa desfrutar do prazer sem preocupa\u00e7\u00f5es<\/p>\n<h3><strong>F\u00e1cil de Limpar<\/strong><\/h3>\n<p>O silicone de qualidade m\u00e9dica torna a limpeza deste\u00a0<strong>plug anal silicone<\/strong>\u00a0r\u00e1pida e f\u00e1cil. Basta lavar com \u00e1gua morna e sab\u00e3o neutro, ou utilizar um limpador de brinquedos espec\u00edfico, para manter o seu plug sempre pronto para a pr\u00f3xima aventura.<\/p>\n<h3><strong>Ficha T\u00e9cnica do Plug Anal Sex Toys &#8211; Sex Shop<\/strong><\/h3>\n<ul>\n<li><strong>Cont\u00e9m:<\/strong>\u00a001 Plug Anal Silicone;<\/li>\n<li><strong>Informa\u00e7\u00e3o Adicional:<\/strong>\u00a0O pre\u00e7o pode variar conforme o tamanho escolhido, sendo diferente entre os tamanhos Pequeno, M\u00e9dio e Grande. A cor da pedra \u00e9 enviada aleatoriamente (sem op\u00e7\u00e3o de escolha);<\/li>\n<li><strong>Medidas:<\/strong><\/li>\n<li><strong>Tamanho P:<\/strong>\u00a07 cm de comprimento e 2,8 cm de espessura (medidas aproximadas);<\/li>\n<\/ul>\n","protected":false},"excerpt":{"rendered":"<h1><span style=\"color: #ff00ff\">NO PIX R$8,49<\/span><\/h1>\n<p>&nbsp;<\/p>\n","protected":false},"featured_media":4685,"comment_status":"open","ping_status":"closed","template":"","meta":[],"product_cat":[23,157,134],"product_tag":[],"class_list":{"0":"post-4498","1":"product","2":"type-product","3":"status-publish","4":"has-post-thumbnail","6":"product_cat-acessorios","7":"product_cat-plug-anal","8":"product_cat-sexo-anal","10":"first","11":"instock","12":"sale","13":"shipping-taxable","14":"purchasable","15":"product-type-variable"},"group_of_quantity":0,"min_quantity":0,"max_quantity":"","exclude_order_quantity_value_rules":"no","exclude_category_quantity_rules":"no","combine_variations":"no","_links":{"self":[{"href":"https:\/\/sorvetequente.com.br\/loja\/wp-json\/wp\/v2\/product\/4498","targetHints":{"allow":["GET"]}}],"collection":[{"href":"https:\/\/sorvetequente.com.br\/loja\/wp-json\/wp\/v2\/product"}],"about":[{"href":"https:\/\/sorvetequente.com.br\/loja\/wp-json\/wp\/v2\/types\/product"}],"replies":[{"embeddable":true,"href":"https:\/\/sorvetequente.com.br\/loja\/wp-json\/wp\/v2\/comments?post=4498"}],"wp:featuredmedia":[{"embeddable":true,"href":"https:\/\/sorvetequente.com.br\/loja\/wp-json\/wp\/v2\/media\/4685"}],"wp:attachment":[{"href":"https:\/\/sorvetequente.com.br\/loja\/wp-json\/wp\/v2\/media?parent=4498"}],"wp:term":[{"taxonomy":"product_cat","embeddable":true,"href":"https:\/\/sorvetequente.com.br\/loja\/wp-json\/wp\/v2\/product_cat?post=4498"},{"taxonomy":"product_tag","embeddable":true,"href":"https:\/\/sorvetequente.com.br\/loja\/wp-json\/wp\/v2\/product_tag?post=4498"}],"curies":[{"name":"wp","href":"https:\/\/api.w.org\/{rel}","templated":true}]}}