{"id":4368,"date":"2024-07-21T20:20:39","date_gmt":"2024-07-21T23:20:39","guid":{"rendered":"https:\/\/sorvetequente.com.br\/loja\/?post_type=product&#038;p=4368"},"modified":"2024-07-21T20:20:40","modified_gmt":"2024-07-21T23:20:40","slug":"vibrador-de-ponto-g-e-clitoris-scaleid-com-12-modos-pulsacao","status":"publish","type":"product","link":"https:\/\/sorvetequente.com.br\/loja\/product\/vibrador-de-ponto-g-e-clitoris-scaleid-com-12-modos-pulsacao\/","title":{"rendered":"Vibrador de ponto G e clit\u00f3ris Scaleid com 12 modos pulsa\u00e7\u00e3o"},"content":{"rendered":"<h2>Vibrador de ponto G e clit\u00f3ris Scaleid Recarreg\u00e1vel<\/h2>\n<p style=\"font-weight: 400\">\u00c9 um vibrador recarreg\u00e1vel com estimulador de cl\u00edtoris.<\/p>\n<p style=\"font-weight: 400\">O estimulador vibra simultaneamente com o vibrador principal\u00a0em uma programa\u00e7\u00e3o com<\/p>\n<p style=\"font-weight: 400\">12 modos de vibra\u00e7\u00e3o, 12 modos de Pulsa\u00e7\u00e3o.<\/p>\n<p style=\"font-weight: 400\">fabricado em\u00a0silicone macio e suave ao toque.<\/p>\n<p style=\"font-weight: 400\">Possui ainda, leve curvatura para estimula\u00e7\u00e3o do ponto G e design ideal que facilita\u00a0o manuseio, produto silencioso.<\/p>\n<p style=\"font-weight: 400\">Modo de uso: Para ligar\/desligar aperte o bot\u00e3o &#8220;power&#8221; no controle do vibrador, para mudar a vibra\u00e7\u00e3o basta aperta o bot\u00e3o &#8220;\u2652&#8221;.<\/p>\n<p style=\"font-weight: 400\">Material: Silicone.<\/p>\n<p style=\"font-weight: 400\"><span data-ccp-props=\"{&quot;201341983&quot;:0,&quot;335551550&quot;:1,&quot;335551620&quot;:1,&quot;335559739&quot;:160,&quot;335559740&quot;:259}\">Tipo de bateria: <\/span>Recarreg\u00e1vel via USB.<\/p>\n<p style=\"font-weight: 400\">Medidas: 19,0 cm de comprimento, por 3,0 cm de di\u00e2metro na ponta.\u00a0(medidas aproximadas).<\/p>\n<p style=\"font-weight: 400\">Higieniza\u00e7\u00e3o: Lavar com \u00e1gua e sab\u00e3o neutro antes e ap\u00f3s o uso, evite molhar o compartimento de recarga.<\/p>\n","protected":false},"excerpt":{"rendered":"<h1><span style=\"color: #ff00ff\">NO PIX R$86,72<\/span><\/h1>\n","protected":false},"featured_media":4369,"comment_status":"open","ping_status":"closed","template":"","meta":[],"product_cat":[15,19,76],"product_tag":[],"class_list":{"0":"post-4368","1":"product","2":"type-product","3":"status-publish","4":"has-post-thumbnail","6":"product_cat-promocoes","7":"product_cat-novidades","8":"product_cat-vibradores","10":"first","11":"instock","12":"sale","13":"shipping-taxable","14":"purchasable","15":"product-type-simple"},"group_of_quantity":0,"min_quantity":0,"max_quantity":"","exclude_order_quantity_value_rules":"no","exclude_category_quantity_rules":"no","combine_variations":"no","_links":{"self":[{"href":"https:\/\/sorvetequente.com.br\/loja\/wp-json\/wp\/v2\/product\/4368","targetHints":{"allow":["GET"]}}],"collection":[{"href":"https:\/\/sorvetequente.com.br\/loja\/wp-json\/wp\/v2\/product"}],"about":[{"href":"https:\/\/sorvetequente.com.br\/loja\/wp-json\/wp\/v2\/types\/product"}],"replies":[{"embeddable":true,"href":"https:\/\/sorvetequente.com.br\/loja\/wp-json\/wp\/v2\/comments?post=4368"}],"wp:featuredmedia":[{"embeddable":true,"href":"https:\/\/sorvetequente.com.br\/loja\/wp-json\/wp\/v2\/media\/4369"}],"wp:attachment":[{"href":"https:\/\/sorvetequente.com.br\/loja\/wp-json\/wp\/v2\/media?parent=4368"}],"wp:term":[{"taxonomy":"product_cat","embeddable":true,"href":"https:\/\/sorvetequente.com.br\/loja\/wp-json\/wp\/v2\/product_cat?post=4368"},{"taxonomy":"product_tag","embeddable":true,"href":"https:\/\/sorvetequente.com.br\/loja\/wp-json\/wp\/v2\/product_tag?post=4368"}],"curies":[{"name":"wp","href":"https:\/\/api.w.org\/{rel}","templated":true}]}}