{"id":4327,"date":"2024-07-20T19:57:14","date_gmt":"2024-07-20T22:57:14","guid":{"rendered":"https:\/\/sorvetequente.com.br\/loja\/?post_type=product&#038;p=4327"},"modified":"2025-02-22T23:43:57","modified_gmt":"2025-02-23T02:43:57","slug":"vibrador-ponto-g-pincel-blush-com-10-modos-vibracao-recarregavel","status":"publish","type":"product","link":"https:\/\/sorvetequente.com.br\/loja\/product\/vibrador-ponto-g-pincel-blush-com-10-modos-vibracao-recarregavel\/","title":{"rendered":"Vibrador ponto G Pincel blush com 7 modos vibra\u00e7\u00e3o Recarreg\u00e1vel"},"content":{"rendered":"<h2>Vibrador de Ponto G &#8211; Pincel de Blush<\/h2>\n<p style=\"font-weight: 400\">Vibrador de Ponto G em Formato de Pincel de Maquiagem, Possui 7 Modos de vibra\u00e7\u00e3o na ponta .<\/p>\n<p style=\"font-weight: 400\">O produto \u00e9 macio ao toque ergon\u00f4mico, o que facilita o manuseio e a estimula\u00e7\u00e3o, trazendo uma sensa\u00e7\u00e3o prazerosa do uso.<\/p>\n<p style=\"font-weight: 400\">Resistente a \u00e1gua<\/p>\n<p style=\"font-weight: 400\">Modo de uso:<\/p>\n<p style=\"font-weight: 400\">Para ligar\/desligar aperte o bot\u00e3o e segure por 3 segundos, aperte 2 vezes para iniciar a vibra\u00e7\u00e3o.<\/p>\n<p style=\"font-weight: 400\">Material:<\/p>\n<p style=\"font-weight: 400\">Silicone.<\/p>\n<p style=\"font-weight: 400\">Tipo de bateria:<\/p>\n<p style=\"font-weight: 400\">Recarreg\u00e1vel via USB.<\/p>\n<p style=\"font-weight: 400\">Medidas:<\/p>\n<p style=\"font-weight: 400\">17,0 cm de comprimento, 2,7 cm de di\u00e2metro (medidas aproximadas).<\/p>\n","protected":false},"excerpt":{"rendered":"<h1><span style=\"color: #ff00ff\">NO PIX R$39,99<\/span><\/h1>\n","protected":false},"featured_media":5443,"comment_status":"open","ping_status":"closed","template":"","meta":[],"product_cat":[15,19,16,76],"product_tag":[],"class_list":{"0":"post-4327","1":"product","2":"type-product","3":"status-publish","4":"has-post-thumbnail","6":"product_cat-promocoes","7":"product_cat-novidades","8":"product_cat-para-ela","9":"product_cat-vibradores","11":"first","12":"instock","13":"sale","14":"shipping-taxable","15":"purchasable","16":"product-type-simple"},"group_of_quantity":0,"min_quantity":0,"max_quantity":"","exclude_order_quantity_value_rules":"no","exclude_category_quantity_rules":"no","combine_variations":"no","_links":{"self":[{"href":"https:\/\/sorvetequente.com.br\/loja\/wp-json\/wp\/v2\/product\/4327","targetHints":{"allow":["GET"]}}],"collection":[{"href":"https:\/\/sorvetequente.com.br\/loja\/wp-json\/wp\/v2\/product"}],"about":[{"href":"https:\/\/sorvetequente.com.br\/loja\/wp-json\/wp\/v2\/types\/product"}],"replies":[{"embeddable":true,"href":"https:\/\/sorvetequente.com.br\/loja\/wp-json\/wp\/v2\/comments?post=4327"}],"wp:featuredmedia":[{"embeddable":true,"href":"https:\/\/sorvetequente.com.br\/loja\/wp-json\/wp\/v2\/media\/5443"}],"wp:attachment":[{"href":"https:\/\/sorvetequente.com.br\/loja\/wp-json\/wp\/v2\/media?parent=4327"}],"wp:term":[{"taxonomy":"product_cat","embeddable":true,"href":"https:\/\/sorvetequente.com.br\/loja\/wp-json\/wp\/v2\/product_cat?post=4327"},{"taxonomy":"product_tag","embeddable":true,"href":"https:\/\/sorvetequente.com.br\/loja\/wp-json\/wp\/v2\/product_tag?post=4327"}],"curies":[{"name":"wp","href":"https:\/\/api.w.org\/{rel}","templated":true}]}}