{"id":4271,"date":"2024-06-30T19:56:42","date_gmt":"2024-06-30T22:56:42","guid":{"rendered":"https:\/\/sorvetequente.com.br\/loja\/?post_type=product&#038;p=4271"},"modified":"2026-03-03T13:28:54","modified_gmt":"2026-03-03T16:28:54","slug":"robe-sensual-rendado-ana-julia-pimenta-sexy-tamanho-unico","status":"publish","type":"product","link":"https:\/\/sorvetequente.com.br\/loja\/product\/robe-sensual-rendado-ana-julia-pimenta-sexy-tamanho-unico\/","title":{"rendered":"Robe sensual rendado Ana J\u00falia Pimenta sexy &#8211; Tamanho \u00fanico"},"content":{"rendered":"<p>Robe Ana J\u00falia<\/p>\n<p>&nbsp;<\/p>\n<p><strong>Tamanho:\u00a0<\/strong>\u00danico<\/p>\n<h3>(Veste do 36 ao 44)<\/h3>\n","protected":false},"excerpt":{"rendered":"<h1><span style=\"color: #ff00ff\">NO PIX R$39,99<\/span><\/h1>\n","protected":false},"featured_media":4275,"comment_status":"open","ping_status":"closed","template":"","meta":[],"product_cat":[34,181],"product_tag":[],"class_list":{"0":"post-4271","1":"product","2":"type-product","3":"status-publish","4":"has-post-thumbnail","6":"product_cat-lingeries","7":"product_cat-robe","9":"first","10":"instock","11":"sale","12":"shipping-taxable","13":"purchasable","14":"product-type-variable"},"group_of_quantity":0,"min_quantity":0,"max_quantity":"","exclude_order_quantity_value_rules":"no","exclude_category_quantity_rules":"no","combine_variations":"no","_links":{"self":[{"href":"https:\/\/sorvetequente.com.br\/loja\/wp-json\/wp\/v2\/product\/4271","targetHints":{"allow":["GET"]}}],"collection":[{"href":"https:\/\/sorvetequente.com.br\/loja\/wp-json\/wp\/v2\/product"}],"about":[{"href":"https:\/\/sorvetequente.com.br\/loja\/wp-json\/wp\/v2\/types\/product"}],"replies":[{"embeddable":true,"href":"https:\/\/sorvetequente.com.br\/loja\/wp-json\/wp\/v2\/comments?post=4271"}],"wp:featuredmedia":[{"embeddable":true,"href":"https:\/\/sorvetequente.com.br\/loja\/wp-json\/wp\/v2\/media\/4275"}],"wp:attachment":[{"href":"https:\/\/sorvetequente.com.br\/loja\/wp-json\/wp\/v2\/media?parent=4271"}],"wp:term":[{"taxonomy":"product_cat","embeddable":true,"href":"https:\/\/sorvetequente.com.br\/loja\/wp-json\/wp\/v2\/product_cat?post=4271"},{"taxonomy":"product_tag","embeddable":true,"href":"https:\/\/sorvetequente.com.br\/loja\/wp-json\/wp\/v2\/product_tag?post=4271"}],"curies":[{"name":"wp","href":"https:\/\/api.w.org\/{rel}","templated":true}]}}