{"id":4256,"date":"2024-06-30T17:58:26","date_gmt":"2024-06-30T20:58:26","guid":{"rendered":"https:\/\/sorvetequente.com.br\/loja\/?post_type=product&#038;p=4256"},"modified":"2024-12-25T21:40:13","modified_gmt":"2024-12-26T00:40:13","slug":"camisete-liga-plus-size-na-cor-branca-pimenta-sexy-tamanho-unico","status":"publish","type":"product","link":"https:\/\/sorvetequente.com.br\/loja\/product\/camisete-liga-plus-size-na-cor-branca-pimenta-sexy-tamanho-unico\/","title":{"rendered":"Camisete liga plus size na cor branca Pimenta sexy Tamanho \u00fanico"},"content":{"rendered":"<p>Camisola em renda com detalhes incr\u00edveis e com uma leve transparencia. Com esse modelo al\u00e9m de te deixar muito sensual, voc\u00ea ter\u00e1 todo o conforto durante o uso. Perfeito para uma noite romantica com o parceiro.<\/p>\n<p><strong>Ficha T\u00e9cnica:<\/strong><br \/>\n<strong>Cont\u00e9m:\u00a0<\/strong>Camisete com Cinta liga, Calcinha e Luvas.<br \/>\n<strong>Composi\u00e7\u00e3o:<\/strong><br \/>\n86% Poliamida<br \/>\n14% Elastano<br \/>\n<strong>Tecido:<\/strong><br \/>\n100% Poliamida<\/p>\n<p>Tamanho \u00fanico, veste 44 a 50.<\/p>\n","protected":false},"excerpt":{"rendered":"<h1><span style=\"color: #ff00ff\">NO PIX R$37,49<\/span><\/h1>\n","protected":false},"featured_media":4258,"comment_status":"open","ping_status":"closed","template":"","meta":[],"product_cat":[160,34,180],"product_tag":[],"class_list":{"0":"post-4256","1":"product","2":"type-product","3":"status-publish","4":"has-post-thumbnail","6":"product_cat-camisolas","7":"product_cat-lingeries","8":"product_cat-plus-size","10":"first","11":"instock","12":"sale","13":"shipping-taxable","14":"purchasable","15":"product-type-simple"},"group_of_quantity":0,"min_quantity":0,"max_quantity":"","exclude_order_quantity_value_rules":"no","exclude_category_quantity_rules":"no","combine_variations":"no","_links":{"self":[{"href":"https:\/\/sorvetequente.com.br\/loja\/wp-json\/wp\/v2\/product\/4256","targetHints":{"allow":["GET"]}}],"collection":[{"href":"https:\/\/sorvetequente.com.br\/loja\/wp-json\/wp\/v2\/product"}],"about":[{"href":"https:\/\/sorvetequente.com.br\/loja\/wp-json\/wp\/v2\/types\/product"}],"replies":[{"embeddable":true,"href":"https:\/\/sorvetequente.com.br\/loja\/wp-json\/wp\/v2\/comments?post=4256"}],"wp:featuredmedia":[{"embeddable":true,"href":"https:\/\/sorvetequente.com.br\/loja\/wp-json\/wp\/v2\/media\/4258"}],"wp:attachment":[{"href":"https:\/\/sorvetequente.com.br\/loja\/wp-json\/wp\/v2\/media?parent=4256"}],"wp:term":[{"taxonomy":"product_cat","embeddable":true,"href":"https:\/\/sorvetequente.com.br\/loja\/wp-json\/wp\/v2\/product_cat?post=4256"},{"taxonomy":"product_tag","embeddable":true,"href":"https:\/\/sorvetequente.com.br\/loja\/wp-json\/wp\/v2\/product_tag?post=4256"}],"curies":[{"name":"wp","href":"https:\/\/api.w.org\/{rel}","templated":true}]}}