{"id":4233,"date":"2024-06-29T19:43:59","date_gmt":"2024-06-29T22:43:59","guid":{"rendered":"https:\/\/sorvetequente.com.br\/loja\/?post_type=product&#038;p=4233"},"modified":"2026-03-12T12:13:48","modified_gmt":"2026-03-12T15:13:48","slug":"tanga-lacarote-pimenta-sexy","status":"publish","type":"product","link":"https:\/\/sorvetequente.com.br\/loja\/product\/tanga-lacarote-pimenta-sexy\/","title":{"rendered":"Tanga La\u00e7arote Pimenta sexy"},"content":{"rendered":"<p>Tanga La\u00e7arote Pimenta Sexy<\/p>\n<p>Perfeito para apimentar sua noite.<\/p>\n<p>Tanga confeccionada em tule com perneira para tran\u00e7ar as pernas e la\u00e7o em cetim na parte de tr\u00e1s.<\/p>\n<p>Tamanho \u00fanico, veste do P ao G.<\/p>\n","protected":false},"excerpt":{"rendered":"<h1><span style=\"color: #ff00ff\">NO PIX R$7,99<\/span><\/h1>\n","protected":false},"featured_media":4234,"comment_status":"open","ping_status":"closed","template":"","meta":[],"product_cat":[23,158,159,35,34,16],"product_tag":[],"class_list":{"0":"post-4233","1":"product","2":"type-product","3":"status-publish","4":"has-post-thumbnail","6":"product_cat-acessorios","7":"product_cat-body","8":"product_cat-conjunto","9":"product_cat-fantasias","10":"product_cat-lingeries","11":"product_cat-para-ela","13":"first","14":"instock","15":"sale","16":"shipping-taxable","17":"purchasable","18":"product-type-simple"},"group_of_quantity":0,"min_quantity":0,"max_quantity":"","exclude_order_quantity_value_rules":"no","exclude_category_quantity_rules":"no","combine_variations":"no","_links":{"self":[{"href":"https:\/\/sorvetequente.com.br\/loja\/wp-json\/wp\/v2\/product\/4233","targetHints":{"allow":["GET"]}}],"collection":[{"href":"https:\/\/sorvetequente.com.br\/loja\/wp-json\/wp\/v2\/product"}],"about":[{"href":"https:\/\/sorvetequente.com.br\/loja\/wp-json\/wp\/v2\/types\/product"}],"replies":[{"embeddable":true,"href":"https:\/\/sorvetequente.com.br\/loja\/wp-json\/wp\/v2\/comments?post=4233"}],"wp:featuredmedia":[{"embeddable":true,"href":"https:\/\/sorvetequente.com.br\/loja\/wp-json\/wp\/v2\/media\/4234"}],"wp:attachment":[{"href":"https:\/\/sorvetequente.com.br\/loja\/wp-json\/wp\/v2\/media?parent=4233"}],"wp:term":[{"taxonomy":"product_cat","embeddable":true,"href":"https:\/\/sorvetequente.com.br\/loja\/wp-json\/wp\/v2\/product_cat?post=4233"},{"taxonomy":"product_tag","embeddable":true,"href":"https:\/\/sorvetequente.com.br\/loja\/wp-json\/wp\/v2\/product_tag?post=4233"}],"curies":[{"name":"wp","href":"https:\/\/api.w.org\/{rel}","templated":true}]}}