{"id":4219,"date":"2024-06-29T17:24:06","date_gmt":"2024-06-29T20:24:06","guid":{"rendered":"https:\/\/sorvetequente.com.br\/loja\/?post_type=product&#038;p=4219"},"modified":"2024-06-29T17:24:07","modified_gmt":"2024-06-29T20:24:07","slug":"body-sensual-arrastao-pimenta-sexy-tamanho-unico","status":"publish","type":"product","link":"https:\/\/sorvetequente.com.br\/loja\/product\/body-sensual-arrastao-pimenta-sexy-tamanho-unico\/","title":{"rendered":"Body sensual Arrast\u00e3o Pimenta sexy &#8211; Tamanho \u00fanico"},"content":{"rendered":"<p>Body Arrast\u00e3o Pimenta Sexy<\/p>\n<p>Produzido em tecido sint\u00e9tico, ajusta facilmente do tamanho P ao G.<\/p>\n<p>Cont\u00e9m:<br \/>\n01 Body<\/p>\n<p>Tamanho \u00danico<\/p>\n","protected":false},"excerpt":{"rendered":"<h1><span style=\"color: #ff00ff\">NO PIX R$29,99<\/span><\/h1>\n","protected":false},"featured_media":4223,"comment_status":"open","ping_status":"closed","template":"","meta":[],"product_cat":[158,34],"product_tag":[],"class_list":{"0":"post-4219","1":"product","2":"type-product","3":"status-publish","4":"has-post-thumbnail","6":"product_cat-body","7":"product_cat-lingeries","9":"first","10":"instock","11":"sale","12":"shipping-taxable","13":"purchasable","14":"product-type-variable"},"group_of_quantity":0,"min_quantity":0,"max_quantity":"","exclude_order_quantity_value_rules":"no","exclude_category_quantity_rules":"no","combine_variations":"no","_links":{"self":[{"href":"https:\/\/sorvetequente.com.br\/loja\/wp-json\/wp\/v2\/product\/4219","targetHints":{"allow":["GET"]}}],"collection":[{"href":"https:\/\/sorvetequente.com.br\/loja\/wp-json\/wp\/v2\/product"}],"about":[{"href":"https:\/\/sorvetequente.com.br\/loja\/wp-json\/wp\/v2\/types\/product"}],"replies":[{"embeddable":true,"href":"https:\/\/sorvetequente.com.br\/loja\/wp-json\/wp\/v2\/comments?post=4219"}],"wp:featuredmedia":[{"embeddable":true,"href":"https:\/\/sorvetequente.com.br\/loja\/wp-json\/wp\/v2\/media\/4223"}],"wp:attachment":[{"href":"https:\/\/sorvetequente.com.br\/loja\/wp-json\/wp\/v2\/media?parent=4219"}],"wp:term":[{"taxonomy":"product_cat","embeddable":true,"href":"https:\/\/sorvetequente.com.br\/loja\/wp-json\/wp\/v2\/product_cat?post=4219"},{"taxonomy":"product_tag","embeddable":true,"href":"https:\/\/sorvetequente.com.br\/loja\/wp-json\/wp\/v2\/product_tag?post=4219"}],"curies":[{"name":"wp","href":"https:\/\/api.w.org\/{rel}","templated":true}]}}