{"id":4106,"date":"2024-06-15T16:36:21","date_gmt":"2024-06-15T19:36:21","guid":{"rendered":"https:\/\/sorvetequente.com.br\/loja\/?post_type=product&#038;p=4106"},"modified":"2026-03-27T18:36:20","modified_gmt":"2026-03-27T21:36:20","slug":"plug-anal-aco-com-pedra-cristal-brilhante-redonda-tamanho-p","status":"publish","type":"product","link":"https:\/\/sorvetequente.com.br\/loja\/product\/plug-anal-aco-com-pedra-cristal-brilhante-redonda-tamanho-p\/","title":{"rendered":"Plug anal a\u00e7o com pedra cristal brilhante redonda tamanho P"},"content":{"rendered":"<p>Plug Anal tamanho P este \u00e9 um acess\u00f3rio er\u00f3tico diferente que serve como estimulador anal em brincadeiras fetichistas, principalmente em jogos de domina\u00e7\u00e3o e submiss\u00e3o. \u00c9 ideal para dilata\u00e7\u00e3o anal, pois sua espessura \u00e9 diferente em todo seu comprimento. Peso aproximado 50g.<\/p>\n<p>Modo de uso:<br \/>\nLubrificar antes da penetra\u00e7\u00e3o<\/p>\n<p>Material:<br \/>\nA\u00e7o inoxid\u00e1vel com Pedra Sint\u00e9tica<\/p>\n<p>Medidas:<br \/>\n7 cm de comprimento, 2,8 cm de espessura (medidas aproximadas)<\/p>\n","protected":false},"excerpt":{"rendered":"<h1><span style=\"color: #ff00ff\">NO PIX R$8,89<\/span><\/h1>\n","protected":false},"featured_media":4542,"comment_status":"open","ping_status":"closed","template":"","meta":[],"product_cat":[15,157,32],"product_tag":[],"class_list":{"0":"post-4106","1":"product","2":"type-product","3":"status-publish","4":"has-post-thumbnail","6":"product_cat-promocoes","7":"product_cat-plug-anal","8":"product_cat-sado-fetiche","10":"first","11":"instock","12":"sale","13":"shipping-taxable","14":"purchasable","15":"product-type-variable"},"group_of_quantity":0,"min_quantity":0,"max_quantity":"","exclude_order_quantity_value_rules":"no","exclude_category_quantity_rules":"no","combine_variations":"no","_links":{"self":[{"href":"https:\/\/sorvetequente.com.br\/loja\/wp-json\/wp\/v2\/product\/4106","targetHints":{"allow":["GET"]}}],"collection":[{"href":"https:\/\/sorvetequente.com.br\/loja\/wp-json\/wp\/v2\/product"}],"about":[{"href":"https:\/\/sorvetequente.com.br\/loja\/wp-json\/wp\/v2\/types\/product"}],"replies":[{"embeddable":true,"href":"https:\/\/sorvetequente.com.br\/loja\/wp-json\/wp\/v2\/comments?post=4106"}],"wp:featuredmedia":[{"embeddable":true,"href":"https:\/\/sorvetequente.com.br\/loja\/wp-json\/wp\/v2\/media\/4542"}],"wp:attachment":[{"href":"https:\/\/sorvetequente.com.br\/loja\/wp-json\/wp\/v2\/media?parent=4106"}],"wp:term":[{"taxonomy":"product_cat","embeddable":true,"href":"https:\/\/sorvetequente.com.br\/loja\/wp-json\/wp\/v2\/product_cat?post=4106"},{"taxonomy":"product_tag","embeddable":true,"href":"https:\/\/sorvetequente.com.br\/loja\/wp-json\/wp\/v2\/product_tag?post=4106"}],"curies":[{"name":"wp","href":"https:\/\/api.w.org\/{rel}","templated":true}]}}