{"id":4007,"date":"2024-04-05T20:54:39","date_gmt":"2024-04-05T23:54:39","guid":{"rendered":"https:\/\/sorvetequente.com.br\/loja\/?post_type=product&#038;p=4007"},"modified":"2026-03-30T17:28:21","modified_gmt":"2026-03-30T20:28:21","slug":"vibrador-sorvete-quente-varinha-magica-c-10-modos-recarregavel","status":"publish","type":"product","link":"https:\/\/sorvetequente.com.br\/loja\/product\/vibrador-sorvete-quente-varinha-magica-c-10-modos-recarregavel\/","title":{"rendered":"Vibrador Sorvete Quente Varinha M\u00e1gica c\/ 10 Modos Recarreg\u00e1vel"},"content":{"rendered":"<p>VIBRADOR MASSAGEADOR SORVETE QUENTE COM 10 VIBRA\u00c7\u00d5ES RECAREG\u00c1VEL<\/p>\n<p>O vibrador massageador Sorvete Quente recarreg\u00e1vel foi desenvolvido em silicone ABS super macio.<br \/>\nPossui 10 modos de vibra\u00e7\u00f5es, com detalhe em sua extremidade onde conecta o seu carregador.<br \/>\nCom formato de sorvete em uma de suas pontas possui relevo para maior estimulo.<\/p>\n<p>Cont\u00e9m: 01 vibrador e 01 cabo usb.<br \/>\nProduto: 15&#215;4,3cm.<\/p>\n<p>Material: ABS+Silicone.<\/p>\n<p>Higieniza\u00e7\u00e3o:<br \/>\nLavar com \u00e1gua e sab\u00e3o neutro antes e ap\u00f3s o uso, tome cuidado para n\u00e3o deixar cair \u00e1gua no compartimento de pilhas.<br \/>\nSeque com papel toalha ou deixe secar naturalmente.<br \/>\nDepois de seco guarde seu vibrador na embalagem original.<br \/>\nN\u00e3o compartilhar e n\u00e3o expor a temperatura superior a 50\u00b0C.<\/p>\n","protected":false},"excerpt":{"rendered":"<h1><span style=\"color: #ff00ff\">NO PIX R$48,97<\/span><\/h1>\n","protected":false},"featured_media":4008,"comment_status":"open","ping_status":"closed","template":"","meta":[],"product_cat":[76],"product_tag":[],"class_list":{"0":"post-4007","1":"product","2":"type-product","3":"status-publish","4":"has-post-thumbnail","6":"product_cat-vibradores","8":"first","9":"instock","10":"sale","11":"shipping-taxable","12":"purchasable","13":"product-type-simple"},"group_of_quantity":0,"min_quantity":0,"max_quantity":"","exclude_order_quantity_value_rules":"no","exclude_category_quantity_rules":"no","combine_variations":"no","_links":{"self":[{"href":"https:\/\/sorvetequente.com.br\/loja\/wp-json\/wp\/v2\/product\/4007","targetHints":{"allow":["GET"]}}],"collection":[{"href":"https:\/\/sorvetequente.com.br\/loja\/wp-json\/wp\/v2\/product"}],"about":[{"href":"https:\/\/sorvetequente.com.br\/loja\/wp-json\/wp\/v2\/types\/product"}],"replies":[{"embeddable":true,"href":"https:\/\/sorvetequente.com.br\/loja\/wp-json\/wp\/v2\/comments?post=4007"}],"wp:featuredmedia":[{"embeddable":true,"href":"https:\/\/sorvetequente.com.br\/loja\/wp-json\/wp\/v2\/media\/4008"}],"wp:attachment":[{"href":"https:\/\/sorvetequente.com.br\/loja\/wp-json\/wp\/v2\/media?parent=4007"}],"wp:term":[{"taxonomy":"product_cat","embeddable":true,"href":"https:\/\/sorvetequente.com.br\/loja\/wp-json\/wp\/v2\/product_cat?post=4007"},{"taxonomy":"product_tag","embeddable":true,"href":"https:\/\/sorvetequente.com.br\/loja\/wp-json\/wp\/v2\/product_tag?post=4007"}],"curies":[{"name":"wp","href":"https:\/\/api.w.org\/{rel}","templated":true}]}}