{"id":3913,"date":"2024-04-02T17:15:13","date_gmt":"2024-04-02T20:15:13","guid":{"rendered":"https:\/\/sorvetequente.com.br\/loja\/?post_type=product&#038;p=3913"},"modified":"2024-07-25T21:33:32","modified_gmt":"2024-07-26T00:33:32","slug":"vibrador-ponto-g-e-clitoris-c-10-modos-de-vibracao-recarregavel","status":"publish","type":"product","link":"https:\/\/sorvetequente.com.br\/loja\/product\/vibrador-ponto-g-e-clitoris-c-10-modos-de-vibracao-recarregavel\/","title":{"rendered":"Vibrador ponto G e clit\u00f3ris c\/ 10 modos de vibra\u00e7\u00e3o recarreg\u00e1vel"},"content":{"rendered":"<h2>Vibrador de Ponto G e Clit\u00f3ris Aveludado<\/h2>\n<p style=\"font-weight: 400\">\n<p style=\"font-weight: 400\">Vibrador ponto G e clit\u00f3ris \u00e9 composto por silicone, material macio e com um toque aveludado.<\/p>\n<p style=\"font-weight: 400\">Tem 10 modos de Vibra\u00e7\u00f5es.<\/p>\n<p style=\"font-weight: 400\">Produto resistente \u00e0 \u00e1gua.<\/p>\n<p style=\"font-weight: 400\">\n<p style=\"font-weight: 400\">Modo de uso: Lubrificar antes da penetra\u00e7\u00e3o.<\/p>\n<p style=\"font-weight: 400\">\n<p style=\"font-weight: 400\">Tipo de bateria: Recarreg\u00e1vel via USB\/Tomada.<\/p>\n<p style=\"font-weight: 400\">\n<p style=\"font-weight: 400\">Material: Silicone<\/p>\n<p style=\"font-weight: 400\">\nMedidas: 18,7 cm de comprimento total, 3,0 cm de espessura ponto (medidas aproximadas).<\/p>\n<p style=\"font-weight: 400\">\n<p style=\"font-weight: 400\">Higieniza\u00e7\u00e3o: Guarde na embalagem original. N\u00e3o compartilhar e n\u00e3o expor a temperatura superior a 50\u00b0C.<\/p>\n","protected":false},"excerpt":{"rendered":"<h1><span style=\"color: #ff00ff\">NO PIX R$78,72<\/span><\/h1>\n","protected":false},"featured_media":3922,"comment_status":"open","ping_status":"closed","template":"","meta":[],"product_cat":[76],"product_tag":[],"class_list":{"0":"post-3913","1":"product","2":"type-product","3":"status-publish","4":"has-post-thumbnail","6":"product_cat-vibradores","8":"first","9":"instock","10":"sale","11":"shipping-taxable","12":"purchasable","13":"product-type-simple"},"group_of_quantity":0,"min_quantity":0,"max_quantity":"","exclude_order_quantity_value_rules":"no","exclude_category_quantity_rules":"no","combine_variations":"no","_links":{"self":[{"href":"https:\/\/sorvetequente.com.br\/loja\/wp-json\/wp\/v2\/product\/3913","targetHints":{"allow":["GET"]}}],"collection":[{"href":"https:\/\/sorvetequente.com.br\/loja\/wp-json\/wp\/v2\/product"}],"about":[{"href":"https:\/\/sorvetequente.com.br\/loja\/wp-json\/wp\/v2\/types\/product"}],"replies":[{"embeddable":true,"href":"https:\/\/sorvetequente.com.br\/loja\/wp-json\/wp\/v2\/comments?post=3913"}],"wp:featuredmedia":[{"embeddable":true,"href":"https:\/\/sorvetequente.com.br\/loja\/wp-json\/wp\/v2\/media\/3922"}],"wp:attachment":[{"href":"https:\/\/sorvetequente.com.br\/loja\/wp-json\/wp\/v2\/media?parent=3913"}],"wp:term":[{"taxonomy":"product_cat","embeddable":true,"href":"https:\/\/sorvetequente.com.br\/loja\/wp-json\/wp\/v2\/product_cat?post=3913"},{"taxonomy":"product_tag","embeddable":true,"href":"https:\/\/sorvetequente.com.br\/loja\/wp-json\/wp\/v2\/product_tag?post=3913"}],"curies":[{"name":"wp","href":"https:\/\/api.w.org\/{rel}","templated":true}]}}