{"id":3886,"date":"2024-04-02T14:24:34","date_gmt":"2024-04-02T17:24:34","guid":{"rendered":"https:\/\/sorvetequente.com.br\/loja\/?post_type=product&#038;p=3886"},"modified":"2024-04-02T14:24:34","modified_gmt":"2024-04-02T17:24:34","slug":"vibrador-cupcake-de-clitoris-c-lingua-e-10-modos-de-estimulacao","status":"publish","type":"product","link":"https:\/\/sorvetequente.com.br\/loja\/product\/vibrador-cupcake-de-clitoris-c-lingua-e-10-modos-de-estimulacao\/","title":{"rendered":"Vibrador cupcake de clit\u00f3ris c\/ l\u00edngua e 10 modos de estimula\u00e7\u00e3o"},"content":{"rendered":"<h2>Vibrador de Clit\u00f3ris &#8211; Cupcake &#8211; Recarreg\u00e1vel<\/h2>\n<p style=\"font-weight: 400\">\n<p style=\"font-weight: 400\">Vibrador de\u00a0clit\u00f3ris em formato de cupcake &#8211;\u00a0Possui 10 Modos de estimula\u00e7\u00e3o, o produto \u00e9 macio ao toque ergon\u00f4mico,<\/p>\n<p style=\"font-weight: 400\">o que facilita o manuseio e a estimula\u00e7\u00e3o, trazendo uma sensa\u00e7\u00e3o prazerosa do uso.<\/p>\n<p style=\"font-weight: 400\">100% a Prova de \u00e1gua.<\/p>\n<p style=\"font-weight: 400\">\n<p style=\"font-weight: 400\">Modo de uso:<\/p>\n<p style=\"font-weight: 400\">Para ligar\/desligar aperte o bot\u00e3o e segure por 3 segundos, aperte 2 vezes para iniciar a vibra\u00e7\u00e3o.<\/p>\n<p style=\"font-weight: 400\">\n<p style=\"font-weight: 400\">Material: Silicone.<\/p>\n<p style=\"font-weight: 400\">Tipo de bateria: Recarreg\u00e1vel via USB.<\/p>\n<p style=\"font-weight: 400\">\n<p style=\"font-weight: 400\">Medidas:\u00a0 7,7 cm de comprimento, 5,5 cm de di\u00e2metro (medidas aproximadas).<\/p>\n","protected":false},"excerpt":{"rendered":"<h1><span style=\"color: #ff00ff\">NO PIX R$67,86<\/span><\/h1>\n","protected":false},"featured_media":3887,"comment_status":"open","ping_status":"closed","template":"","meta":[],"product_cat":[16,76],"product_tag":[],"class_list":{"0":"post-3886","1":"product","2":"type-product","3":"status-publish","4":"has-post-thumbnail","6":"product_cat-para-ela","7":"product_cat-vibradores","9":"first","10":"instock","11":"sale","12":"shipping-taxable","13":"purchasable","14":"product-type-simple"},"group_of_quantity":0,"min_quantity":0,"max_quantity":"","exclude_order_quantity_value_rules":"no","exclude_category_quantity_rules":"no","combine_variations":"no","_links":{"self":[{"href":"https:\/\/sorvetequente.com.br\/loja\/wp-json\/wp\/v2\/product\/3886","targetHints":{"allow":["GET"]}}],"collection":[{"href":"https:\/\/sorvetequente.com.br\/loja\/wp-json\/wp\/v2\/product"}],"about":[{"href":"https:\/\/sorvetequente.com.br\/loja\/wp-json\/wp\/v2\/types\/product"}],"replies":[{"embeddable":true,"href":"https:\/\/sorvetequente.com.br\/loja\/wp-json\/wp\/v2\/comments?post=3886"}],"wp:featuredmedia":[{"embeddable":true,"href":"https:\/\/sorvetequente.com.br\/loja\/wp-json\/wp\/v2\/media\/3887"}],"wp:attachment":[{"href":"https:\/\/sorvetequente.com.br\/loja\/wp-json\/wp\/v2\/media?parent=3886"}],"wp:term":[{"taxonomy":"product_cat","embeddable":true,"href":"https:\/\/sorvetequente.com.br\/loja\/wp-json\/wp\/v2\/product_cat?post=3886"},{"taxonomy":"product_tag","embeddable":true,"href":"https:\/\/sorvetequente.com.br\/loja\/wp-json\/wp\/v2\/product_tag?post=3886"}],"curies":[{"name":"wp","href":"https:\/\/api.w.org\/{rel}","templated":true}]}}