{"id":3877,"date":"2024-03-31T18:56:20","date_gmt":"2024-03-31T21:56:20","guid":{"rendered":"https:\/\/sorvetequente.com.br\/loja\/?post_type=product&#038;p=3877"},"modified":"2025-02-23T00:03:13","modified_gmt":"2025-02-23T03:03:13","slug":"vibrador-duas-pontas-dream-lovers-12-modos-de-vibracao","status":"publish","type":"product","link":"https:\/\/sorvetequente.com.br\/loja\/product\/vibrador-duas-pontas-dream-lovers-12-modos-de-vibracao\/","title":{"rendered":"Vibrador duas pontas Dream Lover&#8217;s 12 modos de vibra\u00e7\u00e3o"},"content":{"rendered":"<h2>Dream Lover&#8217;s Whip &#8211; Pretty Love<\/h2>\n<p style=\"font-weight: 400\">O vibrador duas pontas possui um formato incr\u00edvel que proporciona liberdade para ser usado como sua imagina\u00e7\u00e3o permitir.\u00a0No clit\u00f3ris, seios e Ponto G, conta com 12 fun\u00e7\u00f5es de vibra\u00e7\u00f5es, \u00e9 fabricado em silicone\u00a0soft-touch. Esse vibrador ainda possui dois motores, ou seja, vibra nas duas extremidades, proporcionando muito mais prazer.<\/p>\n<p style=\"font-weight: 400\">Produto \u00e0 prova d&#8217;\u00e1gua.<span data-ccp-props=\"{&quot;201341983&quot;:0,&quot;335551550&quot;:1,&quot;335551620&quot;:1,&quot;335559739&quot;:160,&quot;335559740&quot;:259}\">\u00a0<\/span><\/p>\n<p style=\"font-weight: 400\">Modo de uso: Para ligar\/desligar e alterar as fun\u00e7\u00f5es de vibra\u00e7\u00e3o basta pressionar os bot\u00f5es localizados no pr\u00f3prio vibrador.<\/p>\n<p style=\"font-weight: 400\">Material: Silicone.<\/p>\n<p style=\"font-weight: 400\">Tipo de bateria: Recarreg\u00e1vel via USB\/Tomada.<\/p>\n<p style=\"font-weight: 400\">Medidas: 65 cm de comprimento, 3,5\u00a0cm de espessura (medidas aproximadas).<span data-ccp-props=\"{&quot;201341983&quot;:0,&quot;335551550&quot;:1,&quot;335551620&quot;:1,&quot;335559739&quot;:160,&quot;335559740&quot;:259}\"><br \/>\n<\/span><\/p>\n","protected":false},"excerpt":{"rendered":"<h1><span style=\"color: #ff00ff\">NO PIX R$129,95<\/span><\/h1>\n","protected":false},"featured_media":3878,"comment_status":"open","ping_status":"closed","template":"","meta":[],"product_cat":[16,76],"product_tag":[],"class_list":{"0":"post-3877","1":"product","2":"type-product","3":"status-publish","4":"has-post-thumbnail","6":"product_cat-para-ela","7":"product_cat-vibradores","9":"first","10":"instock","11":"sale","12":"shipping-taxable","13":"purchasable","14":"product-type-simple"},"group_of_quantity":0,"min_quantity":0,"max_quantity":"","exclude_order_quantity_value_rules":"no","exclude_category_quantity_rules":"no","combine_variations":"no","_links":{"self":[{"href":"https:\/\/sorvetequente.com.br\/loja\/wp-json\/wp\/v2\/product\/3877","targetHints":{"allow":["GET"]}}],"collection":[{"href":"https:\/\/sorvetequente.com.br\/loja\/wp-json\/wp\/v2\/product"}],"about":[{"href":"https:\/\/sorvetequente.com.br\/loja\/wp-json\/wp\/v2\/types\/product"}],"replies":[{"embeddable":true,"href":"https:\/\/sorvetequente.com.br\/loja\/wp-json\/wp\/v2\/comments?post=3877"}],"wp:featuredmedia":[{"embeddable":true,"href":"https:\/\/sorvetequente.com.br\/loja\/wp-json\/wp\/v2\/media\/3878"}],"wp:attachment":[{"href":"https:\/\/sorvetequente.com.br\/loja\/wp-json\/wp\/v2\/media?parent=3877"}],"wp:term":[{"taxonomy":"product_cat","embeddable":true,"href":"https:\/\/sorvetequente.com.br\/loja\/wp-json\/wp\/v2\/product_cat?post=3877"},{"taxonomy":"product_tag","embeddable":true,"href":"https:\/\/sorvetequente.com.br\/loja\/wp-json\/wp\/v2\/product_tag?post=3877"}],"curies":[{"name":"wp","href":"https:\/\/api.w.org\/{rel}","templated":true}]}}