{"id":3852,"date":"2024-03-31T17:37:09","date_gmt":"2024-03-31T20:37:09","guid":{"rendered":"https:\/\/sorvetequente.com.br\/loja\/?post_type=product&#038;p=3852"},"modified":"2025-07-28T08:06:12","modified_gmt":"2025-07-28T11:06:12","slug":"vibrador-classico-personal-de-13-cm-aveludado","status":"publish","type":"product","link":"https:\/\/sorvetequente.com.br\/loja\/product\/vibrador-classico-personal-de-13-cm-aveludado\/","title":{"rendered":"Vibrador cl\u00e1ssico personal de 13 cm &#8211; Aveludado"},"content":{"rendered":"<h2>Vibrador Cl\u00e1ssico Personal de 13 cm &#8211; Aveludado<\/h2>\n<p style=\"font-weight: 400\">Vibrador Personal \u00e9 o acess\u00f3rio er\u00f3tico ideal para quem procura um Vibrador potente e silencioso.<\/p>\n<p style=\"font-weight: 400\">Com um controle de vibra\u00e7\u00e3o inteligente, voc\u00ea pode ir da intensidade mais fraca at\u00e9 a mais forte girando a parte inferior da tampa.<br \/>\nEste \u00e9 tipo de vibrador mais vers\u00e1til e costuma ser o primeiro vibrador da maioria das mulheres.<\/p>\n<p style=\"font-weight: 400\">\u00d3timo para penetra\u00e7\u00e3o vaginal, anal e estimula\u00e7\u00e3o do clit\u00f3ris.<\/p>\n<p style=\"font-weight: 400\">Seu formato cil\u00edndrico e b\u00e1sico torna seu uso f\u00e1cil, sendo que este vibrador pode ser usado por mulheres, homens e em casal.<\/p>\n<p style=\"font-weight: 400\">Uma das suas vantagens \u00e9 poder ser usado junto com outros produtos er\u00f3ticos como anel peniano e capa peniana.<\/p>\n<p style=\"font-weight: 400\">Experimente e tenha em um s\u00f3 vibrador v\u00e1rias sensa\u00e7\u00f5es!!<\/p>\n<p style=\"font-weight: 400\">Modo de uso: Desrosquei a tampa localizada na parte inferior de seu Vibrador e coloque uma pilha tamanho m\u00e9dio (AA) com o lado<\/p>\n<p style=\"font-weight: 400\">positivo voltado para baixo, feche seu Vibrador e gire a parte inferior da tampa. Quando n\u00e3o estiver usando o produto, retire as pilhas.<\/p>\n<p style=\"font-weight: 400\">Material: ABS.<\/p>\n<p style=\"font-weight: 400\"><span data-ccp-props=\"{&quot;201341983&quot;:0,&quot;335551550&quot;:1,&quot;335551620&quot;:1,&quot;335559739&quot;:160,&quot;335559740&quot;:259}\">Tipo de bateria: <\/span>Utiliza 1 pilhas AA (n\u00e3o inclusas).<\/p>\n<p style=\"font-weight: 400\">Medidas: 13 cm de comprimento e 2 cm de espessura (medidas aproximadas).<\/p>\n","protected":false},"excerpt":{"rendered":"<h1><span style=\"color: #ff00ff\">NO PIX R$13,49<\/span><\/h1>\n","protected":false},"featured_media":3853,"comment_status":"open","ping_status":"closed","template":"","meta":[],"product_cat":[16,43,76],"product_tag":[],"class_list":{"0":"post-3852","1":"product","2":"type-product","3":"status-publish","4":"has-post-thumbnail","6":"product_cat-para-ela","7":"product_cat-para-ele","8":"product_cat-vibradores","10":"first","11":"instock","12":"sale","13":"shipping-taxable","14":"purchasable","15":"product-type-variable"},"group_of_quantity":0,"min_quantity":0,"max_quantity":"","exclude_order_quantity_value_rules":"no","exclude_category_quantity_rules":"no","combine_variations":"no","_links":{"self":[{"href":"https:\/\/sorvetequente.com.br\/loja\/wp-json\/wp\/v2\/product\/3852","targetHints":{"allow":["GET"]}}],"collection":[{"href":"https:\/\/sorvetequente.com.br\/loja\/wp-json\/wp\/v2\/product"}],"about":[{"href":"https:\/\/sorvetequente.com.br\/loja\/wp-json\/wp\/v2\/types\/product"}],"replies":[{"embeddable":true,"href":"https:\/\/sorvetequente.com.br\/loja\/wp-json\/wp\/v2\/comments?post=3852"}],"wp:featuredmedia":[{"embeddable":true,"href":"https:\/\/sorvetequente.com.br\/loja\/wp-json\/wp\/v2\/media\/3853"}],"wp:attachment":[{"href":"https:\/\/sorvetequente.com.br\/loja\/wp-json\/wp\/v2\/media?parent=3852"}],"wp:term":[{"taxonomy":"product_cat","embeddable":true,"href":"https:\/\/sorvetequente.com.br\/loja\/wp-json\/wp\/v2\/product_cat?post=3852"},{"taxonomy":"product_tag","embeddable":true,"href":"https:\/\/sorvetequente.com.br\/loja\/wp-json\/wp\/v2\/product_tag?post=3852"}],"curies":[{"name":"wp","href":"https:\/\/api.w.org\/{rel}","templated":true}]}}